{"id":18281,"date":"2017-06-21T08:08:41","date_gmt":"2017-06-21T05:08:41","guid":{"rendered":"https:\/\/www.halber.ro\/%d1%81%d1%80%d0%b0%d0%b2%d0%bd%d0%b8\/"},"modified":"2017-06-21T08:08:41","modified_gmt":"2017-06-21T05:08:41","slug":"%d1%81%d1%80%d0%b0%d0%b2%d0%bd%d0%b8","status":"publish","type":"page","link":"https:\/\/www.halber.ro\/bg\/%d1%81%d1%80%d0%b0%d0%b2%d0%bd%d0%b8\/","title":{"rendered":"\u0421\u0440\u0430\u0432\u043d\u0438"},"content":{"rendered":"\t\t<div class=\"wd-empty-block wd-empty-compare\">\n\t\t\t<h2 class=\"wd-empty-block-title\">\n\t\t\t\t\u0421\u043f\u0438\u0441\u044a\u043a\u044a\u0442 \u0437\u0430 \u0441\u0440\u0430\u0432\u043d\u0435\u043d\u0438\u0435 \u0435 \u043f\u0440\u0430\u0437\u0435\u043d.\t\t\t<\/h2>\n\t\t\t\t\t\t\t<p class=\"wd-empty-block-text\">\n\t\t\t\t\tNu exist\u0103 produse ad\u0103ugate \u00een lista de comparare. Trebuie s\u0103 ad\u0103uga\u021bi c\u00e2teva produse pentru a le compara.<br> Ve\u021bi g\u0103si o mul\u021bime de produse interesante pe pagina noastr\u0103 \u201eShop\u201d.\r\n\t\t\t\t<\/p>\n\t\t\t\t\t\t<a class=\"button btn btn-accent wd-empty-block-btn\" href=\"https:\/\/www.halber.ro\/shop\/\">\n\t\t\t\t\u0412\u044a\u0440\u043d\u0435\u0442\u0435 \u0441\u0435 \u0432 \u043c\u0430\u0433\u0430\u0437\u0438\u043d\u0430\t\t\t<\/a>\n\t\t<\/div>\n\t\t\n","protected":false},"excerpt":{"rendered":"\u0421\u043f\u0438\u0441\u044a\u043a\u044a\u0442 \u0437\u0430 \u0441\u0440\u0430\u0432\u043d\u0435\u043d\u0438\u0435 \u0435 \u043f\u0440\u0430\u0437\u0435\u043d. Nu exist\u0103 produse ad\u0103ugate \u00een lista de comparare. Trebuie s\u0103 ad\u0103uga\u021bi c\u00e2teva produse pentru a","protected":false},"author":33,"featured_media":0,"parent":0,"menu_order":0,"comment_status":"closed","ping_status":"closed","template":"","meta":{"footnotes":""},"class_list":["post-18281","page","type-page","status-publish","hentry"],"yoast_head":"<!-- This site is optimized with the Yoast SEO plugin v27.3 - https:\/\/yoast.com\/product\/yoast-seo-wordpress\/ -->\n<title>\u0421\u0440\u0430\u0432\u043d\u0438 - halber<\/title>\n<meta name=\"description\" content=\"\u0421\u0440\u0430\u0432\u043d\u0438\" \/>\n<meta name=\"robots\" content=\"index, follow, max-snippet:-1, max-image-preview:large, max-video-preview:-1\" \/>\n<link rel=\"canonical\" href=\"https:\/\/www.halber.ro\/bg\/%d1%81%d1%80%d0%b0%d0%b2%d0%bd%d0%b8\/\" \/>\n<meta property=\"og:locale\" content=\"bg_BG\" \/>\n<meta property=\"og:type\" content=\"article\" \/>\n<meta property=\"og:title\" content=\"\u0421\u0440\u0430\u0432\u043d\u0438 - halber\" \/>\n<meta property=\"og:description\" content=\"\u0421\u0440\u0430\u0432\u043d\u0438\" \/>\n<meta property=\"og:url\" content=\"https:\/\/www.halber.ro\/bg\/%d1%81%d1%80%d0%b0%d0%b2%d0%bd%d0%b8\/\" \/>\n<meta property=\"og:site_name\" content=\"halber\" \/>\n<meta property=\"article:publisher\" content=\"https:\/\/www.facebook.com\/halber.marketplace\" \/>\n<meta name=\"twitter:card\" content=\"summary_large_image\" \/>\n<script type=\"application\/ld+json\" class=\"yoast-schema-graph\">{\"@context\":\"https:\\\/\\\/schema.org\",\"@graph\":[{\"@type\":\"WebPage\",\"@id\":\"https:\\\/\\\/www.halber.ro\\\/bg\\\/%d1%81%d1%80%d0%b0%d0%b2%d0%bd%d0%b8\\\/\",\"url\":\"https:\\\/\\\/www.halber.ro\\\/bg\\\/%d1%81%d1%80%d0%b0%d0%b2%d0%bd%d0%b8\\\/\",\"name\":\"\u0421\u0440\u0430\u0432\u043d\u0438 - halber\",\"isPartOf\":{\"@id\":\"https:\\\/\\\/www.halber.ro\\\/bg\\\/#website\"},\"datePublished\":\"2017-06-21T05:08:41+00:00\",\"description\":\"\u0421\u0440\u0430\u0432\u043d\u0438\",\"breadcrumb\":{\"@id\":\"https:\\\/\\\/www.halber.ro\\\/bg\\\/%d1%81%d1%80%d0%b0%d0%b2%d0%bd%d0%b8\\\/#breadcrumb\"},\"inLanguage\":\"bg-BG\",\"potentialAction\":[{\"@type\":\"ReadAction\",\"target\":[\"https:\\\/\\\/www.halber.ro\\\/bg\\\/%d1%81%d1%80%d0%b0%d0%b2%d0%bd%d0%b8\\\/\"]}]},{\"@type\":\"BreadcrumbList\",\"@id\":\"https:\\\/\\\/www.halber.ro\\\/bg\\\/%d1%81%d1%80%d0%b0%d0%b2%d0%bd%d0%b8\\\/#breadcrumb\",\"itemListElement\":[{\"@type\":\"ListItem\",\"position\":1,\"name\":\"Home\",\"item\":\"https:\\\/\\\/www.halber.ro\\\/bg\\\/\"},{\"@type\":\"ListItem\",\"position\":2,\"name\":\"\u0421\u0440\u0430\u0432\u043d\u0438\"}]},{\"@type\":\"WebSite\",\"@id\":\"https:\\\/\\\/www.halber.ro\\\/bg\\\/#website\",\"url\":\"https:\\\/\\\/www.halber.ro\\\/bg\\\/\",\"name\":\"halber\",\"description\":\"Bine a\u021bi venit!\",\"publisher\":{\"@id\":\"https:\\\/\\\/www.halber.ro\\\/bg\\\/#organization\"},\"potentialAction\":[{\"@type\":\"SearchAction\",\"target\":{\"@type\":\"EntryPoint\",\"urlTemplate\":\"https:\\\/\\\/www.halber.ro\\\/bg\\\/?s={search_term_string}\"},\"query-input\":{\"@type\":\"PropertyValueSpecification\",\"valueRequired\":true,\"valueName\":\"search_term_string\"}}],\"inLanguage\":\"bg-BG\"},{\"@type\":\"Organization\",\"@id\":\"https:\\\/\\\/www.halber.ro\\\/bg\\\/#organization\",\"name\":\"Trade Trust\",\"url\":\"https:\\\/\\\/www.halber.ro\\\/bg\\\/\",\"logo\":{\"@type\":\"ImageObject\",\"inLanguage\":\"bg-BG\",\"@id\":\"https:\\\/\\\/www.halber.ro\\\/bg\\\/#\\\/schema\\\/logo\\\/image\\\/\",\"url\":\"https:\\\/\\\/www.halber.ro\\\/wp-content\\\/uploads\\\/2023\\\/04\\\/Picture1-e1686946354899.png\",\"contentUrl\":\"https:\\\/\\\/www.halber.ro\\\/wp-content\\\/uploads\\\/2023\\\/04\\\/Picture1-e1686946354899.png\",\"width\":1537,\"height\":879,\"caption\":\"Trade Trust\"},\"image\":{\"@id\":\"https:\\\/\\\/www.halber.ro\\\/bg\\\/#\\\/schema\\\/logo\\\/image\\\/\"},\"sameAs\":[\"https:\\\/\\\/www.facebook.com\\\/halber.marketplace\",\"https:\\\/\\\/www.youtube.com\\\/@halber.romania7831\"]}]}<\/script>\n<!-- \/ Yoast SEO plugin. -->","yoast_head_json":{"title":"\u0421\u0440\u0430\u0432\u043d\u0438 - halber","description":"\u0421\u0440\u0430\u0432\u043d\u0438","robots":{"index":"index","follow":"follow","max-snippet":"max-snippet:-1","max-image-preview":"max-image-preview:large","max-video-preview":"max-video-preview:-1"},"canonical":"https:\/\/www.halber.ro\/bg\/%d1%81%d1%80%d0%b0%d0%b2%d0%bd%d0%b8\/","og_locale":"bg_BG","og_type":"article","og_title":"\u0421\u0440\u0430\u0432\u043d\u0438 - halber","og_description":"\u0421\u0440\u0430\u0432\u043d\u0438","og_url":"https:\/\/www.halber.ro\/bg\/%d1%81%d1%80%d0%b0%d0%b2%d0%bd%d0%b8\/","og_site_name":"halber","article_publisher":"https:\/\/www.facebook.com\/halber.marketplace","twitter_card":"summary_large_image","schema":{"@context":"https:\/\/schema.org","@graph":[{"@type":"WebPage","@id":"https:\/\/www.halber.ro\/bg\/%d1%81%d1%80%d0%b0%d0%b2%d0%bd%d0%b8\/","url":"https:\/\/www.halber.ro\/bg\/%d1%81%d1%80%d0%b0%d0%b2%d0%bd%d0%b8\/","name":"\u0421\u0440\u0430\u0432\u043d\u0438 - halber","isPartOf":{"@id":"https:\/\/www.halber.ro\/bg\/#website"},"datePublished":"2017-06-21T05:08:41+00:00","description":"\u0421\u0440\u0430\u0432\u043d\u0438","breadcrumb":{"@id":"https:\/\/www.halber.ro\/bg\/%d1%81%d1%80%d0%b0%d0%b2%d0%bd%d0%b8\/#breadcrumb"},"inLanguage":"bg-BG","potentialAction":[{"@type":"ReadAction","target":["https:\/\/www.halber.ro\/bg\/%d1%81%d1%80%d0%b0%d0%b2%d0%bd%d0%b8\/"]}]},{"@type":"BreadcrumbList","@id":"https:\/\/www.halber.ro\/bg\/%d1%81%d1%80%d0%b0%d0%b2%d0%bd%d0%b8\/#breadcrumb","itemListElement":[{"@type":"ListItem","position":1,"name":"Home","item":"https:\/\/www.halber.ro\/bg\/"},{"@type":"ListItem","position":2,"name":"\u0421\u0440\u0430\u0432\u043d\u0438"}]},{"@type":"WebSite","@id":"https:\/\/www.halber.ro\/bg\/#website","url":"https:\/\/www.halber.ro\/bg\/","name":"halber","description":"Bine a\u021bi venit!","publisher":{"@id":"https:\/\/www.halber.ro\/bg\/#organization"},"potentialAction":[{"@type":"SearchAction","target":{"@type":"EntryPoint","urlTemplate":"https:\/\/www.halber.ro\/bg\/?s={search_term_string}"},"query-input":{"@type":"PropertyValueSpecification","valueRequired":true,"valueName":"search_term_string"}}],"inLanguage":"bg-BG"},{"@type":"Organization","@id":"https:\/\/www.halber.ro\/bg\/#organization","name":"Trade Trust","url":"https:\/\/www.halber.ro\/bg\/","logo":{"@type":"ImageObject","inLanguage":"bg-BG","@id":"https:\/\/www.halber.ro\/bg\/#\/schema\/logo\/image\/","url":"https:\/\/www.halber.ro\/wp-content\/uploads\/2023\/04\/Picture1-e1686946354899.png","contentUrl":"https:\/\/www.halber.ro\/wp-content\/uploads\/2023\/04\/Picture1-e1686946354899.png","width":1537,"height":879,"caption":"Trade Trust"},"image":{"@id":"https:\/\/www.halber.ro\/bg\/#\/schema\/logo\/image\/"},"sameAs":["https:\/\/www.facebook.com\/halber.marketplace","https:\/\/www.youtube.com\/@halber.romania7831"]}]}},"_links":{"self":[{"href":"https:\/\/www.halber.ro\/bg\/wp-json\/wp\/v2\/pages\/18281","targetHints":{"allow":["GET"]}}],"collection":[{"href":"https:\/\/www.halber.ro\/bg\/wp-json\/wp\/v2\/pages"}],"about":[{"href":"https:\/\/www.halber.ro\/bg\/wp-json\/wp\/v2\/types\/page"}],"author":[{"embeddable":true,"href":"https:\/\/www.halber.ro\/bg\/wp-json\/wp\/v2\/users\/33"}],"replies":[{"embeddable":true,"href":"https:\/\/www.halber.ro\/bg\/wp-json\/wp\/v2\/comments?post=18281"}],"version-history":[{"count":0,"href":"https:\/\/www.halber.ro\/bg\/wp-json\/wp\/v2\/pages\/18281\/revisions"}],"wp:attachment":[{"href":"https:\/\/www.halber.ro\/bg\/wp-json\/wp\/v2\/media?parent=18281"}],"curies":[{"name":"wp","href":"https:\/\/api.w.org\/{rel}","templated":true}]}}