{"id":17732,"date":"2017-06-21T08:08:41","date_gmt":"2017-06-21T05:08:41","guid":{"rendered":"https:\/\/www.halber.ro\/osszehasonlitas\/"},"modified":"2017-06-21T08:08:41","modified_gmt":"2017-06-21T05:08:41","slug":"osszehasonlitas","status":"publish","type":"page","link":"https:\/\/www.halber.ro\/hu\/osszehasonlitas\/","title":{"rendered":"\u00d6sszehasonl\u00edt\u00e1s:"},"content":{"rendered":"\t\t<div class=\"wd-empty-block wd-empty-compare\">\n\t\t\t<h2 class=\"wd-empty-block-title\">\n\t\t\t\tAz \u00f6sszehasonl\u00edt\u00e1si lista \u00fcres.\t\t\t<\/h2>\n\t\t\t\t\t\t\t<p class=\"wd-empty-block-text\">\n\t\t\t\t\tNu exist\u0103 produse ad\u0103ugate \u00een lista de comparare. Trebuie s\u0103 ad\u0103uga\u021bi c\u00e2teva produse pentru a le compara.<br> Ve\u021bi g\u0103si o mul\u021bime de produse interesante pe pagina noastr\u0103 \u201eShop\u201d.\r\n\t\t\t\t<\/p>\n\t\t\t\t\t\t<a class=\"button btn btn-accent wd-empty-block-btn\" href=\"https:\/\/www.halber.ro\/shop\/\">\n\t\t\t\tVissza a boltba\t\t\t<\/a>\n\t\t<\/div>\n\t\t\n","protected":false},"excerpt":{"rendered":"Az \u00f6sszehasonl\u00edt\u00e1si lista \u00fcres. Nu exist\u0103 produse ad\u0103ugate \u00een lista de comparare. Trebuie s\u0103 ad\u0103uga\u021bi c\u00e2teva produse pentru a le","protected":false},"author":33,"featured_media":0,"parent":0,"menu_order":0,"comment_status":"closed","ping_status":"closed","template":"","meta":{"footnotes":""},"class_list":["post-17732","page","type-page","status-publish","hentry"],"yoast_head":"<!-- This site is optimized with the Yoast SEO plugin v27.3 - https:\/\/yoast.com\/product\/yoast-seo-wordpress\/ -->\n<title>\u00d6sszehasonl\u00edt\u00e1s: - halber<\/title>\n<meta name=\"description\" content=\"\u00d6sszehasonl\u00edt\u00e1s:\" \/>\n<meta name=\"robots\" content=\"index, follow, max-snippet:-1, max-image-preview:large, max-video-preview:-1\" \/>\n<link rel=\"canonical\" href=\"https:\/\/www.halber.ro\/hu\/osszehasonlitas\/\" \/>\n<meta property=\"og:locale\" content=\"hu_HU\" \/>\n<meta property=\"og:type\" content=\"article\" \/>\n<meta property=\"og:title\" content=\"\u00d6sszehasonl\u00edt\u00e1s: - halber\" \/>\n<meta property=\"og:description\" content=\"\u00d6sszehasonl\u00edt\u00e1s:\" \/>\n<meta property=\"og:url\" content=\"https:\/\/www.halber.ro\/hu\/osszehasonlitas\/\" \/>\n<meta property=\"og:site_name\" content=\"halber\" \/>\n<meta property=\"article:publisher\" content=\"https:\/\/www.facebook.com\/halber.marketplace\" \/>\n<meta name=\"twitter:card\" content=\"summary_large_image\" \/>\n<script type=\"application\/ld+json\" class=\"yoast-schema-graph\">{\"@context\":\"https:\\\/\\\/schema.org\",\"@graph\":[{\"@type\":\"WebPage\",\"@id\":\"https:\\\/\\\/www.halber.ro\\\/hu\\\/osszehasonlitas\\\/\",\"url\":\"https:\\\/\\\/www.halber.ro\\\/hu\\\/osszehasonlitas\\\/\",\"name\":\"\u00d6sszehasonl\u00edt\u00e1s: - halber\",\"isPartOf\":{\"@id\":\"https:\\\/\\\/www.halber.ro\\\/hu\\\/#website\"},\"datePublished\":\"2017-06-21T05:08:41+00:00\",\"description\":\"\u00d6sszehasonl\u00edt\u00e1s:\",\"breadcrumb\":{\"@id\":\"https:\\\/\\\/www.halber.ro\\\/hu\\\/osszehasonlitas\\\/#breadcrumb\"},\"inLanguage\":\"hu\",\"potentialAction\":[{\"@type\":\"ReadAction\",\"target\":[\"https:\\\/\\\/www.halber.ro\\\/hu\\\/osszehasonlitas\\\/\"]}]},{\"@type\":\"BreadcrumbList\",\"@id\":\"https:\\\/\\\/www.halber.ro\\\/hu\\\/osszehasonlitas\\\/#breadcrumb\",\"itemListElement\":[{\"@type\":\"ListItem\",\"position\":1,\"name\":\"Home\",\"item\":\"https:\\\/\\\/www.halber.ro\\\/hu\\\/\"},{\"@type\":\"ListItem\",\"position\":2,\"name\":\"\u00d6sszehasonl\u00edt\u00e1s:\"}]},{\"@type\":\"WebSite\",\"@id\":\"https:\\\/\\\/www.halber.ro\\\/hu\\\/#website\",\"url\":\"https:\\\/\\\/www.halber.ro\\\/hu\\\/\",\"name\":\"halber\",\"description\":\"Bine a\u021bi venit!\",\"publisher\":{\"@id\":\"https:\\\/\\\/www.halber.ro\\\/hu\\\/#organization\"},\"potentialAction\":[{\"@type\":\"SearchAction\",\"target\":{\"@type\":\"EntryPoint\",\"urlTemplate\":\"https:\\\/\\\/www.halber.ro\\\/hu\\\/?s={search_term_string}\"},\"query-input\":{\"@type\":\"PropertyValueSpecification\",\"valueRequired\":true,\"valueName\":\"search_term_string\"}}],\"inLanguage\":\"hu\"},{\"@type\":\"Organization\",\"@id\":\"https:\\\/\\\/www.halber.ro\\\/hu\\\/#organization\",\"name\":\"Trade Trust\",\"url\":\"https:\\\/\\\/www.halber.ro\\\/hu\\\/\",\"logo\":{\"@type\":\"ImageObject\",\"inLanguage\":\"hu\",\"@id\":\"https:\\\/\\\/www.halber.ro\\\/hu\\\/#\\\/schema\\\/logo\\\/image\\\/\",\"url\":\"https:\\\/\\\/www.halber.ro\\\/wp-content\\\/uploads\\\/2023\\\/04\\\/Picture1-e1686946354899.png\",\"contentUrl\":\"https:\\\/\\\/www.halber.ro\\\/wp-content\\\/uploads\\\/2023\\\/04\\\/Picture1-e1686946354899.png\",\"width\":1537,\"height\":879,\"caption\":\"Trade Trust\"},\"image\":{\"@id\":\"https:\\\/\\\/www.halber.ro\\\/hu\\\/#\\\/schema\\\/logo\\\/image\\\/\"},\"sameAs\":[\"https:\\\/\\\/www.facebook.com\\\/halber.marketplace\",\"https:\\\/\\\/www.youtube.com\\\/@halber.romania7831\"]}]}<\/script>\n<!-- \/ Yoast SEO plugin. -->","yoast_head_json":{"title":"\u00d6sszehasonl\u00edt\u00e1s: - halber","description":"\u00d6sszehasonl\u00edt\u00e1s:","robots":{"index":"index","follow":"follow","max-snippet":"max-snippet:-1","max-image-preview":"max-image-preview:large","max-video-preview":"max-video-preview:-1"},"canonical":"https:\/\/www.halber.ro\/hu\/osszehasonlitas\/","og_locale":"hu_HU","og_type":"article","og_title":"\u00d6sszehasonl\u00edt\u00e1s: - halber","og_description":"\u00d6sszehasonl\u00edt\u00e1s:","og_url":"https:\/\/www.halber.ro\/hu\/osszehasonlitas\/","og_site_name":"halber","article_publisher":"https:\/\/www.facebook.com\/halber.marketplace","twitter_card":"summary_large_image","schema":{"@context":"https:\/\/schema.org","@graph":[{"@type":"WebPage","@id":"https:\/\/www.halber.ro\/hu\/osszehasonlitas\/","url":"https:\/\/www.halber.ro\/hu\/osszehasonlitas\/","name":"\u00d6sszehasonl\u00edt\u00e1s: - halber","isPartOf":{"@id":"https:\/\/www.halber.ro\/hu\/#website"},"datePublished":"2017-06-21T05:08:41+00:00","description":"\u00d6sszehasonl\u00edt\u00e1s:","breadcrumb":{"@id":"https:\/\/www.halber.ro\/hu\/osszehasonlitas\/#breadcrumb"},"inLanguage":"hu","potentialAction":[{"@type":"ReadAction","target":["https:\/\/www.halber.ro\/hu\/osszehasonlitas\/"]}]},{"@type":"BreadcrumbList","@id":"https:\/\/www.halber.ro\/hu\/osszehasonlitas\/#breadcrumb","itemListElement":[{"@type":"ListItem","position":1,"name":"Home","item":"https:\/\/www.halber.ro\/hu\/"},{"@type":"ListItem","position":2,"name":"\u00d6sszehasonl\u00edt\u00e1s:"}]},{"@type":"WebSite","@id":"https:\/\/www.halber.ro\/hu\/#website","url":"https:\/\/www.halber.ro\/hu\/","name":"halber","description":"Bine a\u021bi venit!","publisher":{"@id":"https:\/\/www.halber.ro\/hu\/#organization"},"potentialAction":[{"@type":"SearchAction","target":{"@type":"EntryPoint","urlTemplate":"https:\/\/www.halber.ro\/hu\/?s={search_term_string}"},"query-input":{"@type":"PropertyValueSpecification","valueRequired":true,"valueName":"search_term_string"}}],"inLanguage":"hu"},{"@type":"Organization","@id":"https:\/\/www.halber.ro\/hu\/#organization","name":"Trade Trust","url":"https:\/\/www.halber.ro\/hu\/","logo":{"@type":"ImageObject","inLanguage":"hu","@id":"https:\/\/www.halber.ro\/hu\/#\/schema\/logo\/image\/","url":"https:\/\/www.halber.ro\/wp-content\/uploads\/2023\/04\/Picture1-e1686946354899.png","contentUrl":"https:\/\/www.halber.ro\/wp-content\/uploads\/2023\/04\/Picture1-e1686946354899.png","width":1537,"height":879,"caption":"Trade Trust"},"image":{"@id":"https:\/\/www.halber.ro\/hu\/#\/schema\/logo\/image\/"},"sameAs":["https:\/\/www.facebook.com\/halber.marketplace","https:\/\/www.youtube.com\/@halber.romania7831"]}]}},"_links":{"self":[{"href":"https:\/\/www.halber.ro\/hu\/wp-json\/wp\/v2\/pages\/17732","targetHints":{"allow":["GET"]}}],"collection":[{"href":"https:\/\/www.halber.ro\/hu\/wp-json\/wp\/v2\/pages"}],"about":[{"href":"https:\/\/www.halber.ro\/hu\/wp-json\/wp\/v2\/types\/page"}],"author":[{"embeddable":true,"href":"https:\/\/www.halber.ro\/hu\/wp-json\/wp\/v2\/users\/33"}],"replies":[{"embeddable":true,"href":"https:\/\/www.halber.ro\/hu\/wp-json\/wp\/v2\/comments?post=17732"}],"version-history":[{"count":0,"href":"https:\/\/www.halber.ro\/hu\/wp-json\/wp\/v2\/pages\/17732\/revisions"}],"wp:attachment":[{"href":"https:\/\/www.halber.ro\/hu\/wp-json\/wp\/v2\/media?parent=17732"}],"curies":[{"name":"wp","href":"https:\/\/api.w.org\/{rel}","templated":true}]}}