{"id":17733,"date":"2021-11-11T17:50:35","date_gmt":"2021-11-11T15:50:35","guid":{"rendered":"https:\/\/www.halber.ro\/adatvedelem\/"},"modified":"2021-11-11T17:50:35","modified_gmt":"2021-11-11T15:50:35","slug":"adatvedelem","status":"publish","type":"page","link":"https:\/\/www.halber.ro\/hu\/adatvedelem\/","title":{"rendered":"Adatv\u00e9delem"},"content":{"rendered":"<p><strong>Hosting halber.ro, k\u00fcls\u0151 linkek, meghib\u00e1sod\u00e1sok<\/strong><br \/>\nA halber.ro weboldal egy harmadik f\u00e9l szerverein van elhelyezve. A Trade Trust nem tehet\u0151 felel\u0151ss\u00e9 a webhelyen el\u0151fordul\u00f3 hib\u00e1k\u00e9rt, f\u00fcggetlen\u00fcl azok ok\u00e1t\u00f3l, bele\u00e9rtve a webhely, a be\u00e1ll\u00edt\u00e1sok vagy az \u00fctemezett szkriptfriss\u00edt\u00e9sek m\u00f3dos\u00edt\u00e1sait. A Trade Trust nem tehet\u0151 felel\u0151ss\u00e9 azok\u00e9rt a hib\u00e1k\u00e9rt, amelyek bizonyos b\u00f6ng\u00e9sz\u0151k haszn\u00e1lat\u00e1b\u00f3l ad\u00f3dnak a halber.ro weboldal el\u00e9r\u00e9s\u00e9hez. A Trade Trust nem felel\u0151s a halber.ro weboldalr\u00f3l linkelt oldalak tartalm\u00e1\u00e9rt, min\u0151s\u00e9g\u00e9\u00e9rt vagy jelleg\u00e9\u00e9rt. Ezek\u00e9rt az oldalak\u00e9rt a teljes felel\u0151ss\u00e9get az oldalak tulajdonosai viselik.<\/p>\n<p><strong>H\u00edrlev\u00e9l<\/strong><br \/>\nA halber.ro h\u00edrlev\u00e9lre val\u00f3 fel- \u00e9s leiratkoz\u00e1s ingyenes \u00e9s \u00f6nk\u00e9ntes, \u00e9s az al\u00e1bbi felhaszn\u00e1l\u00e1si felt\u00e9telek elfogad\u00e1s\u00e1t jelenti. A k\u00fcld\u00f6tt \u00fczenetek nem k\u00e9retlenek, \u00e9s \u00d6n b\u00e1rmikor leiratkozhat az egyes e-mailek alj\u00e1n tal\u00e1lhat\u00f3 utas\u00edt\u00e1sokat k\u00f6vetve. A k\u00fcld\u00f6tt \u00fczenetek megfelelnek az elektronikus kereskedelemre vonatkoz\u00f3, a kereskedelmi kommunik\u00e1ci\u00f3ra vonatkoz\u00f3, a rom\u00e1n \u00e9s nemzetk\u00f6zi jogszab\u00e1lyok \u00e1ltal el\u0151\u00edrt t\u00f6rv\u00e9nyeknek.<br \/>\nA h\u00edrlev\u00e9l haszn\u00e1lata a tartalmi felel\u0151ss\u00e9g korl\u00e1toz\u00e1s\u00e1nak ugyanazon felt\u00e9telei mellett enged\u00e9lyezett, mint az oldal haszn\u00e1lata, a jelen dokumentumban meghat\u00e1rozott felt\u00e9telek mellett, \u00e9s az adatv\u00e9delmi szab\u00e1lyzatot a k\u00f6vetkez\u0151 r\u00e9szben r\u00e9szletesen ismertetj\u00fck. A Trade Trust rendelkezik a feliratkoz\u00f3knak k\u00fcld\u00f6tt h\u00edrlev\u00e9l tartalm\u00e1nak minden jog\u00e1val, ugyanolyan felt\u00e9telek mellett, mint a weboldalon k\u00f6zz\u00e9tett inform\u00e1ci\u00f3k eset\u00e9ben, a jelen dokumentum rendelkez\u00e9seivel \u00f6sszhangban.<\/p>\n<p>A halber.ro h\u00edrlev\u00e9lre feliratkoz\u00f3k saj\u00e1t felel\u0151ss\u00e9g\u00fckre tov\u00e1bbk\u00fcldhetik ezeket a kereskedelmi k\u00f6zlem\u00e9nyeket m\u00e1s szem\u00e9lyeknek, felt\u00e9ve, hogy nem v\u00e1ltoztatt\u00e1k meg az \u00fczenetek szerkezet\u00e9t vagy tartalm\u00e1t. Azokat a szem\u00e9lyeket, akik a halber.ro h\u00edrlev\u00e9lre feliratkoz\u00f3kt\u00f3l kereskedelmi \u00fczeneteket kaptak, \u00fagy kell tekinteni, hogy a feliratkoz\u00f3k el\u0151zetesen t\u00e1j\u00e9koztatt\u00e1k \u0151ket a jelen cikk rendelkez\u00e9seir\u0151l. Ebben az \u00f6sszef\u00fcgg\u00e9sben a Trade Trust semmilyen m\u00f3don nem tehet\u0151 felel\u0151ss\u00e9 az el\u0151fizet\u0151i tettei\u00e9rt.<\/p>\n<p>A Trade Trust fenntartja a jogot, hogy korl\u00e1tozza b\u00e1rmely el\u0151fizet\u0151 hozz\u00e1f\u00e9r\u00e9s\u00e9t a h\u00edrlev\u00e9lhez, ha a Trade Trustnak b\u00e1rmilyen oka van azt felt\u00e9telezni, hogy az el\u0151fizet\u0151 nem felel meg a jelen dokumentumban foglaltaknak.<\/p>\n<p><strong>Adatv\u00e9delem \u00e9s szem\u00e9lyes adatok v\u00e9delme<\/strong><br \/>\nA m\u00f3dos\u00edtott \u00e9s kieg\u00e9sz\u00edtett, a szem\u00e9lyes adatok feldolgoz\u00e1sa tekintet\u00e9ben az egy\u00e9nek v\u00e9delm\u00e9r\u0151l \u00e9s az ilyen adatok szabad \u00e1raml\u00e1s\u00e1r\u00f3l sz\u00f3l\u00f3 677\/2001. sz\u00e1m\u00fa t\u00f6rv\u00e9ny, valamint az elektronikus h\u00edrk\u00f6zl\u00e9si \u00e1gazatban a szem\u00e9lyes adatok feldolgoz\u00e1s\u00e1r\u00f3l \u00e9s a mag\u00e1n\u00e9let v\u00e9delm\u00e9r\u0151l sz\u00f3l\u00f3 506\/2004. sz\u00e1m\u00fa t\u00f6rv\u00e9ny k\u00f6vetelm\u00e9nyei szerint az SC TRADE TRUST SRL k\u00f6teles biztons\u00e1gosan \u00e9s csak a meghat\u00e1rozott c\u00e9lokra kezelni az \u00d6n, csal\u00e1dtagja vagy m\u00e1s szem\u00e9ly \u00e1ltal megadott szem\u00e9lyes adatokat.<\/p>\n<p>Az adatgy\u0171jt\u00e9s c\u00e9lja, hogy term\u00e9keink \u00e9rt\u00e9kes\u00edt\u00e9s\u00e9hez szolg\u00e1ltat\u00e1sokat ny\u00fajtsunk \u00d6nnek.<br \/>\n\u00d6n k\u00f6teles megadni azokat az adatokat, amelyek sz\u00fcks\u00e9gesek ahhoz, hogy potenci\u00e1lis \u00fcgyf\u00e9lk\u00e9nt vagy \u00fcgyf\u00e9lk\u00e9nt kapcsolatba l\u00e9phess\u00fcnk \u00d6nnel. Az \u00f6n elutas\u00edt\u00e1sa. lehetetlenn\u00e9 teszi sz\u00e1munkra, hogy kapcsolatba l\u00e9pj\u00fcnk \u00d6nnel. A r\u00f6gz\u00edtett inform\u00e1ci\u00f3k az \u00fczemeltet\u0151 \u00e1ltali haszn\u00e1latra szolg\u00e1lnak, \u00e9s csak az SC TRADE TRUST SRL munkat\u00e1rsaival ker\u00fclnek k\u00f6zl\u00e9sre.<br \/>\nA 677\/2001. sz. t\u00f6rv\u00e9ny \u00e9rtelm\u00e9ben \u00d6nnek joga van az adatokhoz val\u00f3 hozz\u00e1f\u00e9r\u00e9shez, az adatokkal kapcsolatos beavatkoz\u00e1shoz, ahhoz, hogy ne legyen egyedi d\u00f6nt\u00e9s t\u00e1rgya, valamint ahhoz, hogy jogi l\u00e9p\u00e9seket tegyen. \u00d6nnek joga van tov\u00e1bb\u00e1 tiltakozni szem\u00e9lyes adatainak feldolgoz\u00e1sa ellen, \u00e9s k\u00e9rheti adatai t\u00f6rl\u00e9s\u00e9t. E jogok gyakorl\u00e1s\u00e1hoz \u00edr\u00e1sos, d\u00e1tummal ell\u00e1tott \u00e9s al\u00e1\u00edrt k\u00e9relmet k\u00fcldhet a contact@halber.ro c\u00edmre. \u00d6nnek joga van jogi l\u00e9p\u00e9seket is tenni.<\/p>\n<p>Ha b\u00e1rmelyik adata hib\u00e1s, k\u00e9rj\u00fck, a lehet\u0151 leghamarabb \u00e9rtes\u00edtsen minket, hogy a helyzetet korrig\u00e1lhassuk.<\/p>\n<p><strong>Felhaszn\u00e1l\u00f3i megjegyz\u00e9sek  <\/strong><br \/>\nA halber.co.uk weboldalra bel\u00e9p\u0151 felhaszn\u00e1l\u00f3k megjegyz\u00e9seket tehetnek a term\u00e9kekkel kapcsolatban, amelyeket el\u0151zetes j\u00f3v\u00e1hagy\u00e1s ut\u00e1n k\u00f6zz\u00e9 lehet tenni a weboldalon. A Trade Trust fenntartja a jogot, hogy ne tegyen k\u00f6zz\u00e9 az oldalon olyan tartalm\u00fa megjegyz\u00e9seket, amelyek illeg\u00e1lisak, obszc\u00e9nek, fenyeget\u0151ek, r\u00e1galmaz\u00f3ak, b\u00e1rmilyen m\u00f3don s\u00e9rtik m\u00e1sok mag\u00e1n\u00e9let\u00e9t, s\u00e9rtik a szellemi tulajdonjogokat, v\u00edrusokat, t\u00f6megesen k\u00fcld\u00f6tt sz\u00f6vegeket vagy a spam b\u00e1rmely m\u00e1s form\u00e1j\u00e1t tartalmazz\u00e1k.<\/p>\n<p>A Trade Trust nem v\u00e1llal felel\u0151ss\u00e9get vagy felel\u0151ss\u00e9get az ilyen megjegyz\u00e9sekb\u0151l vagy elektronikus k\u00f6zlem\u00e9nyekb\u0151l ered\u0151 b\u00e1rmilyen jelleg\u0171 k\u00e1r\u00e9rt, amelyek a jelen dokumentum cikkeiben meghat\u00e1rozottak szerint ugyanolyan felel\u0151ss\u00e9gkorl\u00e1toz\u00e1s alatt \u00e1llnak, mint az oldal t\u00f6bbi tartalma. A term\u00e9kek v\u00e1s\u00e1rl\u00e1s\u00e1val \u00e9s elad\u00e1s\u00e1val kapcsolatos inform\u00e1ci\u00f3k\u00fcld\u00e9s eset\u00e9n a felhaszn\u00e1l\u00f3 \u00fagy tekintend\u0151, hogy a Trade Trust sz\u00e1m\u00e1ra nem kiz\u00e1r\u00f3lagos, korl\u00e1tlan, ingyenes, visszavonhatatlan \u00e9s visszautas\u00edthatatlan jogot biztos\u00edt a term\u00e9kek felhaszn\u00e1l\u00e1s\u00e1ra, sokszoros\u00edt\u00e1s\u00e1ra, m\u00f3dos\u00edt\u00e1s\u00e1ra, adapt\u00e1l\u00e1s\u00e1ra, k\u00f6zz\u00e9t\u00e9tel\u00e9re, ford\u00edt\u00e1s\u00e1ra, valamint a b\u00e1rmilyen m\u00e9di\u00e1n kereszt\u00fcl t\u00f6rt\u00e9n\u0151 terjeszt\u00e9s\u00e9re.<\/p>\n<p>A Felhaszn\u00e1l\u00f3 szavatolja, hogy az \u00e1ltala b\u00e1rmilyen m\u00f3don bek\u00fcld\u00f6tt, az oldalon k\u00f6zz\u00e9tett vagy nem k\u00f6zz\u00e9tett tartalomhoz minden joggal rendelkezik, \u00edgy a tartalom felhaszn\u00e1l\u00e1s\u00e1val nem okoz k\u00e1rt m\u00e1s szem\u00e9lyeknek.<\/p>\n<p><strong>Z\u00e1r\u00f3 rendelkez\u00e9sek \u00e9s \u00f6ssze\u00fctk\u00f6z\u00e9sek<\/strong><br \/>\nA halber.ro weboldalon bemutatott term\u00e9kek \u00e9s szolg\u00e1ltat\u00e1sok \u00e1ltal okozott minden egy\u00e9b probl\u00e9ma, amely nem szerepel a jelen dokumentum b\u00e1rmelyik cikk\u00e9ben, a felhaszn\u00e1l\u00f3 \u00edr\u00e1sbeli panasz\u00e1nak be\u00e9rkez\u00e9s\u00e9t\u0151l sz\u00e1m\u00edtott 30 munkanapon bel\u00fcl b\u00e9k\u00e9s \u00faton ker\u00fcl megold\u00e1sra.<\/p>\n<p>Ha a probl\u00e9ma \u00e9sszer\u0171 id\u0151n bel\u00fcl (legfeljebb 30 napon bel\u00fcl) vagy b\u00e9k\u00e9s \u00faton nem old\u00f3dik meg kiel\u00e9g\u00edt\u0151 m\u00f3don, a rom\u00e1n b\u00edr\u00f3s\u00e1gok vagy a felek \u00e1ltal elfogadott alternat\u00edv vitarendez\u00e9si test\u00fclet rendelkezik joghat\u00f3s\u00e1ggal. A halber.ro jelen haszn\u00e1lati felt\u00e9teleinek elfogad\u00e1s\u00e1val a felhaszn\u00e1l\u00f3 v\u00e1llalja az oldal jelen felt\u00e9telek szerinti haszn\u00e1lat\u00e1b\u00f3l ered\u0151 valamennyi k\u00f6vetkezm\u00e9nyt.<\/p>\n<p>A sz\u00e1ll\u00edt\u00f3 \u00e1ltal b\u00e1rmely vev\u0151nek fizethet\u0151 k\u00e1rt\u00e9r\u00edt\u00e9s maxim\u00e1lis \u00f6sszege a vev\u0151t\u0151l kapott megrendel\u00e9s \u00e9rt\u00e9ke.<\/p>\n","protected":false},"excerpt":{"rendered":"<p>Hosting halber.ro, k\u00fcls\u0151 linkek, meghib\u00e1sod\u00e1sok A halber.ro weboldal egy harmadik f\u00e9l szerverein van elhelyezve. A Trade Trust nem tehet\u0151 felel\u0151ss\u00e9<\/p>\n","protected":false},"author":33,"featured_media":0,"parent":0,"menu_order":0,"comment_status":"closed","ping_status":"closed","template":"","meta":{"footnotes":""},"class_list":["post-17733","page","type-page","status-publish","hentry"],"yoast_head":"<!-- This site is optimized with the Yoast SEO plugin v27.3 - https:\/\/yoast.com\/product\/yoast-seo-wordpress\/ -->\n<title>Adatv\u00e9delem - halber<\/title>\n<meta name=\"description\" content=\"Adatv\u00e9delem\" \/>\n<meta name=\"robots\" content=\"index, follow, max-snippet:-1, max-image-preview:large, max-video-preview:-1\" \/>\n<link rel=\"canonical\" href=\"https:\/\/www.halber.ro\/hu\/adatvedelem\/\" \/>\n<meta property=\"og:locale\" content=\"hu_HU\" \/>\n<meta property=\"og:type\" content=\"article\" \/>\n<meta property=\"og:title\" content=\"Adatv\u00e9delem - halber\" \/>\n<meta property=\"og:description\" content=\"Adatv\u00e9delem\" \/>\n<meta property=\"og:url\" content=\"https:\/\/www.halber.ro\/hu\/adatvedelem\/\" \/>\n<meta property=\"og:site_name\" content=\"halber\" \/>\n<meta property=\"article:publisher\" content=\"https:\/\/www.facebook.com\/halber.marketplace\" \/>\n<meta name=\"twitter:card\" content=\"summary_large_image\" \/>\n<meta name=\"twitter:label1\" content=\"Becs\u00fclt olvas\u00e1si id\u0151\" \/>\n\t<meta name=\"twitter:data1\" content=\"6 perc\" \/>\n<script type=\"application\/ld+json\" class=\"yoast-schema-graph\">{\"@context\":\"https:\\\/\\\/schema.org\",\"@graph\":[{\"@type\":\"WebPage\",\"@id\":\"https:\\\/\\\/www.halber.ro\\\/hu\\\/adatvedelem\\\/\",\"url\":\"https:\\\/\\\/www.halber.ro\\\/hu\\\/adatvedelem\\\/\",\"name\":\"Adatv\u00e9delem - halber\",\"isPartOf\":{\"@id\":\"https:\\\/\\\/www.halber.ro\\\/hu\\\/#website\"},\"datePublished\":\"2021-11-11T15:50:35+00:00\",\"description\":\"Adatv\u00e9delem\",\"breadcrumb\":{\"@id\":\"https:\\\/\\\/www.halber.ro\\\/hu\\\/adatvedelem\\\/#breadcrumb\"},\"inLanguage\":\"hu\",\"potentialAction\":[{\"@type\":\"ReadAction\",\"target\":[\"https:\\\/\\\/www.halber.ro\\\/hu\\\/adatvedelem\\\/\"]}]},{\"@type\":\"BreadcrumbList\",\"@id\":\"https:\\\/\\\/www.halber.ro\\\/hu\\\/adatvedelem\\\/#breadcrumb\",\"itemListElement\":[{\"@type\":\"ListItem\",\"position\":1,\"name\":\"Home\",\"item\":\"https:\\\/\\\/www.halber.ro\\\/hu\\\/\"},{\"@type\":\"ListItem\",\"position\":2,\"name\":\"Adatv\u00e9delem\"}]},{\"@type\":\"WebSite\",\"@id\":\"https:\\\/\\\/www.halber.ro\\\/hu\\\/#website\",\"url\":\"https:\\\/\\\/www.halber.ro\\\/hu\\\/\",\"name\":\"halber\",\"description\":\"Bine a\u021bi venit!\",\"publisher\":{\"@id\":\"https:\\\/\\\/www.halber.ro\\\/hu\\\/#organization\"},\"potentialAction\":[{\"@type\":\"SearchAction\",\"target\":{\"@type\":\"EntryPoint\",\"urlTemplate\":\"https:\\\/\\\/www.halber.ro\\\/hu\\\/?s={search_term_string}\"},\"query-input\":{\"@type\":\"PropertyValueSpecification\",\"valueRequired\":true,\"valueName\":\"search_term_string\"}}],\"inLanguage\":\"hu\"},{\"@type\":\"Organization\",\"@id\":\"https:\\\/\\\/www.halber.ro\\\/hu\\\/#organization\",\"name\":\"Trade Trust\",\"url\":\"https:\\\/\\\/www.halber.ro\\\/hu\\\/\",\"logo\":{\"@type\":\"ImageObject\",\"inLanguage\":\"hu\",\"@id\":\"https:\\\/\\\/www.halber.ro\\\/hu\\\/#\\\/schema\\\/logo\\\/image\\\/\",\"url\":\"https:\\\/\\\/www.halber.ro\\\/wp-content\\\/uploads\\\/2023\\\/04\\\/Picture1-e1686946354899.png\",\"contentUrl\":\"https:\\\/\\\/www.halber.ro\\\/wp-content\\\/uploads\\\/2023\\\/04\\\/Picture1-e1686946354899.png\",\"width\":1537,\"height\":879,\"caption\":\"Trade Trust\"},\"image\":{\"@id\":\"https:\\\/\\\/www.halber.ro\\\/hu\\\/#\\\/schema\\\/logo\\\/image\\\/\"},\"sameAs\":[\"https:\\\/\\\/www.facebook.com\\\/halber.marketplace\",\"https:\\\/\\\/www.youtube.com\\\/@halber.romania7831\"]}]}<\/script>\n<!-- \/ Yoast SEO plugin. -->","yoast_head_json":{"title":"Adatv\u00e9delem - halber","description":"Adatv\u00e9delem","robots":{"index":"index","follow":"follow","max-snippet":"max-snippet:-1","max-image-preview":"max-image-preview:large","max-video-preview":"max-video-preview:-1"},"canonical":"https:\/\/www.halber.ro\/hu\/adatvedelem\/","og_locale":"hu_HU","og_type":"article","og_title":"Adatv\u00e9delem - halber","og_description":"Adatv\u00e9delem","og_url":"https:\/\/www.halber.ro\/hu\/adatvedelem\/","og_site_name":"halber","article_publisher":"https:\/\/www.facebook.com\/halber.marketplace","twitter_card":"summary_large_image","twitter_misc":{"Becs\u00fclt olvas\u00e1si id\u0151":"6 perc"},"schema":{"@context":"https:\/\/schema.org","@graph":[{"@type":"WebPage","@id":"https:\/\/www.halber.ro\/hu\/adatvedelem\/","url":"https:\/\/www.halber.ro\/hu\/adatvedelem\/","name":"Adatv\u00e9delem - halber","isPartOf":{"@id":"https:\/\/www.halber.ro\/hu\/#website"},"datePublished":"2021-11-11T15:50:35+00:00","description":"Adatv\u00e9delem","breadcrumb":{"@id":"https:\/\/www.halber.ro\/hu\/adatvedelem\/#breadcrumb"},"inLanguage":"hu","potentialAction":[{"@type":"ReadAction","target":["https:\/\/www.halber.ro\/hu\/adatvedelem\/"]}]},{"@type":"BreadcrumbList","@id":"https:\/\/www.halber.ro\/hu\/adatvedelem\/#breadcrumb","itemListElement":[{"@type":"ListItem","position":1,"name":"Home","item":"https:\/\/www.halber.ro\/hu\/"},{"@type":"ListItem","position":2,"name":"Adatv\u00e9delem"}]},{"@type":"WebSite","@id":"https:\/\/www.halber.ro\/hu\/#website","url":"https:\/\/www.halber.ro\/hu\/","name":"halber","description":"Bine a\u021bi venit!","publisher":{"@id":"https:\/\/www.halber.ro\/hu\/#organization"},"potentialAction":[{"@type":"SearchAction","target":{"@type":"EntryPoint","urlTemplate":"https:\/\/www.halber.ro\/hu\/?s={search_term_string}"},"query-input":{"@type":"PropertyValueSpecification","valueRequired":true,"valueName":"search_term_string"}}],"inLanguage":"hu"},{"@type":"Organization","@id":"https:\/\/www.halber.ro\/hu\/#organization","name":"Trade Trust","url":"https:\/\/www.halber.ro\/hu\/","logo":{"@type":"ImageObject","inLanguage":"hu","@id":"https:\/\/www.halber.ro\/hu\/#\/schema\/logo\/image\/","url":"https:\/\/www.halber.ro\/wp-content\/uploads\/2023\/04\/Picture1-e1686946354899.png","contentUrl":"https:\/\/www.halber.ro\/wp-content\/uploads\/2023\/04\/Picture1-e1686946354899.png","width":1537,"height":879,"caption":"Trade Trust"},"image":{"@id":"https:\/\/www.halber.ro\/hu\/#\/schema\/logo\/image\/"},"sameAs":["https:\/\/www.facebook.com\/halber.marketplace","https:\/\/www.youtube.com\/@halber.romania7831"]}]}},"_links":{"self":[{"href":"https:\/\/www.halber.ro\/hu\/wp-json\/wp\/v2\/pages\/17733","targetHints":{"allow":["GET"]}}],"collection":[{"href":"https:\/\/www.halber.ro\/hu\/wp-json\/wp\/v2\/pages"}],"about":[{"href":"https:\/\/www.halber.ro\/hu\/wp-json\/wp\/v2\/types\/page"}],"author":[{"embeddable":true,"href":"https:\/\/www.halber.ro\/hu\/wp-json\/wp\/v2\/users\/33"}],"replies":[{"embeddable":true,"href":"https:\/\/www.halber.ro\/hu\/wp-json\/wp\/v2\/comments?post=17733"}],"version-history":[{"count":0,"href":"https:\/\/www.halber.ro\/hu\/wp-json\/wp\/v2\/pages\/17733\/revisions"}],"wp:attachment":[{"href":"https:\/\/www.halber.ro\/hu\/wp-json\/wp\/v2\/media?parent=17733"}],"curies":[{"name":"wp","href":"https:\/\/api.w.org\/{rel}","templated":true}]}}