{"id":17747,"date":"2021-11-07T15:01:09","date_gmt":"2021-11-07T13:01:09","guid":{"rendered":"https:\/\/www.halber.ro\/visszateresi-urlap\/"},"modified":"2023-10-04T16:59:54","modified_gmt":"2023-10-04T13:59:54","slug":"visszateresi-urlap","status":"publish","type":"page","link":"https:\/\/www.halber.ro\/hu\/visszateresi-urlap\/","title":{"rendered":"Visszat\u00e9r\u00e9si \u0171rlap"},"content":{"rendered":"<div class=\"wpb-content-wrapper\"><p>[vc_row][vc_column]<div class=\"wpforms-container wpforms-container-full\" id=\"wpforms-7914\"><form id=\"wpforms-form-7914\" class=\"wpforms-validate wpforms-form wpforms-ajax-form\" data-formid=\"7914\" method=\"post\" enctype=\"multipart\/form-data\" action=\"\/hu\/wp-json\/wp\/v2\/pages\/17747\" data-token=\"9f1fd12b87e4a114edc0956292474f38\" data-token-time=\"1775711505\"><div class=\"wpforms-head-container\"><div class=\"wpforms-title\">Visszat\u00e9r\u00e9si \u0171rlap<\/div><\/div><noscript class=\"wpforms-error-noscript\">Please enable JavaScript in your browser to complete this form.<\/noscript><div class=\"wpforms-field-container\"><div id=\"wpforms-7914-field_2-container\" class=\"wpforms-field wpforms-field-email\" data-field-id=\"2\"><label class=\"wpforms-field-label\" for=\"wpforms-7914-field_2\">E-mail <span class=\"wpforms-required-label\">*<\/span><\/label><input type=\"email\" id=\"wpforms-7914-field_2\" class=\"wpforms-field-medium wpforms-field-required\" name=\"wpforms[fields][2]\" spellcheck=\"false\" required><\/div><div id=\"wpforms-7914-field_18-container\" class=\"wpforms-field wpforms-field-number\" data-field-id=\"18\"><label class=\"wpforms-field-label\" for=\"wpforms-7914-field_18\">Rendel\u00e9si sz\u00e1m <span class=\"wpforms-required-label\">*<\/span><\/label><input type=\"number\" id=\"wpforms-7914-field_18\" class=\"wpforms-field-medium wpforms-field-required\" name=\"wpforms[fields][18]\" step=\"any\" required><\/div><div id=\"wpforms-7914-field_1-container\" class=\"wpforms-field wpforms-field-name\" data-field-id=\"1\"><label class=\"wpforms-field-label\" for=\"wpforms-7914-field_1\">N\u00e9v (Sz\u00e1mlatulajdonos) <span class=\"wpforms-required-label\">*<\/span><\/label><input type=\"text\" id=\"wpforms-7914-field_1\" class=\"wpforms-field-medium wpforms-field-required\" name=\"wpforms[fields][1]\" required><\/div><div id=\"wpforms-7914-field_3-container\" class=\"wpforms-field wpforms-field-text\" data-field-id=\"3\"><label class=\"wpforms-field-label\" for=\"wpforms-7914-field_3\">IBAN sz\u00e1mla <span class=\"wpforms-required-label\">*<\/span><\/label><input type=\"text\" id=\"wpforms-7914-field_3\" class=\"wpforms-field-medium wpforms-field-required\" name=\"wpforms[fields][3]\" required><div class=\"wpforms-field-description\">ROXX BBBB XXXX XXXX XXXX XXXX<\/div><\/div><div id=\"wpforms-7914-field_21-container\" class=\"wpforms-field wpforms-field-number\" data-field-id=\"21\"><label class=\"wpforms-field-label\" for=\"wpforms-7914-field_21\">Telefon <span class=\"wpforms-required-label\">*<\/span><\/label><input type=\"number\" id=\"wpforms-7914-field_21\" class=\"wpforms-field-medium wpforms-field-required\" name=\"wpforms[fields][21]\" step=\"any\" required><\/div>\t\t<div id=\"wpforms-7914-field_5-container\"\n\t\t\tclass=\"wpforms-field wpforms-field-text\"\n\t\t\tdata-field-type=\"text\"\n\t\t\tdata-field-id=\"5\"\n\t\t\t>\n\t\t\t<label class=\"wpforms-field-label\" for=\"wpforms-7914-field_5\" >Megjegyz\u00e9sek N\u00e9v sa<\/label>\n\t\t\t<input type=\"text\" id=\"wpforms-7914-field_5\" class=\"wpforms-field-medium\" name=\"wpforms[fields][5]\" >\n\t\t<\/div>\n\t\t<div id=\"wpforms-7914-field_28-container\" class=\"wpforms-field wpforms-field-text\" data-field-id=\"28\"><label class=\"wpforms-field-label\" for=\"wpforms-7914-field_28\">Va rugam sa specificati produsul <span class=\"wpforms-required-label\">*<\/span><\/label><input type=\"text\" id=\"wpforms-7914-field_28\" class=\"wpforms-field-medium wpforms-field-required\" name=\"wpforms[fields][28]\" required><\/div><div id=\"wpforms-7914-field_27-container\" class=\"wpforms-field wpforms-field-radio wpforms-list-2-columns\" data-field-id=\"27\"><label class=\"wpforms-field-label\">Va rugam sa alegeti daca doriti sa returnati produsul sau daca doriti altul la schimb. <span class=\"wpforms-required-label\">*<\/span><\/label><ul id=\"wpforms-7914-field_27\" class=\"wpforms-field-required\"><li class=\"choice-1 depth-1\"><input type=\"radio\" id=\"wpforms-7914-field_27_1\" name=\"wpforms[fields][27]\" value=\"Returnez produsul\" required ><label class=\"wpforms-field-label-inline\" for=\"wpforms-7914-field_27_1\">Returnez produsul<\/label><\/li><li class=\"choice-2 depth-1\"><input type=\"radio\" id=\"wpforms-7914-field_27_2\" name=\"wpforms[fields][27]\" value=\"Schimb produsul\" required ><label class=\"wpforms-field-label-inline\" for=\"wpforms-7914-field_27_2\">Schimb produsul<\/label><\/li><\/ul><\/div><div id=\"wpforms-7914-field_25-container\" class=\"wpforms-field wpforms-field-radio wpforms-list-2-columns\" data-field-id=\"25\"><label class=\"wpforms-field-label\">Metoda de retur <span class=\"wpforms-required-label\">*<\/span><\/label><ul id=\"wpforms-7914-field_25\" class=\"wpforms-field-required\"><li class=\"choice-2 depth-1\"><input type=\"radio\" id=\"wpforms-7914-field_25_2\" name=\"wpforms[fields][25]\" value=\"Predare in orice easybox (-15.00 lei)\" required ><label class=\"wpforms-field-label-inline\" for=\"wpforms-7914-field_25_2\">Predare in orice easybox (-15.00 lei)<\/label><\/li><li class=\"choice-1 depth-1\"><input type=\"radio\" id=\"wpforms-7914-field_25_1\" name=\"wpforms[fields][25]\" value=\"Predare la curier (-20.00 lei)\" required ><label class=\"wpforms-field-label-inline\" for=\"wpforms-7914-field_25_1\">Predare la curier (-20.00 lei)<\/label><\/li><\/ul><\/div><div id=\"wpforms-7914-field_22-container\" class=\"wpforms-field wpforms-field-text\" data-field-id=\"22\"><label class=\"wpforms-field-label\" for=\"wpforms-7914-field_22\">Felv\u00e9teli c\u00edm <span class=\"wpforms-required-label\">*<\/span><\/label><input type=\"text\" id=\"wpforms-7914-field_22\" class=\"wpforms-field-medium wpforms-field-required\" name=\"wpforms[fields][22]\" required><\/div><div id=\"wpforms-7914-field_4-container\" class=\"wpforms-field wpforms-field-textarea\" data-field-id=\"4\"><label class=\"wpforms-field-label\" for=\"wpforms-7914-field_4\">Megjegyz\u00e9sek <span class=\"wpforms-required-label\">*<\/span><\/label><textarea id=\"wpforms-7914-field_4\" class=\"wpforms-field-medium wpforms-field-required\" name=\"wpforms[fields][4]\" required><\/textarea><\/div><script>\n\t\t\t\t( function() {\n\t\t\t\t\tconst style = document.createElement( 'style' );\n\t\t\t\t\tstyle.appendChild( document.createTextNode( '#wpforms-7914-field_5-container { position: absolute !important; overflow: hidden !important; display: inline !important; height: 1px !important; width: 1px !important; z-index: -1000 !important; padding: 0 !important; } #wpforms-7914-field_5-container input { visibility: hidden; } #wpforms-conversational-form-page #wpforms-7914-field_5-container label { counter-increment: none; }' ) );\n\t\t\t\t\tdocument.head.appendChild( style );\n\t\t\t\t\tdocument.currentScript?.remove();\n\t\t\t\t} )();\n\t\t\t<\/script><\/div><!-- .wpforms-field-container --><div class=\"wpforms-recaptcha-container wpforms-is-hcaptcha\" ><div class=\"h-captcha\" data-sitekey=\"0842933e-75ec-4884-8e4e-6a7ab69c1b44\"><\/div><input type=\"text\" name=\"g-recaptcha-hidden\" class=\"wpforms-recaptcha-hidden\" style=\"position:absolute!important;clip:rect(0,0,0,0)!important;height:1px!important;width:1px!important;border:0!important;overflow:hidden!important;padding:0!important;margin:0!important;\" data-rule-hcaptcha=\"1\"><\/div><div class=\"wpforms-submit-container\" ><input type=\"hidden\" name=\"wpforms[id]\" value=\"7914\"><input type=\"hidden\" name=\"page_title\" value=\"\"><input type=\"hidden\" name=\"page_url\" value=\"https:\/\/www.halber.ro\/hu\/wp-json\/wp\/v2\/pages\/17747\"><input type=\"hidden\" name=\"url_referer\" value=\"\"><button type=\"submit\" name=\"wpforms[submit]\" id=\"wpforms-submit-7914\" class=\"wpforms-submit\" data-alt-text=\"K\u00fcldj...\" data-submit-text=\"K\u00fcldje el a\" aria-live=\"assertive\" value=\"wpforms-submit\">K\u00fcldje el a<\/button><img decoding=\"async\" data-src=\"https:\/\/www.halber.ro\/wp-content\/plugins\/wpforms-lite\/assets\/images\/submit-spin.svg\" class=\"wpforms-submit-spinner lazyload\" style=\"--smush-placeholder-width: 26px; --smush-placeholder-aspect-ratio: 26\/26;display: none;\" width=\"26\" height=\"26\" alt=\"Loading\" src=\"data:image\/svg+xml;base64,PHN2ZyB3aWR0aD0iMSIgaGVpZ2h0PSIxIiB4bWxucz0iaHR0cDovL3d3dy53My5vcmcvMjAwMC9zdmciPjwvc3ZnPg==\"><\/div><\/form><\/div>  <!-- .wpforms-container -->[\/vc_column][\/vc_row]<\/p>\n<\/div>","protected":false},"excerpt":{"rendered":"<p>[vc_row][vc_column][\/vc_column][\/vc_row]<\/p>\n","protected":false},"author":33,"featured_media":0,"parent":0,"menu_order":0,"comment_status":"closed","ping_status":"closed","template":"","meta":{"footnotes":""},"class_list":["post-17747","page","type-page","status-publish","hentry"],"yoast_head":"<!-- This site is optimized with the Yoast SEO plugin v27.3 - https:\/\/yoast.com\/product\/yoast-seo-wordpress\/ -->\n<title>Visszat\u00e9r\u00e9si \u0171rlap - halber<\/title>\n<meta name=\"description\" content=\"Visszat\u00e9r\u00e9si \u0171rlap\" \/>\n<meta name=\"robots\" content=\"index, follow, max-snippet:-1, max-image-preview:large, max-video-preview:-1\" \/>\n<link rel=\"canonical\" href=\"https:\/\/www.halber.ro\/hu\/visszateresi-urlap\/\" \/>\n<meta property=\"og:locale\" content=\"hu_HU\" \/>\n<meta property=\"og:type\" content=\"article\" \/>\n<meta property=\"og:title\" content=\"Visszat\u00e9r\u00e9si \u0171rlap - halber\" \/>\n<meta property=\"og:description\" content=\"Visszat\u00e9r\u00e9si \u0171rlap\" \/>\n<meta property=\"og:url\" content=\"https:\/\/www.halber.ro\/hu\/visszateresi-urlap\/\" \/>\n<meta property=\"og:site_name\" content=\"halber\" \/>\n<meta property=\"article:publisher\" content=\"https:\/\/www.facebook.com\/halber.marketplace\" \/>\n<meta property=\"article:modified_time\" content=\"2023-10-04T13:59:54+00:00\" \/>\n<meta name=\"twitter:card\" content=\"summary_large_image\" \/>\n<script type=\"application\/ld+json\" class=\"yoast-schema-graph\">{\"@context\":\"https:\\\/\\\/schema.org\",\"@graph\":[{\"@type\":\"WebPage\",\"@id\":\"https:\\\/\\\/www.halber.ro\\\/hu\\\/visszateresi-urlap\\\/\",\"url\":\"https:\\\/\\\/www.halber.ro\\\/hu\\\/visszateresi-urlap\\\/\",\"name\":\"Visszat\u00e9r\u00e9si \u0171rlap - halber\",\"isPartOf\":{\"@id\":\"https:\\\/\\\/www.halber.ro\\\/hu\\\/#website\"},\"datePublished\":\"2021-11-07T13:01:09+00:00\",\"dateModified\":\"2023-10-04T13:59:54+00:00\",\"description\":\"Visszat\u00e9r\u00e9si \u0171rlap\",\"breadcrumb\":{\"@id\":\"https:\\\/\\\/www.halber.ro\\\/hu\\\/visszateresi-urlap\\\/#breadcrumb\"},\"inLanguage\":\"hu\",\"potentialAction\":[{\"@type\":\"ReadAction\",\"target\":[\"https:\\\/\\\/www.halber.ro\\\/hu\\\/visszateresi-urlap\\\/\"]}]},{\"@type\":\"BreadcrumbList\",\"@id\":\"https:\\\/\\\/www.halber.ro\\\/hu\\\/visszateresi-urlap\\\/#breadcrumb\",\"itemListElement\":[{\"@type\":\"ListItem\",\"position\":1,\"name\":\"Home\",\"item\":\"https:\\\/\\\/www.halber.ro\\\/hu\\\/\"},{\"@type\":\"ListItem\",\"position\":2,\"name\":\"Visszat\u00e9r\u00e9si \u0171rlap\"}]},{\"@type\":\"WebSite\",\"@id\":\"https:\\\/\\\/www.halber.ro\\\/hu\\\/#website\",\"url\":\"https:\\\/\\\/www.halber.ro\\\/hu\\\/\",\"name\":\"halber\",\"description\":\"Bine a\u021bi venit!\",\"publisher\":{\"@id\":\"https:\\\/\\\/www.halber.ro\\\/hu\\\/#organization\"},\"potentialAction\":[{\"@type\":\"SearchAction\",\"target\":{\"@type\":\"EntryPoint\",\"urlTemplate\":\"https:\\\/\\\/www.halber.ro\\\/hu\\\/?s={search_term_string}\"},\"query-input\":{\"@type\":\"PropertyValueSpecification\",\"valueRequired\":true,\"valueName\":\"search_term_string\"}}],\"inLanguage\":\"hu\"},{\"@type\":\"Organization\",\"@id\":\"https:\\\/\\\/www.halber.ro\\\/hu\\\/#organization\",\"name\":\"Trade Trust\",\"url\":\"https:\\\/\\\/www.halber.ro\\\/hu\\\/\",\"logo\":{\"@type\":\"ImageObject\",\"inLanguage\":\"hu\",\"@id\":\"https:\\\/\\\/www.halber.ro\\\/hu\\\/#\\\/schema\\\/logo\\\/image\\\/\",\"url\":\"https:\\\/\\\/www.halber.ro\\\/wp-content\\\/uploads\\\/2023\\\/04\\\/Picture1-e1686946354899.png\",\"contentUrl\":\"https:\\\/\\\/www.halber.ro\\\/wp-content\\\/uploads\\\/2023\\\/04\\\/Picture1-e1686946354899.png\",\"width\":1537,\"height\":879,\"caption\":\"Trade Trust\"},\"image\":{\"@id\":\"https:\\\/\\\/www.halber.ro\\\/hu\\\/#\\\/schema\\\/logo\\\/image\\\/\"},\"sameAs\":[\"https:\\\/\\\/www.facebook.com\\\/halber.marketplace\",\"https:\\\/\\\/www.youtube.com\\\/@halber.romania7831\"]}]}<\/script>\n<!-- \/ Yoast SEO plugin. -->","yoast_head_json":{"title":"Visszat\u00e9r\u00e9si \u0171rlap - halber","description":"Visszat\u00e9r\u00e9si \u0171rlap","robots":{"index":"index","follow":"follow","max-snippet":"max-snippet:-1","max-image-preview":"max-image-preview:large","max-video-preview":"max-video-preview:-1"},"canonical":"https:\/\/www.halber.ro\/hu\/visszateresi-urlap\/","og_locale":"hu_HU","og_type":"article","og_title":"Visszat\u00e9r\u00e9si \u0171rlap - halber","og_description":"Visszat\u00e9r\u00e9si \u0171rlap","og_url":"https:\/\/www.halber.ro\/hu\/visszateresi-urlap\/","og_site_name":"halber","article_publisher":"https:\/\/www.facebook.com\/halber.marketplace","article_modified_time":"2023-10-04T13:59:54+00:00","twitter_card":"summary_large_image","schema":{"@context":"https:\/\/schema.org","@graph":[{"@type":"WebPage","@id":"https:\/\/www.halber.ro\/hu\/visszateresi-urlap\/","url":"https:\/\/www.halber.ro\/hu\/visszateresi-urlap\/","name":"Visszat\u00e9r\u00e9si \u0171rlap - halber","isPartOf":{"@id":"https:\/\/www.halber.ro\/hu\/#website"},"datePublished":"2021-11-07T13:01:09+00:00","dateModified":"2023-10-04T13:59:54+00:00","description":"Visszat\u00e9r\u00e9si \u0171rlap","breadcrumb":{"@id":"https:\/\/www.halber.ro\/hu\/visszateresi-urlap\/#breadcrumb"},"inLanguage":"hu","potentialAction":[{"@type":"ReadAction","target":["https:\/\/www.halber.ro\/hu\/visszateresi-urlap\/"]}]},{"@type":"BreadcrumbList","@id":"https:\/\/www.halber.ro\/hu\/visszateresi-urlap\/#breadcrumb","itemListElement":[{"@type":"ListItem","position":1,"name":"Home","item":"https:\/\/www.halber.ro\/hu\/"},{"@type":"ListItem","position":2,"name":"Visszat\u00e9r\u00e9si \u0171rlap"}]},{"@type":"WebSite","@id":"https:\/\/www.halber.ro\/hu\/#website","url":"https:\/\/www.halber.ro\/hu\/","name":"halber","description":"Bine a\u021bi venit!","publisher":{"@id":"https:\/\/www.halber.ro\/hu\/#organization"},"potentialAction":[{"@type":"SearchAction","target":{"@type":"EntryPoint","urlTemplate":"https:\/\/www.halber.ro\/hu\/?s={search_term_string}"},"query-input":{"@type":"PropertyValueSpecification","valueRequired":true,"valueName":"search_term_string"}}],"inLanguage":"hu"},{"@type":"Organization","@id":"https:\/\/www.halber.ro\/hu\/#organization","name":"Trade Trust","url":"https:\/\/www.halber.ro\/hu\/","logo":{"@type":"ImageObject","inLanguage":"hu","@id":"https:\/\/www.halber.ro\/hu\/#\/schema\/logo\/image\/","url":"https:\/\/www.halber.ro\/wp-content\/uploads\/2023\/04\/Picture1-e1686946354899.png","contentUrl":"https:\/\/www.halber.ro\/wp-content\/uploads\/2023\/04\/Picture1-e1686946354899.png","width":1537,"height":879,"caption":"Trade Trust"},"image":{"@id":"https:\/\/www.halber.ro\/hu\/#\/schema\/logo\/image\/"},"sameAs":["https:\/\/www.facebook.com\/halber.marketplace","https:\/\/www.youtube.com\/@halber.romania7831"]}]}},"_links":{"self":[{"href":"https:\/\/www.halber.ro\/hu\/wp-json\/wp\/v2\/pages\/17747","targetHints":{"allow":["GET"]}}],"collection":[{"href":"https:\/\/www.halber.ro\/hu\/wp-json\/wp\/v2\/pages"}],"about":[{"href":"https:\/\/www.halber.ro\/hu\/wp-json\/wp\/v2\/types\/page"}],"author":[{"embeddable":true,"href":"https:\/\/www.halber.ro\/hu\/wp-json\/wp\/v2\/users\/33"}],"replies":[{"embeddable":true,"href":"https:\/\/www.halber.ro\/hu\/wp-json\/wp\/v2\/comments?post=17747"}],"version-history":[{"count":0,"href":"https:\/\/www.halber.ro\/hu\/wp-json\/wp\/v2\/pages\/17747\/revisions"}],"wp:attachment":[{"href":"https:\/\/www.halber.ro\/hu\/wp-json\/wp\/v2\/media?parent=17747"}],"curies":[{"name":"wp","href":"https:\/\/api.w.org\/{rel}","templated":true}]}}