{"id":17826,"date":"2023-07-21T13:13:43","date_gmt":"2023-07-21T10:13:43","guid":{"rendered":"https:\/\/www.halber.ro\/produs\/dekorativ-3d-halberd-lampa-testreszabhato-uzenettipussal-globe-markerrel-fekete\/"},"modified":"2024-02-15T14:24:59","modified_gmt":"2024-02-15T12:24:59","slug":"dekorativ-3d-lampa-az-testreszabhato-uzenethegy-globusz-jelzovel-kozepes-halvanyfekete","status":"publish","type":"product","link":"https:\/\/www.halber.ro\/hu\/termek\/dekorativ-3d-lampa-az-testreszabhato-uzenethegy-globusz-jelzovel-kozepes-halvanyfekete\/","title":{"rendered":"Dekorat\u00edv 3D l\u00e1mpa testreszabhat\u00f3 \u00fczenettel, g\u00f6mb t\u00edpus\u00fa, jel\u00f6l\u0151vel egy\u00fctt, halber, Fekete"},"content":{"rendered":"<p><strong>3D dekorat\u00edv l\u00e1mpa<\/strong><strong> <\/strong>minden bizonnyal valami egyedi minden otthonban, egyszer\u0171 \u00e9s st\u00edlusos kialak\u00edt\u00e1s\u00e1val, amely minden szob\u00e1t szem\u00e9lyre szab. T\u00f6k\u00e9letes v\u00e1laszt\u00e1s h\u00e1l\u00f3szob\u00e1kba, gyerekszob\u00e1kba, j\u00e1tsz\u00f3szob\u00e1kba, irod\u00e1kba, \u00e9ttermekbe, k\u00e1v\u00e9z\u00f3kba stb.<\/p>\n<p>Ide\u00e1lis aj\u00e1nd\u00e9knak, mivel olyan dekor\u00e1ci\u00f3, amely nappal \u00e9s este is j\u00f3l mutat, amikor kivil\u00e1g\u00edtj\u00e1k.<\/p>\n<ul>\n<li><strong>3D VISUALIZ\u00c1CI\u00d3<\/strong> &#8211; egyed\u00fcl\u00e1ll\u00f3 f\u00e9nyhat\u00e1s, amely egy 2D-s t\u00e1rgyat 3D-s ill\u00fazi\u00f3v\u00e1 alak\u00edt \u00e1t.<\/li>\n<li><strong>MULTISZ\u00cdN <\/strong>&#8211; egy gombnyom\u00e1ssal automatikusan v\u00e1ltozik a sz\u00edn: piros, z\u00f6ld, k\u00e9k, s\u00e1rga,<br \/>\nci\u00e1n, lila, feh\u00e9r. A sz\u00edn manu\u00e1lisan is megv\u00e1ltoztathat\u00f3 minden egyes gombnyom\u00e1sn\u00e1l.<\/li>\n<li><strong>SZEM\u00c9LYES\u00cdT\u00c9S <\/strong>&#8211; rajzolhatsz valamit, \u00edrhatsz a mell\u00e9kelt filccel b\u00e1rmilyen kedves \u00fczenetet &#8211; apr\u00f3 gesztusokat p\u00e1rban vagy motiv\u00e1l\u00f3an sz\u00e1modra.<\/li>\n<\/ul>\n<p>A mell\u00e9kelt jel\u00f6l\u0151vel b\u00e1rmilyen \u00fczenetet \u00edrhatsz, amit csak akarsz. Azt\u00e1n amikor megunod, csak t\u00f6rl\u00f6d az \u00edr\u00e1st, \u00e9s kezdheted el\u00f6lr\u0151l. Alapvet\u0151en van egy megvil\u00e1g\u00edtott v\u00e1szon, amelyet annyiszor testre szabhat, ah\u00e1nyszor csak akar, \u00e9s b\u00e1rmilyen dekor\u00e1ci\u00f3ban j\u00f3l n\u00e9z ki.<\/p>\n<p><iframe title=\"Dekorat\u00edv 3D halber l\u00e1mpa, Macska\" src=\"https:\/\/www.youtube.com\/embed\/8Nebe5Q4Vjg\" width=\"652\" height=\"492\" frameborder=\"0\" allowfullscreen=\"allowfullscreen\"><\/iframe><\/p>\n","protected":false},"excerpt":{"rendered":"<p>A 3D-s dekorat\u00edv l\u00e1mpa minden bizonnyal valami egyedi minden otthonban, egyszer\u0171 \u00e9s st\u00edlusos kialak\u00edt\u00e1s\u00e1val minden szob\u00e1t szem\u00e9lyre szabhat.<\/p>\n","protected":false},"featured_media":24388,"template":"","meta":[],"product_brand":[],"product_cat":[1488],"product_tag":[],"class_list":{"0":"post-17826","1":"product","2":"type-product","3":"status-publish","4":"has-post-thumbnail","6":"product_cat-lampak-es-gyertyak","7":"product_shipping_class-standard-hu","8":"pa_caracterisitici-cheie-3d-hu","9":"pa_caracterisitici-cheie-allithato-szinek","10":"pa_caracterisitici-cheie-testreszabhato","11":"pa_culoare-fekete","12":"pa_garantie-comerciala-12-honap","13":"pa_garantie-de-conformitate-24-honap","14":"pa_material-akril","15":"pa_putere-w-3-hu","16":"pa_tip-produs-virraszto-lampa","18":"first","19":"instock","20":"taxable","21":"shipping-taxable","22":"purchasable","23":"product-type-simple"},"yoast_head":"<!-- This site is optimized with the Yoast SEO plugin v27.3 - https:\/\/yoast.com\/product\/yoast-seo-wordpress\/ -->\n<title>Dekorat\u00edv 3D l\u00e1mpa testreszabhat\u00f3 \u00fczenettel, g\u00f6mb t\u00edpus\u00fa, jel\u00f6l\u0151vel egy\u00fctt, halber, Fekete - halber<\/title>\n<meta name=\"description\" content=\"Dekorat\u00edv 3D l\u00e1mpa testreszabhat\u00f3 \u00fczenettel, g\u00f6mb t\u00edpus\u00fa, jel\u00f6l\u0151vel egy\u00fctt, halber, Fekete\" \/>\n<meta name=\"robots\" content=\"index, follow, max-snippet:-1, max-image-preview:large, max-video-preview:-1\" \/>\n<link rel=\"canonical\" href=\"https:\/\/www.halber.ro\/hu\/termek\/dekorativ-3d-lampa-az-testreszabhato-uzenethegy-globusz-jelzovel-kozepes-halvanyfekete\/\" \/>\n<meta property=\"og:locale\" content=\"hu_HU\" \/>\n<meta property=\"og:type\" content=\"article\" \/>\n<meta property=\"og:title\" content=\"Dekorat\u00edv 3D l\u00e1mpa testreszabhat\u00f3 \u00fczenettel, g\u00f6mb t\u00edpus\u00fa, jel\u00f6l\u0151vel egy\u00fctt, halber, Fekete - halber\" \/>\n<meta property=\"og:description\" content=\"Dekorat\u00edv 3D l\u00e1mpa testreszabhat\u00f3 \u00fczenettel, g\u00f6mb t\u00edpus\u00fa, jel\u00f6l\u0151vel egy\u00fctt, halber, Fekete\" \/>\n<meta property=\"og:url\" content=\"https:\/\/www.halber.ro\/hu\/termek\/dekorativ-3d-lampa-az-testreszabhato-uzenethegy-globusz-jelzovel-kozepes-halvanyfekete\/\" \/>\n<meta property=\"og:site_name\" content=\"halber\" \/>\n<meta property=\"article:publisher\" content=\"https:\/\/www.facebook.com\/halber.marketplace\" \/>\n<meta property=\"article:modified_time\" content=\"2024-02-15T12:24:59+00:00\" \/>\n<meta property=\"og:image\" content=\"https:\/\/www.halber.ro\/wp-content\/uploads\/2024\/12\/LA1GBNP.png\" \/>\n\t<meta property=\"og:image:width\" content=\"416\" \/>\n\t<meta property=\"og:image:height\" content=\"416\" \/>\n\t<meta property=\"og:image:type\" content=\"image\/png\" \/>\n<meta name=\"twitter:card\" content=\"summary_large_image\" \/>\n<meta name=\"twitter:label1\" content=\"Becs\u00fclt olvas\u00e1si id\u0151\" \/>\n\t<meta name=\"twitter:data1\" content=\"1 perc\" \/>\n<script type=\"application\/ld+json\" class=\"yoast-schema-graph\">{\"@context\":\"https:\\\/\\\/schema.org\",\"@graph\":[{\"@type\":\"WebPage\",\"@id\":\"https:\\\/\\\/www.halber.ro\\\/hu\\\/termek\\\/dekorativ-3d-lampa-az-testreszabhato-uzenethegy-globusz-jelzovel-kozepes-halvanyfekete\\\/\",\"url\":\"https:\\\/\\\/www.halber.ro\\\/hu\\\/termek\\\/dekorativ-3d-lampa-az-testreszabhato-uzenethegy-globusz-jelzovel-kozepes-halvanyfekete\\\/\",\"name\":\"Dekorat\u00edv 3D l\u00e1mpa testreszabhat\u00f3 \u00fczenettel, g\u00f6mb t\u00edpus\u00fa, jel\u00f6l\u0151vel egy\u00fctt, halber, Fekete - halber\",\"isPartOf\":{\"@id\":\"https:\\\/\\\/www.halber.ro\\\/hu\\\/#website\"},\"primaryImageOfPage\":{\"@id\":\"https:\\\/\\\/www.halber.ro\\\/hu\\\/termek\\\/dekorativ-3d-lampa-az-testreszabhato-uzenethegy-globusz-jelzovel-kozepes-halvanyfekete\\\/#primaryimage\"},\"image\":{\"@id\":\"https:\\\/\\\/www.halber.ro\\\/hu\\\/termek\\\/dekorativ-3d-lampa-az-testreszabhato-uzenethegy-globusz-jelzovel-kozepes-halvanyfekete\\\/#primaryimage\"},\"thumbnailUrl\":\"https:\\\/\\\/www.halber.ro\\\/wp-content\\\/uploads\\\/2024\\\/12\\\/LA1GBNP.png\",\"datePublished\":\"2023-07-21T10:13:43+00:00\",\"dateModified\":\"2024-02-15T12:24:59+00:00\",\"description\":\"Dekorat\u00edv 3D l\u00e1mpa testreszabhat\u00f3 \u00fczenettel, g\u00f6mb t\u00edpus\u00fa, jel\u00f6l\u0151vel egy\u00fctt, halber, Fekete\",\"breadcrumb\":{\"@id\":\"https:\\\/\\\/www.halber.ro\\\/hu\\\/termek\\\/dekorativ-3d-lampa-az-testreszabhato-uzenethegy-globusz-jelzovel-kozepes-halvanyfekete\\\/#breadcrumb\"},\"inLanguage\":\"hu\",\"potentialAction\":[{\"@type\":\"ReadAction\",\"target\":[\"https:\\\/\\\/www.halber.ro\\\/hu\\\/termek\\\/dekorativ-3d-lampa-az-testreszabhato-uzenethegy-globusz-jelzovel-kozepes-halvanyfekete\\\/\"]}]},{\"@type\":\"ImageObject\",\"inLanguage\":\"hu\",\"@id\":\"https:\\\/\\\/www.halber.ro\\\/hu\\\/termek\\\/dekorativ-3d-lampa-az-testreszabhato-uzenethegy-globusz-jelzovel-kozepes-halvanyfekete\\\/#primaryimage\",\"url\":\"https:\\\/\\\/www.halber.ro\\\/wp-content\\\/uploads\\\/2024\\\/12\\\/LA1GBNP.png\",\"contentUrl\":\"https:\\\/\\\/www.halber.ro\\\/wp-content\\\/uploads\\\/2024\\\/12\\\/LA1GBNP.png\",\"width\":416,\"height\":416,\"caption\":\"Lampi decorative\"},{\"@type\":\"BreadcrumbList\",\"@id\":\"https:\\\/\\\/www.halber.ro\\\/hu\\\/termek\\\/dekorativ-3d-lampa-az-testreszabhato-uzenethegy-globusz-jelzovel-kozepes-halvanyfekete\\\/#breadcrumb\",\"itemListElement\":[{\"@type\":\"ListItem\",\"position\":1,\"name\":\"Home\",\"item\":\"https:\\\/\\\/www.halber.ro\\\/hu\\\/\"},{\"@type\":\"ListItem\",\"position\":2,\"name\":\"Shop\",\"item\":\"https:\\\/\\\/www.halber.ro\\\/\"},{\"@type\":\"ListItem\",\"position\":3,\"name\":\"Dekorat\u00edv 3D l\u00e1mpa testreszabhat\u00f3 \u00fczenettel, g\u00f6mb t\u00edpus\u00fa, jel\u00f6l\u0151vel egy\u00fctt, halber, Fekete\"}]},{\"@type\":\"WebSite\",\"@id\":\"https:\\\/\\\/www.halber.ro\\\/hu\\\/#website\",\"url\":\"https:\\\/\\\/www.halber.ro\\\/hu\\\/\",\"name\":\"halber\",\"description\":\"Bine a\u021bi venit!\",\"publisher\":{\"@id\":\"https:\\\/\\\/www.halber.ro\\\/hu\\\/#organization\"},\"potentialAction\":[{\"@type\":\"SearchAction\",\"target\":{\"@type\":\"EntryPoint\",\"urlTemplate\":\"https:\\\/\\\/www.halber.ro\\\/hu\\\/?s={search_term_string}\"},\"query-input\":{\"@type\":\"PropertyValueSpecification\",\"valueRequired\":true,\"valueName\":\"search_term_string\"}}],\"inLanguage\":\"hu\"},{\"@type\":\"Organization\",\"@id\":\"https:\\\/\\\/www.halber.ro\\\/hu\\\/#organization\",\"name\":\"Trade Trust\",\"url\":\"https:\\\/\\\/www.halber.ro\\\/hu\\\/\",\"logo\":{\"@type\":\"ImageObject\",\"inLanguage\":\"hu\",\"@id\":\"https:\\\/\\\/www.halber.ro\\\/hu\\\/#\\\/schema\\\/logo\\\/image\\\/\",\"url\":\"https:\\\/\\\/www.halber.ro\\\/wp-content\\\/uploads\\\/2023\\\/04\\\/Picture1-e1686946354899.png\",\"contentUrl\":\"https:\\\/\\\/www.halber.ro\\\/wp-content\\\/uploads\\\/2023\\\/04\\\/Picture1-e1686946354899.png\",\"width\":1537,\"height\":879,\"caption\":\"Trade Trust\"},\"image\":{\"@id\":\"https:\\\/\\\/www.halber.ro\\\/hu\\\/#\\\/schema\\\/logo\\\/image\\\/\"},\"sameAs\":[\"https:\\\/\\\/www.facebook.com\\\/halber.marketplace\",\"https:\\\/\\\/www.youtube.com\\\/@halber.romania7831\"]}]}<\/script>\n<!-- \/ Yoast SEO plugin. -->","yoast_head_json":{"title":"Dekorat\u00edv 3D l\u00e1mpa testreszabhat\u00f3 \u00fczenettel, g\u00f6mb t\u00edpus\u00fa, jel\u00f6l\u0151vel egy\u00fctt, halber, Fekete - halber","description":"Dekorat\u00edv 3D l\u00e1mpa testreszabhat\u00f3 \u00fczenettel, g\u00f6mb t\u00edpus\u00fa, jel\u00f6l\u0151vel egy\u00fctt, halber, Fekete","robots":{"index":"index","follow":"follow","max-snippet":"max-snippet:-1","max-image-preview":"max-image-preview:large","max-video-preview":"max-video-preview:-1"},"canonical":"https:\/\/www.halber.ro\/hu\/termek\/dekorativ-3d-lampa-az-testreszabhato-uzenethegy-globusz-jelzovel-kozepes-halvanyfekete\/","og_locale":"hu_HU","og_type":"article","og_title":"Dekorat\u00edv 3D l\u00e1mpa testreszabhat\u00f3 \u00fczenettel, g\u00f6mb t\u00edpus\u00fa, jel\u00f6l\u0151vel egy\u00fctt, halber, Fekete - halber","og_description":"Dekorat\u00edv 3D l\u00e1mpa testreszabhat\u00f3 \u00fczenettel, g\u00f6mb t\u00edpus\u00fa, jel\u00f6l\u0151vel egy\u00fctt, halber, Fekete","og_url":"https:\/\/www.halber.ro\/hu\/termek\/dekorativ-3d-lampa-az-testreszabhato-uzenethegy-globusz-jelzovel-kozepes-halvanyfekete\/","og_site_name":"halber","article_publisher":"https:\/\/www.facebook.com\/halber.marketplace","article_modified_time":"2024-02-15T12:24:59+00:00","og_image":[{"width":416,"height":416,"url":"https:\/\/www.halber.ro\/wp-content\/uploads\/2024\/12\/LA1GBNP.png","type":"image\/png"}],"twitter_card":"summary_large_image","twitter_misc":{"Becs\u00fclt olvas\u00e1si id\u0151":"1 perc"},"schema":{"@context":"https:\/\/schema.org","@graph":[{"@type":"WebPage","@id":"https:\/\/www.halber.ro\/hu\/termek\/dekorativ-3d-lampa-az-testreszabhato-uzenethegy-globusz-jelzovel-kozepes-halvanyfekete\/","url":"https:\/\/www.halber.ro\/hu\/termek\/dekorativ-3d-lampa-az-testreszabhato-uzenethegy-globusz-jelzovel-kozepes-halvanyfekete\/","name":"Dekorat\u00edv 3D l\u00e1mpa testreszabhat\u00f3 \u00fczenettel, g\u00f6mb t\u00edpus\u00fa, jel\u00f6l\u0151vel egy\u00fctt, halber, Fekete - halber","isPartOf":{"@id":"https:\/\/www.halber.ro\/hu\/#website"},"primaryImageOfPage":{"@id":"https:\/\/www.halber.ro\/hu\/termek\/dekorativ-3d-lampa-az-testreszabhato-uzenethegy-globusz-jelzovel-kozepes-halvanyfekete\/#primaryimage"},"image":{"@id":"https:\/\/www.halber.ro\/hu\/termek\/dekorativ-3d-lampa-az-testreszabhato-uzenethegy-globusz-jelzovel-kozepes-halvanyfekete\/#primaryimage"},"thumbnailUrl":"https:\/\/www.halber.ro\/wp-content\/uploads\/2024\/12\/LA1GBNP.png","datePublished":"2023-07-21T10:13:43+00:00","dateModified":"2024-02-15T12:24:59+00:00","description":"Dekorat\u00edv 3D l\u00e1mpa testreszabhat\u00f3 \u00fczenettel, g\u00f6mb t\u00edpus\u00fa, jel\u00f6l\u0151vel egy\u00fctt, halber, Fekete","breadcrumb":{"@id":"https:\/\/www.halber.ro\/hu\/termek\/dekorativ-3d-lampa-az-testreszabhato-uzenethegy-globusz-jelzovel-kozepes-halvanyfekete\/#breadcrumb"},"inLanguage":"hu","potentialAction":[{"@type":"ReadAction","target":["https:\/\/www.halber.ro\/hu\/termek\/dekorativ-3d-lampa-az-testreszabhato-uzenethegy-globusz-jelzovel-kozepes-halvanyfekete\/"]}]},{"@type":"ImageObject","inLanguage":"hu","@id":"https:\/\/www.halber.ro\/hu\/termek\/dekorativ-3d-lampa-az-testreszabhato-uzenethegy-globusz-jelzovel-kozepes-halvanyfekete\/#primaryimage","url":"https:\/\/www.halber.ro\/wp-content\/uploads\/2024\/12\/LA1GBNP.png","contentUrl":"https:\/\/www.halber.ro\/wp-content\/uploads\/2024\/12\/LA1GBNP.png","width":416,"height":416,"caption":"Lampi decorative"},{"@type":"BreadcrumbList","@id":"https:\/\/www.halber.ro\/hu\/termek\/dekorativ-3d-lampa-az-testreszabhato-uzenethegy-globusz-jelzovel-kozepes-halvanyfekete\/#breadcrumb","itemListElement":[{"@type":"ListItem","position":1,"name":"Home","item":"https:\/\/www.halber.ro\/hu\/"},{"@type":"ListItem","position":2,"name":"Shop","item":"https:\/\/www.halber.ro\/"},{"@type":"ListItem","position":3,"name":"Dekorat\u00edv 3D l\u00e1mpa testreszabhat\u00f3 \u00fczenettel, g\u00f6mb t\u00edpus\u00fa, jel\u00f6l\u0151vel egy\u00fctt, halber, Fekete"}]},{"@type":"WebSite","@id":"https:\/\/www.halber.ro\/hu\/#website","url":"https:\/\/www.halber.ro\/hu\/","name":"halber","description":"Bine a\u021bi venit!","publisher":{"@id":"https:\/\/www.halber.ro\/hu\/#organization"},"potentialAction":[{"@type":"SearchAction","target":{"@type":"EntryPoint","urlTemplate":"https:\/\/www.halber.ro\/hu\/?s={search_term_string}"},"query-input":{"@type":"PropertyValueSpecification","valueRequired":true,"valueName":"search_term_string"}}],"inLanguage":"hu"},{"@type":"Organization","@id":"https:\/\/www.halber.ro\/hu\/#organization","name":"Trade Trust","url":"https:\/\/www.halber.ro\/hu\/","logo":{"@type":"ImageObject","inLanguage":"hu","@id":"https:\/\/www.halber.ro\/hu\/#\/schema\/logo\/image\/","url":"https:\/\/www.halber.ro\/wp-content\/uploads\/2023\/04\/Picture1-e1686946354899.png","contentUrl":"https:\/\/www.halber.ro\/wp-content\/uploads\/2023\/04\/Picture1-e1686946354899.png","width":1537,"height":879,"caption":"Trade Trust"},"image":{"@id":"https:\/\/www.halber.ro\/hu\/#\/schema\/logo\/image\/"},"sameAs":["https:\/\/www.facebook.com\/halber.marketplace","https:\/\/www.youtube.com\/@halber.romania7831"]}]}},"_links":{"self":[{"href":"https:\/\/www.halber.ro\/hu\/wp-json\/wp\/v2\/product\/17826","targetHints":{"allow":["GET"]}}],"collection":[{"href":"https:\/\/www.halber.ro\/hu\/wp-json\/wp\/v2\/product"}],"about":[{"href":"https:\/\/www.halber.ro\/hu\/wp-json\/wp\/v2\/types\/product"}],"wp:featuredmedia":[{"embeddable":true,"href":"https:\/\/www.halber.ro\/hu\/wp-json\/wp\/v2\/media\/24388"}],"wp:attachment":[{"href":"https:\/\/www.halber.ro\/hu\/wp-json\/wp\/v2\/media?parent=17826"}],"wp:term":[{"taxonomy":"product_brand","embeddable":true,"href":"https:\/\/www.halber.ro\/hu\/wp-json\/wp\/v2\/product_brand?post=17826"},{"taxonomy":"product_cat","embeddable":true,"href":"https:\/\/www.halber.ro\/hu\/wp-json\/wp\/v2\/product_cat?post=17826"},{"taxonomy":"product_tag","embeddable":true,"href":"https:\/\/www.halber.ro\/hu\/wp-json\/wp\/v2\/product_tag?post=17826"}],"curies":[{"name":"wp","href":"https:\/\/api.w.org\/{rel}","templated":true}]}}