{"id":17850,"date":"2023-07-18T21:23:17","date_gmt":"2023-07-18T18:23:17","guid":{"rendered":"https:\/\/www.halber.ro\/produs\/dekorativ-homokora-lampa-halber-ametiszt-amethyst\/"},"modified":"2024-02-15T14:24:59","modified_gmt":"2024-02-15T12:24:59","slug":"dekorativ-lampa-clepsyd-halber-ametist","status":"publish","type":"product","link":"https:\/\/www.halber.ro\/hu\/termek\/dekorativ-lampa-clepsyd-halber-ametist\/","title":{"rendered":"Dekorat\u00edv homok\u00f3ra l\u00e1mpa, halber, Ametiszt"},"content":{"rendered":"<p style=\"font-weight: 400;\">Egyed\u00fcl\u00e1ll\u00f3 kialak\u00edt\u00e1s: a l\u00e1mpa egyedi k\u00f6rk\u00f6r\u00f6s f\u00e9nykialak\u00edt\u00e1st alkalmaz, amely elker\u00fclheti a k\u00f6zvetlen f\u00e9nyt a szembe. A l\u00e1mpa mindig dinamikus homokkal egy pihentet\u0151 k\u00e9pet hoz l\u00e9tre, \u00edgy minden alkalommal, amikor a homokk\u00e9pet forgatod, m\u00e1s k\u00e9pet kapsz. A hull\u00f3 homokot \u00e9s a v\u00e1ltoz\u00f3 t\u00e1jk\u00e9pet figyelve k\u00fcl\u00f6n\u00f6sen nyugodtnak \u00e9s pihentet\u0151nek fogja \u00e9rezni mag\u00e1t!<\/p>\n<p style=\"font-weight: 400;\">Nyom\u00f3gombos kapcsol\u00f3: folyamatos f\u00e9nyer\u0151szab\u00e1lyoz\u00e1s 3 sz\u00ednben (meleg f\u00e9ny, semleges f\u00e9ny \u00e9s feh\u00e9r f\u00e9ny). A gomb megnyom\u00e1s\u00e1val minden alkalommal megv\u00e1ltoztathatja a f\u00e9nyt\u00edpust)<\/p>\n<p>A nagy \u00e1tl\u00e1tsz\u00f3s\u00e1g\u00fa \u00fcveg, amely krist\u00e1lytiszta, mint egy v\u00edzcsepp, lehet\u0151v\u00e9 teszi, hogy teljes m\u00e9rt\u00e9kben \u00e9lvezze a v\u00e1ltoz\u00f3 homok sz\u00e9ps\u00e9g\u00e9t. A term\u00e9k r\u00e9szletei finom, gondosan szit\u00e1lt homok, sz\u00ednes, a szintek vil\u00e1gosan kirajzol\u00f3dnak, \u00e9s a 3D hat\u00e1sminta kiv\u00e1l\u00f3.<\/p>\n<p><iframe title=\"Dekorat\u00edv homok\u00f3ra l\u00e1mpa, halber,\" src=\"https:\/\/www.youtube.com\/embed\/q6FK7uugzcE\" width=\"885\" height=\"498\" frameborder=\"0\" allowfullscreen=\"allowfullscreen\"><\/iframe><\/p>\n","protected":false},"excerpt":{"rendered":"<p>Dekorat\u00edv l\u00e1mpa mozg\u00f3 homokkal, amelyek lassan sivatagokat, \u00f3ce\u00e1nokat, hegyeket \u00e9s m\u00e1s t\u00e1jakat form\u00e1lnak.<\/p>\n<p>A homok finom, a folyad\u00e9k \u00e9s a leveg\u0151 egyes\u00fcl, \u00e9s a hull\u00f3 fut\u00f3homok leny\u0171g\u00f6z\u0151 k\u00e9pben gy\u00f6ny\u00f6rk\u00f6dhet. Kiel\u00e9g\u00edt\u0151 stresszold\u00f3 hat\u00e1s.<\/p>\n","protected":false},"featured_media":17301,"template":"","meta":[],"product_brand":[],"product_cat":[1488],"product_tag":[],"class_list":{"0":"post-17850","1":"product","2":"type-product","3":"status-publish","4":"has-post-thumbnail","6":"product_cat-lampak-es-gyertyak","7":"product_shipping_class-standard-hu","8":"pa_caracterisitici-cheie-allithato-szinek","9":"pa_culoare-lila","10":"pa_garantie-comerciala-12-honap","11":"pa_garantie-de-conformitate-24-honap","12":"pa_material-uveg","13":"pa_putere-w-5-hu","14":"pa_tip-produs-virraszto-lampa","16":"first","17":"instock","18":"taxable","19":"shipping-taxable","20":"purchasable","21":"product-type-simple"},"yoast_head":"<!-- This site is optimized with the Yoast SEO plugin v27.3 - https:\/\/yoast.com\/product\/yoast-seo-wordpress\/ -->\n<title>Dekorat\u00edv homok\u00f3ra l\u00e1mpa, halber, Ametiszt - halber<\/title>\n<meta name=\"description\" content=\"Dekorat\u00edv homok\u00f3ra l\u00e1mpa, halber, Ametiszt\" \/>\n<meta name=\"robots\" content=\"index, follow, max-snippet:-1, max-image-preview:large, max-video-preview:-1\" \/>\n<link rel=\"canonical\" href=\"https:\/\/www.halber.ro\/hu\/termek\/dekorativ-lampa-clepsyd-halber-ametist\/\" \/>\n<meta property=\"og:locale\" content=\"hu_HU\" \/>\n<meta property=\"og:type\" content=\"article\" \/>\n<meta property=\"og:title\" content=\"Dekorat\u00edv homok\u00f3ra l\u00e1mpa, halber, Ametiszt - halber\" \/>\n<meta property=\"og:description\" content=\"Dekorat\u00edv homok\u00f3ra l\u00e1mpa, halber, Ametiszt\" \/>\n<meta property=\"og:url\" content=\"https:\/\/www.halber.ro\/hu\/termek\/dekorativ-lampa-clepsyd-halber-ametist\/\" \/>\n<meta property=\"og:site_name\" content=\"halber\" \/>\n<meta property=\"article:publisher\" content=\"https:\/\/www.facebook.com\/halber.marketplace\" \/>\n<meta property=\"article:modified_time\" content=\"2024-02-15T12:24:59+00:00\" \/>\n<meta property=\"og:image\" content=\"https:\/\/www.halber.ro\/wp-content\/uploads\/2023\/07\/cropped-LA2AMT-7-1-jpg.webp\" \/>\n\t<meta property=\"og:image:width\" content=\"1459\" \/>\n\t<meta property=\"og:image:height\" content=\"1459\" \/>\n\t<meta property=\"og:image:type\" content=\"image\/jpeg\" \/>\n<meta name=\"twitter:card\" content=\"summary_large_image\" \/>\n<meta name=\"twitter:label1\" content=\"Becs\u00fclt olvas\u00e1si id\u0151\" \/>\n\t<meta name=\"twitter:data1\" content=\"1 perc\" \/>\n<script type=\"application\/ld+json\" class=\"yoast-schema-graph\">{\"@context\":\"https:\\\/\\\/schema.org\",\"@graph\":[{\"@type\":\"WebPage\",\"@id\":\"https:\\\/\\\/www.halber.ro\\\/hu\\\/termek\\\/dekorativ-lampa-clepsyd-halber-ametist\\\/\",\"url\":\"https:\\\/\\\/www.halber.ro\\\/hu\\\/termek\\\/dekorativ-lampa-clepsyd-halber-ametist\\\/\",\"name\":\"Dekorat\u00edv homok\u00f3ra l\u00e1mpa, halber, Ametiszt - halber\",\"isPartOf\":{\"@id\":\"https:\\\/\\\/www.halber.ro\\\/hu\\\/#website\"},\"primaryImageOfPage\":{\"@id\":\"https:\\\/\\\/www.halber.ro\\\/hu\\\/termek\\\/dekorativ-lampa-clepsyd-halber-ametist\\\/#primaryimage\"},\"image\":{\"@id\":\"https:\\\/\\\/www.halber.ro\\\/hu\\\/termek\\\/dekorativ-lampa-clepsyd-halber-ametist\\\/#primaryimage\"},\"thumbnailUrl\":\"https:\\\/\\\/www.halber.ro\\\/wp-content\\\/uploads\\\/2023\\\/07\\\/cropped-LA2AMT-7-1-jpg.webp\",\"datePublished\":\"2023-07-18T18:23:17+00:00\",\"dateModified\":\"2024-02-15T12:24:59+00:00\",\"description\":\"Dekorat\u00edv homok\u00f3ra l\u00e1mpa, halber, Ametiszt\",\"breadcrumb\":{\"@id\":\"https:\\\/\\\/www.halber.ro\\\/hu\\\/termek\\\/dekorativ-lampa-clepsyd-halber-ametist\\\/#breadcrumb\"},\"inLanguage\":\"hu\",\"potentialAction\":[{\"@type\":\"ReadAction\",\"target\":[\"https:\\\/\\\/www.halber.ro\\\/hu\\\/termek\\\/dekorativ-lampa-clepsyd-halber-ametist\\\/\"]}]},{\"@type\":\"ImageObject\",\"inLanguage\":\"hu\",\"@id\":\"https:\\\/\\\/www.halber.ro\\\/hu\\\/termek\\\/dekorativ-lampa-clepsyd-halber-ametist\\\/#primaryimage\",\"url\":\"https:\\\/\\\/www.halber.ro\\\/wp-content\\\/uploads\\\/2023\\\/07\\\/cropped-LA2AMT-7-1-jpg.webp\",\"contentUrl\":\"https:\\\/\\\/www.halber.ro\\\/wp-content\\\/uploads\\\/2023\\\/07\\\/cropped-LA2AMT-7-1-jpg.webp\",\"width\":1459,\"height\":1459,\"caption\":\"Lampa decorativa\"},{\"@type\":\"BreadcrumbList\",\"@id\":\"https:\\\/\\\/www.halber.ro\\\/hu\\\/termek\\\/dekorativ-lampa-clepsyd-halber-ametist\\\/#breadcrumb\",\"itemListElement\":[{\"@type\":\"ListItem\",\"position\":1,\"name\":\"Home\",\"item\":\"https:\\\/\\\/www.halber.ro\\\/hu\\\/\"},{\"@type\":\"ListItem\",\"position\":2,\"name\":\"Shop\",\"item\":\"https:\\\/\\\/www.halber.ro\\\/\"},{\"@type\":\"ListItem\",\"position\":3,\"name\":\"Dekorat\u00edv homok\u00f3ra l\u00e1mpa, halber, Ametiszt\"}]},{\"@type\":\"WebSite\",\"@id\":\"https:\\\/\\\/www.halber.ro\\\/hu\\\/#website\",\"url\":\"https:\\\/\\\/www.halber.ro\\\/hu\\\/\",\"name\":\"halber\",\"description\":\"Bine a\u021bi venit!\",\"publisher\":{\"@id\":\"https:\\\/\\\/www.halber.ro\\\/hu\\\/#organization\"},\"potentialAction\":[{\"@type\":\"SearchAction\",\"target\":{\"@type\":\"EntryPoint\",\"urlTemplate\":\"https:\\\/\\\/www.halber.ro\\\/hu\\\/?s={search_term_string}\"},\"query-input\":{\"@type\":\"PropertyValueSpecification\",\"valueRequired\":true,\"valueName\":\"search_term_string\"}}],\"inLanguage\":\"hu\"},{\"@type\":\"Organization\",\"@id\":\"https:\\\/\\\/www.halber.ro\\\/hu\\\/#organization\",\"name\":\"Trade Trust\",\"url\":\"https:\\\/\\\/www.halber.ro\\\/hu\\\/\",\"logo\":{\"@type\":\"ImageObject\",\"inLanguage\":\"hu\",\"@id\":\"https:\\\/\\\/www.halber.ro\\\/hu\\\/#\\\/schema\\\/logo\\\/image\\\/\",\"url\":\"https:\\\/\\\/www.halber.ro\\\/wp-content\\\/uploads\\\/2023\\\/04\\\/Picture1-e1686946354899.png\",\"contentUrl\":\"https:\\\/\\\/www.halber.ro\\\/wp-content\\\/uploads\\\/2023\\\/04\\\/Picture1-e1686946354899.png\",\"width\":1537,\"height\":879,\"caption\":\"Trade Trust\"},\"image\":{\"@id\":\"https:\\\/\\\/www.halber.ro\\\/hu\\\/#\\\/schema\\\/logo\\\/image\\\/\"},\"sameAs\":[\"https:\\\/\\\/www.facebook.com\\\/halber.marketplace\",\"https:\\\/\\\/www.youtube.com\\\/@halber.romania7831\"]}]}<\/script>\n<!-- \/ Yoast SEO plugin. -->","yoast_head_json":{"title":"Dekorat\u00edv homok\u00f3ra l\u00e1mpa, halber, Ametiszt - halber","description":"Dekorat\u00edv homok\u00f3ra l\u00e1mpa, halber, Ametiszt","robots":{"index":"index","follow":"follow","max-snippet":"max-snippet:-1","max-image-preview":"max-image-preview:large","max-video-preview":"max-video-preview:-1"},"canonical":"https:\/\/www.halber.ro\/hu\/termek\/dekorativ-lampa-clepsyd-halber-ametist\/","og_locale":"hu_HU","og_type":"article","og_title":"Dekorat\u00edv homok\u00f3ra l\u00e1mpa, halber, Ametiszt - halber","og_description":"Dekorat\u00edv homok\u00f3ra l\u00e1mpa, halber, Ametiszt","og_url":"https:\/\/www.halber.ro\/hu\/termek\/dekorativ-lampa-clepsyd-halber-ametist\/","og_site_name":"halber","article_publisher":"https:\/\/www.facebook.com\/halber.marketplace","article_modified_time":"2024-02-15T12:24:59+00:00","og_image":[{"width":1459,"height":1459,"url":"https:\/\/www.halber.ro\/wp-content\/uploads\/2023\/07\/cropped-LA2AMT-7-1-jpg.webp","type":"image\/jpeg"}],"twitter_card":"summary_large_image","twitter_misc":{"Becs\u00fclt olvas\u00e1si id\u0151":"1 perc"},"schema":{"@context":"https:\/\/schema.org","@graph":[{"@type":"WebPage","@id":"https:\/\/www.halber.ro\/hu\/termek\/dekorativ-lampa-clepsyd-halber-ametist\/","url":"https:\/\/www.halber.ro\/hu\/termek\/dekorativ-lampa-clepsyd-halber-ametist\/","name":"Dekorat\u00edv homok\u00f3ra l\u00e1mpa, halber, Ametiszt - halber","isPartOf":{"@id":"https:\/\/www.halber.ro\/hu\/#website"},"primaryImageOfPage":{"@id":"https:\/\/www.halber.ro\/hu\/termek\/dekorativ-lampa-clepsyd-halber-ametist\/#primaryimage"},"image":{"@id":"https:\/\/www.halber.ro\/hu\/termek\/dekorativ-lampa-clepsyd-halber-ametist\/#primaryimage"},"thumbnailUrl":"https:\/\/www.halber.ro\/wp-content\/uploads\/2023\/07\/cropped-LA2AMT-7-1-jpg.webp","datePublished":"2023-07-18T18:23:17+00:00","dateModified":"2024-02-15T12:24:59+00:00","description":"Dekorat\u00edv homok\u00f3ra l\u00e1mpa, halber, Ametiszt","breadcrumb":{"@id":"https:\/\/www.halber.ro\/hu\/termek\/dekorativ-lampa-clepsyd-halber-ametist\/#breadcrumb"},"inLanguage":"hu","potentialAction":[{"@type":"ReadAction","target":["https:\/\/www.halber.ro\/hu\/termek\/dekorativ-lampa-clepsyd-halber-ametist\/"]}]},{"@type":"ImageObject","inLanguage":"hu","@id":"https:\/\/www.halber.ro\/hu\/termek\/dekorativ-lampa-clepsyd-halber-ametist\/#primaryimage","url":"https:\/\/www.halber.ro\/wp-content\/uploads\/2023\/07\/cropped-LA2AMT-7-1-jpg.webp","contentUrl":"https:\/\/www.halber.ro\/wp-content\/uploads\/2023\/07\/cropped-LA2AMT-7-1-jpg.webp","width":1459,"height":1459,"caption":"Lampa decorativa"},{"@type":"BreadcrumbList","@id":"https:\/\/www.halber.ro\/hu\/termek\/dekorativ-lampa-clepsyd-halber-ametist\/#breadcrumb","itemListElement":[{"@type":"ListItem","position":1,"name":"Home","item":"https:\/\/www.halber.ro\/hu\/"},{"@type":"ListItem","position":2,"name":"Shop","item":"https:\/\/www.halber.ro\/"},{"@type":"ListItem","position":3,"name":"Dekorat\u00edv homok\u00f3ra l\u00e1mpa, halber, Ametiszt"}]},{"@type":"WebSite","@id":"https:\/\/www.halber.ro\/hu\/#website","url":"https:\/\/www.halber.ro\/hu\/","name":"halber","description":"Bine a\u021bi venit!","publisher":{"@id":"https:\/\/www.halber.ro\/hu\/#organization"},"potentialAction":[{"@type":"SearchAction","target":{"@type":"EntryPoint","urlTemplate":"https:\/\/www.halber.ro\/hu\/?s={search_term_string}"},"query-input":{"@type":"PropertyValueSpecification","valueRequired":true,"valueName":"search_term_string"}}],"inLanguage":"hu"},{"@type":"Organization","@id":"https:\/\/www.halber.ro\/hu\/#organization","name":"Trade Trust","url":"https:\/\/www.halber.ro\/hu\/","logo":{"@type":"ImageObject","inLanguage":"hu","@id":"https:\/\/www.halber.ro\/hu\/#\/schema\/logo\/image\/","url":"https:\/\/www.halber.ro\/wp-content\/uploads\/2023\/04\/Picture1-e1686946354899.png","contentUrl":"https:\/\/www.halber.ro\/wp-content\/uploads\/2023\/04\/Picture1-e1686946354899.png","width":1537,"height":879,"caption":"Trade Trust"},"image":{"@id":"https:\/\/www.halber.ro\/hu\/#\/schema\/logo\/image\/"},"sameAs":["https:\/\/www.facebook.com\/halber.marketplace","https:\/\/www.youtube.com\/@halber.romania7831"]}]}},"_links":{"self":[{"href":"https:\/\/www.halber.ro\/hu\/wp-json\/wp\/v2\/product\/17850","targetHints":{"allow":["GET"]}}],"collection":[{"href":"https:\/\/www.halber.ro\/hu\/wp-json\/wp\/v2\/product"}],"about":[{"href":"https:\/\/www.halber.ro\/hu\/wp-json\/wp\/v2\/types\/product"}],"wp:featuredmedia":[{"embeddable":true,"href":"https:\/\/www.halber.ro\/hu\/wp-json\/wp\/v2\/media\/17301"}],"wp:attachment":[{"href":"https:\/\/www.halber.ro\/hu\/wp-json\/wp\/v2\/media?parent=17850"}],"wp:term":[{"taxonomy":"product_brand","embeddable":true,"href":"https:\/\/www.halber.ro\/hu\/wp-json\/wp\/v2\/product_brand?post=17850"},{"taxonomy":"product_cat","embeddable":true,"href":"https:\/\/www.halber.ro\/hu\/wp-json\/wp\/v2\/product_cat?post=17850"},{"taxonomy":"product_tag","embeddable":true,"href":"https:\/\/www.halber.ro\/hu\/wp-json\/wp\/v2\/product_tag?post=17850"}],"curies":[{"name":"wp","href":"https:\/\/api.w.org\/{rel}","templated":true}]}}