{"id":17857,"date":"2023-07-18T14:33:06","date_gmt":"2023-07-18T11:33:06","guid":{"rendered":"https:\/\/www.halber.ro\/produs\/laptop-taska-halber-uzleti-ceo-15-6-huvelyk-fekete\/"},"modified":"2024-02-18T00:00:11","modified_gmt":"2024-02-17T22:00:11","slug":"taska-laptop-halber-uzleti-ceo-15-6-inch-fekete","status":"publish","type":"product","link":"https:\/\/www.halber.ro\/hu\/termek\/taska-laptop-halber-uzleti-ceo-15-6-inch-fekete\/","title":{"rendered":"Laptop t\u00e1ska, halber, \u00fczleti, CEO, 15,6 h\u00fcvelyk, fekete"},"content":{"rendered":"<p>Bemutatjuk a halber \u00dczleti CEO t\u00e1sk\u00e1t! Klasszikus, eleg\u00e1ns \u00e9s optim\u00e1lis design! T\u00f6k\u00e9letes a laptop \u00e9s a dokumentumok sz\u00e1m\u00e1ra &#8211; mindegyiknek k\u00fcl\u00f6n hely van! 3 k\u00fcls\u0151 rekesz \u00e9s 13 j\u00f3l szervezett bels\u0151 rekesz el\u0151nyeit \u00e9lvezheti!<\/p>\n<p>Kompatibilis a legfeljebb 16 h\u00fcvelyk k\u00e9p\u00e1tl\u00f3j\u00fa laptopokkal.<\/p>\n<p>A t\u00e1ska v\u00edz\u00e1ll\u00f3 anyagb\u00f3l k\u00e9sz\u00fclt, \u00edgy megv\u00e9di a laptopot a balesetekt\u0151l.<\/p>\n<ul>\n<li><strong>T\u00f6bbfunkci\u00f3s rekeszek<\/strong> A habszivaccsal b\u00e9lelt laptopt\u00e1ska v\u00e9di a laptopot. A 13 zsebbel pedig rengeteg helyet k\u00edn\u00e1l. Tartja a laptopot, iPhone-t, iPadet, \u00fatlevelet, tollakat, kulcsokat, p\u00e9nzt\u00e1rc\u00e1t, \u00f3r\u00e1t, t\u00f6lt\u0151t, MP3-lej\u00e1tsz\u00f3t, A\/4-es pap\u00edrt, k\u00f6nyveket, eserny\u0151t, \u00fcd\u00edt\u0151t \u00e9s m\u00e9g sok m\u00e1st. K\u00f6nny\u0171 megtal\u00e1lni, amit keresel.<\/li>\n<li><strong>K\u00e9nyelmes \u00e9s humaniz\u00e1lt kialak\u00edt\u00e1s:<\/strong> az \u00e1ll\u00edthat\u00f3 \u00e9s levehet\u0151 v\u00e1llp\u00e1nt maxim\u00e1lis k\u00e9nyelmet biztos\u00edt, \u00e9s leveszi a terhet a v\u00e1lladr\u00f3l. A foganty\u00fa k\u00e9nyelmes hossz\u00fa t\u00e1v\u00fa haszn\u00e1latot biztos\u00edt.<\/li>\n<li><strong>K\u00f6nny\u0171 hordozhat\u00f3s\u00e1g \u00e9s k\u00e9nyelem<\/strong>: A poggy\u00e1szp\u00e1nttal a laptop t\u00e1sk\u00e1t a poggy\u00e1sz\u00e1n\/ b\u0151r\u00f6ndj\u00e9n tarthatja, \u00e9s k\u00e9nyelmesen hordozhatja a sz\u00e1m\u00edt\u00f3g\u00e9pes t\u00e1sk\u00e1t. J\u00f3 v\u00e1laszt\u00e1s \u00fczlethez, utaz\u00e1shoz, munk\u00e1hoz, f\u0151iskol\u00e1ra.<\/li>\n<li><strong>B\u0151v\u00edthet\u0151 kapacit\u00e1s:<\/strong> a k\u00e9zipoggy\u00e1sz meger\u0151s\u00edtett, habszivaccsal b\u00e9lelt f\u0151 rekesze biztons\u00e1gos helyet biztos\u00edt 13\/14\/15\/15\/15,6, 16 h\u00fcvelykes laptopoknak, a m\u00e1sodlagos rekesz pedig egy\u00e9b t\u00e1rgyaknak, p\u00e9ld\u00e1ul k\u00f6nyveknek, iratoknak \u00e9s mapp\u00e1knak.<\/li>\n<\/ul>\n<p><iframe title=\"Laptop bag halber, \u00dczleti, CEO\" src=\"https:\/\/www.youtube.com\/embed\/KMLTTV2AgSI\" width=\"885\" height=\"498\" frameborder=\"0\" allowfullscreen=\"allowfullscreen\"><\/iframe><\/p>\n","protected":false},"excerpt":{"rendered":"<p>Bemutatjuk a halber \u00dczleti CEO t\u00e1sk\u00e1t! Klasszikus, eleg\u00e1ns \u00e9s optim\u00e1lis design! T\u00f6k\u00e9letes a laptop \u00e9s a dokumentumok sz\u00e1m\u00e1ra!<\/p>\n","protected":false},"featured_media":17401,"template":"","meta":[],"product_brand":[],"product_cat":[1550],"product_tag":[],"class_list":{"0":"post-17857","1":"product","2":"type-product","3":"status-publish","4":"has-post-thumbnail","6":"product_cat-15-6-huvelykes-laptop-taskak","7":"product_shipping_class-standard-hu","8":"pa_caracterisitici-cheie-kocsival-rogzitheto","9":"pa_compartimente-exterioare-3-hu","10":"pa_compartimente-interioare-13-hu","11":"pa_compatibilitate-13-3-hu","12":"pa_compatibilitate-14-hu","13":"pa_compatibilitate-15-6-hu","14":"pa_culoare-fekete","15":"pa_garantie-comerciala-24-honap","16":"pa_garantie-de-conformitate-24-honap","17":"pa_material-jacquard-hu","18":"pa_tip-produs-valltaska","20":"first","21":"instock","22":"taxable","23":"shipping-taxable","24":"purchasable","25":"product-type-simple"},"yoast_head":"<!-- This site is optimized with the Yoast SEO plugin v27.3 - https:\/\/yoast.com\/product\/yoast-seo-wordpress\/ -->\n<title>Laptop t\u00e1ska, halber, \u00fczleti, CEO, 15,6 h\u00fcvelyk, fekete - halber<\/title>\n<meta name=\"description\" content=\"Laptop t\u00e1ska, halber, \u00fczleti, CEO, 15,6 h\u00fcvelyk, fekete\" \/>\n<meta name=\"robots\" content=\"index, follow, max-snippet:-1, max-image-preview:large, max-video-preview:-1\" \/>\n<link rel=\"canonical\" href=\"https:\/\/www.halber.ro\/hu\/termek\/taska-laptop-halber-uzleti-ceo-15-6-inch-fekete\/\" \/>\n<meta property=\"og:locale\" content=\"hu_HU\" \/>\n<meta property=\"og:type\" content=\"article\" \/>\n<meta property=\"og:title\" content=\"Laptop t\u00e1ska, halber, \u00fczleti, CEO, 15,6 h\u00fcvelyk, fekete - halber\" \/>\n<meta property=\"og:description\" content=\"Laptop t\u00e1ska, halber, \u00fczleti, CEO, 15,6 h\u00fcvelyk, fekete\" \/>\n<meta property=\"og:url\" content=\"https:\/\/www.halber.ro\/hu\/termek\/taska-laptop-halber-uzleti-ceo-15-6-inch-fekete\/\" \/>\n<meta property=\"og:site_name\" content=\"halber\" \/>\n<meta property=\"article:publisher\" content=\"https:\/\/www.facebook.com\/halber.marketplace\" \/>\n<meta property=\"article:modified_time\" content=\"2024-02-17T22:00:11+00:00\" \/>\n<meta property=\"og:image\" content=\"https:\/\/www.halber.ro\/wp-content\/uploads\/2023\/07\/cropped-GN04NG-6-jpg.webp\" \/>\n\t<meta property=\"og:image:width\" content=\"1658\" \/>\n\t<meta property=\"og:image:height\" content=\"1658\" \/>\n\t<meta property=\"og:image:type\" content=\"image\/jpeg\" \/>\n<meta name=\"twitter:card\" content=\"summary_large_image\" \/>\n<meta name=\"twitter:label1\" content=\"Becs\u00fclt olvas\u00e1si id\u0151\" \/>\n\t<meta name=\"twitter:data1\" content=\"1 perc\" \/>\n<script type=\"application\/ld+json\" class=\"yoast-schema-graph\">{\"@context\":\"https:\\\/\\\/schema.org\",\"@graph\":[{\"@type\":\"WebPage\",\"@id\":\"https:\\\/\\\/www.halber.ro\\\/hu\\\/termek\\\/taska-laptop-halber-uzleti-ceo-15-6-inch-fekete\\\/\",\"url\":\"https:\\\/\\\/www.halber.ro\\\/hu\\\/termek\\\/taska-laptop-halber-uzleti-ceo-15-6-inch-fekete\\\/\",\"name\":\"Laptop t\u00e1ska, halber, \u00fczleti, CEO, 15,6 h\u00fcvelyk, fekete - halber\",\"isPartOf\":{\"@id\":\"https:\\\/\\\/www.halber.ro\\\/hu\\\/#website\"},\"primaryImageOfPage\":{\"@id\":\"https:\\\/\\\/www.halber.ro\\\/hu\\\/termek\\\/taska-laptop-halber-uzleti-ceo-15-6-inch-fekete\\\/#primaryimage\"},\"image\":{\"@id\":\"https:\\\/\\\/www.halber.ro\\\/hu\\\/termek\\\/taska-laptop-halber-uzleti-ceo-15-6-inch-fekete\\\/#primaryimage\"},\"thumbnailUrl\":\"https:\\\/\\\/www.halber.ro\\\/wp-content\\\/uploads\\\/2023\\\/07\\\/cropped-GN04NG-6-jpg.webp\",\"datePublished\":\"2023-07-18T11:33:06+00:00\",\"dateModified\":\"2024-02-17T22:00:11+00:00\",\"description\":\"Laptop t\u00e1ska, halber, \u00fczleti, CEO, 15,6 h\u00fcvelyk, fekete\",\"breadcrumb\":{\"@id\":\"https:\\\/\\\/www.halber.ro\\\/hu\\\/termek\\\/taska-laptop-halber-uzleti-ceo-15-6-inch-fekete\\\/#breadcrumb\"},\"inLanguage\":\"hu\",\"potentialAction\":[{\"@type\":\"ReadAction\",\"target\":[\"https:\\\/\\\/www.halber.ro\\\/hu\\\/termek\\\/taska-laptop-halber-uzleti-ceo-15-6-inch-fekete\\\/\"]}]},{\"@type\":\"ImageObject\",\"inLanguage\":\"hu\",\"@id\":\"https:\\\/\\\/www.halber.ro\\\/hu\\\/termek\\\/taska-laptop-halber-uzleti-ceo-15-6-inch-fekete\\\/#primaryimage\",\"url\":\"https:\\\/\\\/www.halber.ro\\\/wp-content\\\/uploads\\\/2023\\\/07\\\/cropped-GN04NG-6-jpg.webp\",\"contentUrl\":\"https:\\\/\\\/www.halber.ro\\\/wp-content\\\/uploads\\\/2023\\\/07\\\/cropped-GN04NG-6-jpg.webp\",\"width\":1658,\"height\":1658,\"caption\":\"Geanta Laptop\"},{\"@type\":\"BreadcrumbList\",\"@id\":\"https:\\\/\\\/www.halber.ro\\\/hu\\\/termek\\\/taska-laptop-halber-uzleti-ceo-15-6-inch-fekete\\\/#breadcrumb\",\"itemListElement\":[{\"@type\":\"ListItem\",\"position\":1,\"name\":\"Home\",\"item\":\"https:\\\/\\\/www.halber.ro\\\/hu\\\/\"},{\"@type\":\"ListItem\",\"position\":2,\"name\":\"Shop\",\"item\":\"https:\\\/\\\/www.halber.ro\\\/\"},{\"@type\":\"ListItem\",\"position\":3,\"name\":\"Laptop t\u00e1ska, halber, \u00fczleti, CEO, 15,6 h\u00fcvelyk, fekete\"}]},{\"@type\":\"WebSite\",\"@id\":\"https:\\\/\\\/www.halber.ro\\\/hu\\\/#website\",\"url\":\"https:\\\/\\\/www.halber.ro\\\/hu\\\/\",\"name\":\"halber\",\"description\":\"Bine a\u021bi venit!\",\"publisher\":{\"@id\":\"https:\\\/\\\/www.halber.ro\\\/hu\\\/#organization\"},\"potentialAction\":[{\"@type\":\"SearchAction\",\"target\":{\"@type\":\"EntryPoint\",\"urlTemplate\":\"https:\\\/\\\/www.halber.ro\\\/hu\\\/?s={search_term_string}\"},\"query-input\":{\"@type\":\"PropertyValueSpecification\",\"valueRequired\":true,\"valueName\":\"search_term_string\"}}],\"inLanguage\":\"hu\"},{\"@type\":\"Organization\",\"@id\":\"https:\\\/\\\/www.halber.ro\\\/hu\\\/#organization\",\"name\":\"Trade Trust\",\"url\":\"https:\\\/\\\/www.halber.ro\\\/hu\\\/\",\"logo\":{\"@type\":\"ImageObject\",\"inLanguage\":\"hu\",\"@id\":\"https:\\\/\\\/www.halber.ro\\\/hu\\\/#\\\/schema\\\/logo\\\/image\\\/\",\"url\":\"https:\\\/\\\/www.halber.ro\\\/wp-content\\\/uploads\\\/2023\\\/04\\\/Picture1-e1686946354899.png\",\"contentUrl\":\"https:\\\/\\\/www.halber.ro\\\/wp-content\\\/uploads\\\/2023\\\/04\\\/Picture1-e1686946354899.png\",\"width\":1537,\"height\":879,\"caption\":\"Trade Trust\"},\"image\":{\"@id\":\"https:\\\/\\\/www.halber.ro\\\/hu\\\/#\\\/schema\\\/logo\\\/image\\\/\"},\"sameAs\":[\"https:\\\/\\\/www.facebook.com\\\/halber.marketplace\",\"https:\\\/\\\/www.youtube.com\\\/@halber.romania7831\"]}]}<\/script>\n<!-- \/ Yoast SEO plugin. -->","yoast_head_json":{"title":"Laptop t\u00e1ska, halber, \u00fczleti, CEO, 15,6 h\u00fcvelyk, fekete - halber","description":"Laptop t\u00e1ska, halber, \u00fczleti, CEO, 15,6 h\u00fcvelyk, fekete","robots":{"index":"index","follow":"follow","max-snippet":"max-snippet:-1","max-image-preview":"max-image-preview:large","max-video-preview":"max-video-preview:-1"},"canonical":"https:\/\/www.halber.ro\/hu\/termek\/taska-laptop-halber-uzleti-ceo-15-6-inch-fekete\/","og_locale":"hu_HU","og_type":"article","og_title":"Laptop t\u00e1ska, halber, \u00fczleti, CEO, 15,6 h\u00fcvelyk, fekete - halber","og_description":"Laptop t\u00e1ska, halber, \u00fczleti, CEO, 15,6 h\u00fcvelyk, fekete","og_url":"https:\/\/www.halber.ro\/hu\/termek\/taska-laptop-halber-uzleti-ceo-15-6-inch-fekete\/","og_site_name":"halber","article_publisher":"https:\/\/www.facebook.com\/halber.marketplace","article_modified_time":"2024-02-17T22:00:11+00:00","og_image":[{"width":1658,"height":1658,"url":"https:\/\/www.halber.ro\/wp-content\/uploads\/2023\/07\/cropped-GN04NG-6-jpg.webp","type":"image\/jpeg"}],"twitter_card":"summary_large_image","twitter_misc":{"Becs\u00fclt olvas\u00e1si id\u0151":"1 perc"},"schema":{"@context":"https:\/\/schema.org","@graph":[{"@type":"WebPage","@id":"https:\/\/www.halber.ro\/hu\/termek\/taska-laptop-halber-uzleti-ceo-15-6-inch-fekete\/","url":"https:\/\/www.halber.ro\/hu\/termek\/taska-laptop-halber-uzleti-ceo-15-6-inch-fekete\/","name":"Laptop t\u00e1ska, halber, \u00fczleti, CEO, 15,6 h\u00fcvelyk, fekete - halber","isPartOf":{"@id":"https:\/\/www.halber.ro\/hu\/#website"},"primaryImageOfPage":{"@id":"https:\/\/www.halber.ro\/hu\/termek\/taska-laptop-halber-uzleti-ceo-15-6-inch-fekete\/#primaryimage"},"image":{"@id":"https:\/\/www.halber.ro\/hu\/termek\/taska-laptop-halber-uzleti-ceo-15-6-inch-fekete\/#primaryimage"},"thumbnailUrl":"https:\/\/www.halber.ro\/wp-content\/uploads\/2023\/07\/cropped-GN04NG-6-jpg.webp","datePublished":"2023-07-18T11:33:06+00:00","dateModified":"2024-02-17T22:00:11+00:00","description":"Laptop t\u00e1ska, halber, \u00fczleti, CEO, 15,6 h\u00fcvelyk, fekete","breadcrumb":{"@id":"https:\/\/www.halber.ro\/hu\/termek\/taska-laptop-halber-uzleti-ceo-15-6-inch-fekete\/#breadcrumb"},"inLanguage":"hu","potentialAction":[{"@type":"ReadAction","target":["https:\/\/www.halber.ro\/hu\/termek\/taska-laptop-halber-uzleti-ceo-15-6-inch-fekete\/"]}]},{"@type":"ImageObject","inLanguage":"hu","@id":"https:\/\/www.halber.ro\/hu\/termek\/taska-laptop-halber-uzleti-ceo-15-6-inch-fekete\/#primaryimage","url":"https:\/\/www.halber.ro\/wp-content\/uploads\/2023\/07\/cropped-GN04NG-6-jpg.webp","contentUrl":"https:\/\/www.halber.ro\/wp-content\/uploads\/2023\/07\/cropped-GN04NG-6-jpg.webp","width":1658,"height":1658,"caption":"Geanta Laptop"},{"@type":"BreadcrumbList","@id":"https:\/\/www.halber.ro\/hu\/termek\/taska-laptop-halber-uzleti-ceo-15-6-inch-fekete\/#breadcrumb","itemListElement":[{"@type":"ListItem","position":1,"name":"Home","item":"https:\/\/www.halber.ro\/hu\/"},{"@type":"ListItem","position":2,"name":"Shop","item":"https:\/\/www.halber.ro\/"},{"@type":"ListItem","position":3,"name":"Laptop t\u00e1ska, halber, \u00fczleti, CEO, 15,6 h\u00fcvelyk, fekete"}]},{"@type":"WebSite","@id":"https:\/\/www.halber.ro\/hu\/#website","url":"https:\/\/www.halber.ro\/hu\/","name":"halber","description":"Bine a\u021bi venit!","publisher":{"@id":"https:\/\/www.halber.ro\/hu\/#organization"},"potentialAction":[{"@type":"SearchAction","target":{"@type":"EntryPoint","urlTemplate":"https:\/\/www.halber.ro\/hu\/?s={search_term_string}"},"query-input":{"@type":"PropertyValueSpecification","valueRequired":true,"valueName":"search_term_string"}}],"inLanguage":"hu"},{"@type":"Organization","@id":"https:\/\/www.halber.ro\/hu\/#organization","name":"Trade Trust","url":"https:\/\/www.halber.ro\/hu\/","logo":{"@type":"ImageObject","inLanguage":"hu","@id":"https:\/\/www.halber.ro\/hu\/#\/schema\/logo\/image\/","url":"https:\/\/www.halber.ro\/wp-content\/uploads\/2023\/04\/Picture1-e1686946354899.png","contentUrl":"https:\/\/www.halber.ro\/wp-content\/uploads\/2023\/04\/Picture1-e1686946354899.png","width":1537,"height":879,"caption":"Trade Trust"},"image":{"@id":"https:\/\/www.halber.ro\/hu\/#\/schema\/logo\/image\/"},"sameAs":["https:\/\/www.facebook.com\/halber.marketplace","https:\/\/www.youtube.com\/@halber.romania7831"]}]}},"_links":{"self":[{"href":"https:\/\/www.halber.ro\/hu\/wp-json\/wp\/v2\/product\/17857","targetHints":{"allow":["GET"]}}],"collection":[{"href":"https:\/\/www.halber.ro\/hu\/wp-json\/wp\/v2\/product"}],"about":[{"href":"https:\/\/www.halber.ro\/hu\/wp-json\/wp\/v2\/types\/product"}],"wp:featuredmedia":[{"embeddable":true,"href":"https:\/\/www.halber.ro\/hu\/wp-json\/wp\/v2\/media\/17401"}],"wp:attachment":[{"href":"https:\/\/www.halber.ro\/hu\/wp-json\/wp\/v2\/media?parent=17857"}],"wp:term":[{"taxonomy":"product_brand","embeddable":true,"href":"https:\/\/www.halber.ro\/hu\/wp-json\/wp\/v2\/product_brand?post=17857"},{"taxonomy":"product_cat","embeddable":true,"href":"https:\/\/www.halber.ro\/hu\/wp-json\/wp\/v2\/product_cat?post=17857"},{"taxonomy":"product_tag","embeddable":true,"href":"https:\/\/www.halber.ro\/hu\/wp-json\/wp\/v2\/product_tag?post=17857"}],"curies":[{"name":"wp","href":"https:\/\/api.w.org\/{rel}","templated":true}]}}