{"id":17934,"date":"2023-01-05T18:52:12","date_gmt":"2023-01-05T16:52:12","guid":{"rendered":"https:\/\/www.halber.ro\/produs\/kinmac-peony-laptop-hatizsak-15-6\/"},"modified":"2024-02-15T15:16:58","modified_gmt":"2024-02-15T13:16:58","slug":"hatizsak-laptop-kinmac-peony-15-6","status":"publish","type":"product","link":"https:\/\/www.halber.ro\/hu\/termek\/hatizsak-laptop-kinmac-peony-15-6\/","title":{"rendered":"H\u00e1tizs\u00e1k Laptop, Kinmac, Bazsar\u00f3zsa, 15.6 inch"},"content":{"rendered":"<p>H\u00e1tizs\u00e1k a Kinmac kollekci\u00f3b\u00f3l. Korl\u00e1tozott p\u00e9ld\u00e1nysz\u00e1mban.<\/p>\n<p>A Kinmac laptop h\u00e1tizs\u00e1kot 15,6 h\u00fcvelykig terjed\u0151 laptopok, valamint kieg\u00e9sz\u00edt\u0151k t\u00e1rol\u00e1s\u00e1ra \u00e9s sz\u00e1ll\u00edt\u00e1s\u00e1ra tervezt\u00e9k. A tart\u00f3s, k\u00e9nyelmes \u00e9s t\u00e1gas bels\u0151vel rendelkez\u0151 h\u00e1tizs\u00e1k nagyszer\u0171 v\u00e9delmet ny\u00fajt a mindennapi kih\u00edv\u00e1sokhoz.<\/p>\n<p>A t\u00f6lt\u0151, tablet, telefon, eg\u00e9r vagy m\u00e1s tartoz\u00e9kok k\u00f6nnyen t\u00e1rolhat\u00f3k k\u00fcl- \u00e9s belt\u00e9rben egyar\u00e1nt.<br \/>\nA t\u00f6k\u00e9letes m\u00e9ret \u00e9s a benne l\u00e9v\u0151 hely nagyon k\u00e9nyelmess\u00e9 teszi a sz\u00e1ll\u00edt\u00e1st \u00e9s az eg\u00e9sz napos haszn\u00e1latot.<\/p>\n<p><iframe title=\"\" src=\"https:\/\/www.youtube.com\/embed\/NfOFRe9Fnq8\" width=\"884\" height=\"497\" frameborder=\"0\" allowfullscreen=\"allowfullscreen\"><\/iframe><\/p>\n","protected":false},"excerpt":{"rendered":"<p>A Kinmac laptop h\u00e1tizs\u00e1kot 15,6 h\u00fcvelykig terjed\u0151 laptopok, valamint kieg\u00e9sz\u00edt\u0151k t\u00e1rol\u00e1s\u00e1ra \u00e9s sz\u00e1ll\u00edt\u00e1s\u00e1ra tervezt\u00e9k. A tart\u00f3s, k\u00e9nyelmes \u00e9s t\u00e1gas bels\u0151vel rendelkez\u0151 h\u00e1tizs\u00e1k nagyszer\u0171 v\u00e9delmet ny\u00fajt a mindennapi kih\u00edv\u00e1sokhoz.<\/p>\n","protected":false},"featured_media":17345,"template":"","meta":[],"product_brand":[],"product_cat":[1572],"product_tag":[],"class_list":{"0":"post-17934","1":"product","2":"type-product","3":"status-publish","4":"has-post-thumbnail","6":"product_cat-15-6-huvelykes-laptop-hatizsakok","7":"product_shipping_class-standard-hu","8":"pa_caracterisitici-cheie-kocsival-rogzitheto","9":"pa_caracterisitici-cheie-lopasgatlo-zseb","10":"pa_caracterisitici-cheie-usb-port","11":"pa_compartimente-exterioare-5-hu","12":"pa_compartimente-interioare-8-hu","13":"pa_compatibilitate-13-3-hu","14":"pa_compatibilitate-14-hu","15":"pa_compatibilitate-15-6-hu","16":"pa_culoare-feher","17":"pa_culoare-rozsaszin","18":"pa_culoare-tobbszinu","19":"pa_garantie-comerciala-12-honap","20":"pa_garantie-de-conformitate-24-honap","21":"pa_material-polieszter","22":"pa_tip-produs-hatizsak-hu","24":"first","25":"outofstock","26":"taxable","27":"shipping-taxable","28":"purchasable","29":"product-type-simple"},"yoast_head":"<!-- This site is optimized with the Yoast SEO plugin v27.3 - https:\/\/yoast.com\/product\/yoast-seo-wordpress\/ -->\n<title>H\u00e1tizs\u00e1k Laptop, Kinmac, Bazsar\u00f3zsa, 15.6 inch - halber<\/title>\n<meta name=\"description\" content=\"H\u00e1tizs\u00e1k a Kinmac kollekci\u00f3b\u00f3l. Korl\u00e1tozott p\u00e9ld\u00e1nysz\u00e1mban.\" \/>\n<meta name=\"robots\" content=\"index, follow, max-snippet:-1, max-image-preview:large, max-video-preview:-1\" \/>\n<link rel=\"canonical\" href=\"https:\/\/www.halber.ro\/hu\/termek\/hatizsak-laptop-kinmac-peony-15-6\/\" \/>\n<meta property=\"og:locale\" content=\"hu_HU\" \/>\n<meta property=\"og:type\" content=\"article\" \/>\n<meta property=\"og:title\" content=\"H\u00e1tizs\u00e1k Laptop, Kinmac, Bazsar\u00f3zsa, 15.6 inch - halber\" \/>\n<meta property=\"og:description\" content=\"H\u00e1tizs\u00e1k a Kinmac kollekci\u00f3b\u00f3l. Korl\u00e1tozott p\u00e9ld\u00e1nysz\u00e1mban.\" \/>\n<meta property=\"og:url\" content=\"https:\/\/www.halber.ro\/hu\/termek\/hatizsak-laptop-kinmac-peony-15-6\/\" \/>\n<meta property=\"og:site_name\" content=\"halber\" \/>\n<meta property=\"article:publisher\" content=\"https:\/\/www.facebook.com\/halber.marketplace\" \/>\n<meta property=\"article:modified_time\" content=\"2024-02-15T13:16:58+00:00\" \/>\n<meta property=\"og:image\" content=\"https:\/\/www.halber.ro\/wp-content\/uploads\/2023\/09\/cropped-RS06PF-9-min-jpg.webp\" \/>\n\t<meta property=\"og:image:width\" content=\"2237\" \/>\n\t<meta property=\"og:image:height\" content=\"2237\" \/>\n\t<meta property=\"og:image:type\" content=\"image\/jpeg\" \/>\n<meta name=\"twitter:card\" content=\"summary_large_image\" \/>\n<meta name=\"twitter:label1\" content=\"Becs\u00fclt olvas\u00e1si id\u0151\" \/>\n\t<meta name=\"twitter:data1\" content=\"1 perc\" \/>\n<script type=\"application\/ld+json\" class=\"yoast-schema-graph\">{\"@context\":\"https:\\\/\\\/schema.org\",\"@graph\":[{\"@type\":\"WebPage\",\"@id\":\"https:\\\/\\\/www.halber.ro\\\/hu\\\/termek\\\/hatizsak-laptop-kinmac-peony-15-6\\\/\",\"url\":\"https:\\\/\\\/www.halber.ro\\\/hu\\\/termek\\\/hatizsak-laptop-kinmac-peony-15-6\\\/\",\"name\":\"H\u00e1tizs\u00e1k Laptop, Kinmac, Bazsar\u00f3zsa, 15.6 inch - halber\",\"isPartOf\":{\"@id\":\"https:\\\/\\\/www.halber.ro\\\/hu\\\/#website\"},\"primaryImageOfPage\":{\"@id\":\"https:\\\/\\\/www.halber.ro\\\/hu\\\/termek\\\/hatizsak-laptop-kinmac-peony-15-6\\\/#primaryimage\"},\"image\":{\"@id\":\"https:\\\/\\\/www.halber.ro\\\/hu\\\/termek\\\/hatizsak-laptop-kinmac-peony-15-6\\\/#primaryimage\"},\"thumbnailUrl\":\"https:\\\/\\\/www.halber.ro\\\/wp-content\\\/uploads\\\/2023\\\/09\\\/cropped-RS06PF-9-min-jpg.webp\",\"datePublished\":\"2023-01-05T16:52:12+00:00\",\"dateModified\":\"2024-02-15T13:16:58+00:00\",\"description\":\"H\u00e1tizs\u00e1k a Kinmac kollekci\u00f3b\u00f3l. Korl\u00e1tozott p\u00e9ld\u00e1nysz\u00e1mban.\",\"breadcrumb\":{\"@id\":\"https:\\\/\\\/www.halber.ro\\\/hu\\\/termek\\\/hatizsak-laptop-kinmac-peony-15-6\\\/#breadcrumb\"},\"inLanguage\":\"hu\",\"potentialAction\":[{\"@type\":\"ReadAction\",\"target\":[\"https:\\\/\\\/www.halber.ro\\\/hu\\\/termek\\\/hatizsak-laptop-kinmac-peony-15-6\\\/\"]}]},{\"@type\":\"ImageObject\",\"inLanguage\":\"hu\",\"@id\":\"https:\\\/\\\/www.halber.ro\\\/hu\\\/termek\\\/hatizsak-laptop-kinmac-peony-15-6\\\/#primaryimage\",\"url\":\"https:\\\/\\\/www.halber.ro\\\/wp-content\\\/uploads\\\/2023\\\/09\\\/cropped-RS06PF-9-min-jpg.webp\",\"contentUrl\":\"https:\\\/\\\/www.halber.ro\\\/wp-content\\\/uploads\\\/2023\\\/09\\\/cropped-RS06PF-9-min-jpg.webp\",\"width\":2237,\"height\":2237,\"caption\":\"Rucsac\"},{\"@type\":\"BreadcrumbList\",\"@id\":\"https:\\\/\\\/www.halber.ro\\\/hu\\\/termek\\\/hatizsak-laptop-kinmac-peony-15-6\\\/#breadcrumb\",\"itemListElement\":[{\"@type\":\"ListItem\",\"position\":1,\"name\":\"Home\",\"item\":\"https:\\\/\\\/www.halber.ro\\\/hu\\\/\"},{\"@type\":\"ListItem\",\"position\":2,\"name\":\"Shop\",\"item\":\"https:\\\/\\\/www.halber.ro\\\/\"},{\"@type\":\"ListItem\",\"position\":3,\"name\":\"H\u00e1tizs\u00e1k Laptop, Kinmac, Bazsar\u00f3zsa, 15.6 inch\"}]},{\"@type\":\"WebSite\",\"@id\":\"https:\\\/\\\/www.halber.ro\\\/hu\\\/#website\",\"url\":\"https:\\\/\\\/www.halber.ro\\\/hu\\\/\",\"name\":\"halber\",\"description\":\"Bine a\u021bi venit!\",\"publisher\":{\"@id\":\"https:\\\/\\\/www.halber.ro\\\/hu\\\/#organization\"},\"potentialAction\":[{\"@type\":\"SearchAction\",\"target\":{\"@type\":\"EntryPoint\",\"urlTemplate\":\"https:\\\/\\\/www.halber.ro\\\/hu\\\/?s={search_term_string}\"},\"query-input\":{\"@type\":\"PropertyValueSpecification\",\"valueRequired\":true,\"valueName\":\"search_term_string\"}}],\"inLanguage\":\"hu\"},{\"@type\":\"Organization\",\"@id\":\"https:\\\/\\\/www.halber.ro\\\/hu\\\/#organization\",\"name\":\"Trade Trust\",\"url\":\"https:\\\/\\\/www.halber.ro\\\/hu\\\/\",\"logo\":{\"@type\":\"ImageObject\",\"inLanguage\":\"hu\",\"@id\":\"https:\\\/\\\/www.halber.ro\\\/hu\\\/#\\\/schema\\\/logo\\\/image\\\/\",\"url\":\"https:\\\/\\\/www.halber.ro\\\/wp-content\\\/uploads\\\/2023\\\/04\\\/Picture1-e1686946354899.png\",\"contentUrl\":\"https:\\\/\\\/www.halber.ro\\\/wp-content\\\/uploads\\\/2023\\\/04\\\/Picture1-e1686946354899.png\",\"width\":1537,\"height\":879,\"caption\":\"Trade Trust\"},\"image\":{\"@id\":\"https:\\\/\\\/www.halber.ro\\\/hu\\\/#\\\/schema\\\/logo\\\/image\\\/\"},\"sameAs\":[\"https:\\\/\\\/www.facebook.com\\\/halber.marketplace\",\"https:\\\/\\\/www.youtube.com\\\/@halber.romania7831\"]}]}<\/script>\n<!-- \/ Yoast SEO plugin. -->","yoast_head_json":{"title":"H\u00e1tizs\u00e1k Laptop, Kinmac, Bazsar\u00f3zsa, 15.6 inch - halber","description":"H\u00e1tizs\u00e1k a Kinmac kollekci\u00f3b\u00f3l. Korl\u00e1tozott p\u00e9ld\u00e1nysz\u00e1mban.","robots":{"index":"index","follow":"follow","max-snippet":"max-snippet:-1","max-image-preview":"max-image-preview:large","max-video-preview":"max-video-preview:-1"},"canonical":"https:\/\/www.halber.ro\/hu\/termek\/hatizsak-laptop-kinmac-peony-15-6\/","og_locale":"hu_HU","og_type":"article","og_title":"H\u00e1tizs\u00e1k Laptop, Kinmac, Bazsar\u00f3zsa, 15.6 inch - halber","og_description":"H\u00e1tizs\u00e1k a Kinmac kollekci\u00f3b\u00f3l. Korl\u00e1tozott p\u00e9ld\u00e1nysz\u00e1mban.","og_url":"https:\/\/www.halber.ro\/hu\/termek\/hatizsak-laptop-kinmac-peony-15-6\/","og_site_name":"halber","article_publisher":"https:\/\/www.facebook.com\/halber.marketplace","article_modified_time":"2024-02-15T13:16:58+00:00","og_image":[{"width":2237,"height":2237,"url":"https:\/\/www.halber.ro\/wp-content\/uploads\/2023\/09\/cropped-RS06PF-9-min-jpg.webp","type":"image\/jpeg"}],"twitter_card":"summary_large_image","twitter_misc":{"Becs\u00fclt olvas\u00e1si id\u0151":"1 perc"},"schema":{"@context":"https:\/\/schema.org","@graph":[{"@type":"WebPage","@id":"https:\/\/www.halber.ro\/hu\/termek\/hatizsak-laptop-kinmac-peony-15-6\/","url":"https:\/\/www.halber.ro\/hu\/termek\/hatizsak-laptop-kinmac-peony-15-6\/","name":"H\u00e1tizs\u00e1k Laptop, Kinmac, Bazsar\u00f3zsa, 15.6 inch - halber","isPartOf":{"@id":"https:\/\/www.halber.ro\/hu\/#website"},"primaryImageOfPage":{"@id":"https:\/\/www.halber.ro\/hu\/termek\/hatizsak-laptop-kinmac-peony-15-6\/#primaryimage"},"image":{"@id":"https:\/\/www.halber.ro\/hu\/termek\/hatizsak-laptop-kinmac-peony-15-6\/#primaryimage"},"thumbnailUrl":"https:\/\/www.halber.ro\/wp-content\/uploads\/2023\/09\/cropped-RS06PF-9-min-jpg.webp","datePublished":"2023-01-05T16:52:12+00:00","dateModified":"2024-02-15T13:16:58+00:00","description":"H\u00e1tizs\u00e1k a Kinmac kollekci\u00f3b\u00f3l. Korl\u00e1tozott p\u00e9ld\u00e1nysz\u00e1mban.","breadcrumb":{"@id":"https:\/\/www.halber.ro\/hu\/termek\/hatizsak-laptop-kinmac-peony-15-6\/#breadcrumb"},"inLanguage":"hu","potentialAction":[{"@type":"ReadAction","target":["https:\/\/www.halber.ro\/hu\/termek\/hatizsak-laptop-kinmac-peony-15-6\/"]}]},{"@type":"ImageObject","inLanguage":"hu","@id":"https:\/\/www.halber.ro\/hu\/termek\/hatizsak-laptop-kinmac-peony-15-6\/#primaryimage","url":"https:\/\/www.halber.ro\/wp-content\/uploads\/2023\/09\/cropped-RS06PF-9-min-jpg.webp","contentUrl":"https:\/\/www.halber.ro\/wp-content\/uploads\/2023\/09\/cropped-RS06PF-9-min-jpg.webp","width":2237,"height":2237,"caption":"Rucsac"},{"@type":"BreadcrumbList","@id":"https:\/\/www.halber.ro\/hu\/termek\/hatizsak-laptop-kinmac-peony-15-6\/#breadcrumb","itemListElement":[{"@type":"ListItem","position":1,"name":"Home","item":"https:\/\/www.halber.ro\/hu\/"},{"@type":"ListItem","position":2,"name":"Shop","item":"https:\/\/www.halber.ro\/"},{"@type":"ListItem","position":3,"name":"H\u00e1tizs\u00e1k Laptop, Kinmac, Bazsar\u00f3zsa, 15.6 inch"}]},{"@type":"WebSite","@id":"https:\/\/www.halber.ro\/hu\/#website","url":"https:\/\/www.halber.ro\/hu\/","name":"halber","description":"Bine a\u021bi venit!","publisher":{"@id":"https:\/\/www.halber.ro\/hu\/#organization"},"potentialAction":[{"@type":"SearchAction","target":{"@type":"EntryPoint","urlTemplate":"https:\/\/www.halber.ro\/hu\/?s={search_term_string}"},"query-input":{"@type":"PropertyValueSpecification","valueRequired":true,"valueName":"search_term_string"}}],"inLanguage":"hu"},{"@type":"Organization","@id":"https:\/\/www.halber.ro\/hu\/#organization","name":"Trade Trust","url":"https:\/\/www.halber.ro\/hu\/","logo":{"@type":"ImageObject","inLanguage":"hu","@id":"https:\/\/www.halber.ro\/hu\/#\/schema\/logo\/image\/","url":"https:\/\/www.halber.ro\/wp-content\/uploads\/2023\/04\/Picture1-e1686946354899.png","contentUrl":"https:\/\/www.halber.ro\/wp-content\/uploads\/2023\/04\/Picture1-e1686946354899.png","width":1537,"height":879,"caption":"Trade Trust"},"image":{"@id":"https:\/\/www.halber.ro\/hu\/#\/schema\/logo\/image\/"},"sameAs":["https:\/\/www.facebook.com\/halber.marketplace","https:\/\/www.youtube.com\/@halber.romania7831"]}]}},"_links":{"self":[{"href":"https:\/\/www.halber.ro\/hu\/wp-json\/wp\/v2\/product\/17934","targetHints":{"allow":["GET"]}}],"collection":[{"href":"https:\/\/www.halber.ro\/hu\/wp-json\/wp\/v2\/product"}],"about":[{"href":"https:\/\/www.halber.ro\/hu\/wp-json\/wp\/v2\/types\/product"}],"wp:featuredmedia":[{"embeddable":true,"href":"https:\/\/www.halber.ro\/hu\/wp-json\/wp\/v2\/media\/17345"}],"wp:attachment":[{"href":"https:\/\/www.halber.ro\/hu\/wp-json\/wp\/v2\/media?parent=17934"}],"wp:term":[{"taxonomy":"product_brand","embeddable":true,"href":"https:\/\/www.halber.ro\/hu\/wp-json\/wp\/v2\/product_brand?post=17934"},{"taxonomy":"product_cat","embeddable":true,"href":"https:\/\/www.halber.ro\/hu\/wp-json\/wp\/v2\/product_cat?post=17934"},{"taxonomy":"product_tag","embeddable":true,"href":"https:\/\/www.halber.ro\/hu\/wp-json\/wp\/v2\/product_tag?post=17934"}],"curies":[{"name":"wp","href":"https:\/\/api.w.org\/{rel}","templated":true}]}}