{"id":17948,"date":"2022-09-16T15:09:01","date_gmt":"2022-09-16T12:09:01","guid":{"rendered":"https:\/\/www.halber.ro\/produs\/kinmac-maple-leaf-laptop-taska-15-6\/"},"modified":"2024-04-23T15:21:20","modified_gmt":"2024-04-23T12:21:20","slug":"taska-laptop-kinmac-juharleveles-15-6","status":"publish","type":"product","link":"https:\/\/www.halber.ro\/hu\/termek\/taska-laptop-kinmac-juharleveles-15-6\/","title":{"rendered":"Laptop t\u00e1ska, Kinmac, Juharlev\u00e9l, 15,6 h\u00fcvelyk"},"content":{"rendered":"<p>A Kinmac laptop t\u00e1ska 15,6 h\u00fcvelykes laptopok, valamint tartoz\u00e9kok t\u00e1rol\u00e1s\u00e1ra \u00e9s sz\u00e1ll\u00edt\u00e1s\u00e1ra szolg\u00e1l. A tart\u00f3s, puha tapint\u00e1s\u00fa anyagokb\u00f3l k\u00e9sz\u00fclt, k\u00e9nyelmes \u00e9s t\u00e1gas bels\u0151 t\u00e9rrel rendelkez\u0151 t\u00e1ska nagyszer\u0171 v\u00e9delmet ny\u00fajt a mindennapi kih\u00edv\u00e1sokhoz.<br \/>\nK\u00fclseje min\u0151s\u00e9gi kivitel\u0171, belseje pedig a legjobb min\u0151s\u00e9g\u0171 mikrosz\u00e1lakkal \u00e9s text\u00edli\u00e1val van b\u00e9lelve, ami tov\u00e1bbi v\u00e9delmet ny\u00fajt a karcol\u00e1sokkal \u00e9s \u00fct\u00e9sekkel szemben.<br \/>\nA t\u00f6lt\u0151, tablet, telefon, eg\u00e9r vagy m\u00e1s tartoz\u00e9kok k\u00f6nnyen t\u00e1rolhat\u00f3k k\u00fcl- \u00e9s belt\u00e9rben egyar\u00e1nt.<br \/>\nA t\u00f6k\u00e9letes m\u00e9ret \u00e9s a benne l\u00e9v\u0151 hely nagyon k\u00e9nyelmess\u00e9 teszi a sz\u00e1ll\u00edt\u00e1st \u00e9s az eg\u00e9sz napos haszn\u00e1latot.<br \/>\nA tart\u00f3s mikrosz\u00e1las bels\u0151 t\u00e9r \u00e1tfog\u00f3 v\u00e9delmet ny\u00fajt laptopj\u00e1nak, megakad\u00e1lyozva a sz\u00e1ll\u00edt\u00e1s k\u00f6zbeni s\u00e9r\u00fcl\u00e9seket.<br \/>\nA laptop t\u00e1ska aktat\u00e1ska st\u00edlus\u00fa foganty\u00fakkal \u00e9s levehet\u0151 v\u00e1llp\u00e1nttal rendelkezik, hogy a lehet\u0151 legk\u00f6nnyebben hordozhat\u00f3 legyen.<br \/>\nAz egyszer\u0171 kialak\u00edt\u00e1s, a kiv\u00e1l\u00f3 min\u0151s\u00e9g\u0171 textilsz\u00f6vet \u00e9s a puha tapint\u00e1s teszi a t\u00e1sk\u00e1t egyediv\u00e9, eleg\u00e1nss\u00e1, ugyanakkor a 43x7x31,5 cm-es m\u00e9retnek k\u00f6sz\u00f6nhet\u0151en k\u00fcl\u00f6n\u00f6sen t\u00e1gas is.<\/p>\n<p><iframe title=\"Kinmac Juharfalev\u00e9l laptop t\u00e1ska\" src=\"https:\/\/www.youtube.com\/embed\/M_ogRQ5XJ1w\" width=\"885\" height=\"498\" frameborder=\"0\" allowfullscreen=\"allowfullscreen\"><\/iframe><\/p>\n","protected":false},"excerpt":{"rendered":"<p>A Kinmac laptop t\u00e1ska tart\u00f3s, puha tapint\u00e1s\u00fa anyagokb\u00f3l k\u00e9sz\u00fclt, k\u00e9nyelmes \u00e9s t\u00e1gas bels\u0151vel, a t\u00e1ska nagyszer\u0171 v\u00e9delmet ny\u00fajt a mindennapi kih\u00edv\u00e1sokhoz.<\/p>\n","protected":false},"featured_media":17361,"template":"","meta":[],"product_brand":[],"product_cat":[1550],"product_tag":[],"class_list":{"0":"post-17948","1":"product","2":"type-product","3":"status-publish","4":"has-post-thumbnail","6":"product_cat-15-6-huvelykes-laptop-taskak","7":"product_shipping_class-standard-hu","8":"pa_caracterisitici-cheie-kocsival-rogzitheto","9":"pa_caracterisitici-cheie-lopasgatlo-zseb","10":"pa_compartimente-exterioare-3-hu","11":"pa_compartimente-interioare-5-hu","12":"pa_compatibilitate-13-3-hu","13":"pa_compatibilitate-14-hu","14":"pa_compatibilitate-15-6-hu","15":"pa_culoare-bej-hu","16":"pa_culoare-fekete","17":"pa_culoare-red","18":"pa_culoare-tobbszinu","19":"pa_culoare-zold","20":"pa_garantie-comerciala-12-honap","21":"pa_garantie-de-conformitate-24-honap","22":"pa_material-polieszter","23":"pa_tip-produs-valltaska","25":"first","26":"instock","27":"taxable","28":"shipping-taxable","29":"purchasable","30":"product-type-simple"},"yoast_head":"<!-- This site is optimized with the Yoast SEO plugin v27.3 - https:\/\/yoast.com\/product\/yoast-seo-wordpress\/ -->\n<title>Laptop t\u00e1ska, Kinmac, Juharlev\u00e9l, 15,6 h\u00fcvelyk - halber<\/title>\n<meta name=\"description\" content=\"Laptop t\u00e1ska, Kinmac, Juharlev\u00e9l, 15,6 h\u00fcvelyk\" \/>\n<meta name=\"robots\" content=\"index, follow, max-snippet:-1, max-image-preview:large, max-video-preview:-1\" \/>\n<link rel=\"canonical\" href=\"https:\/\/www.halber.ro\/hu\/termek\/taska-laptop-kinmac-juharleveles-15-6\/\" \/>\n<meta property=\"og:locale\" content=\"hu_HU\" \/>\n<meta property=\"og:type\" content=\"article\" \/>\n<meta property=\"og:title\" content=\"Laptop t\u00e1ska, Kinmac, Juharlev\u00e9l, 15,6 h\u00fcvelyk - halber\" \/>\n<meta property=\"og:description\" content=\"Laptop t\u00e1ska, Kinmac, Juharlev\u00e9l, 15,6 h\u00fcvelyk\" \/>\n<meta property=\"og:url\" content=\"https:\/\/www.halber.ro\/hu\/termek\/taska-laptop-kinmac-juharleveles-15-6\/\" \/>\n<meta property=\"og:site_name\" content=\"halber\" \/>\n<meta property=\"article:publisher\" content=\"https:\/\/www.facebook.com\/halber.marketplace\" \/>\n<meta property=\"article:modified_time\" content=\"2024-04-23T12:21:20+00:00\" \/>\n<meta property=\"og:image\" content=\"https:\/\/www.halber.ro\/wp-content\/uploads\/2023\/09\/cropped-GN03MF-1-jpg.webp\" \/>\n\t<meta property=\"og:image:width\" content=\"2138\" \/>\n\t<meta property=\"og:image:height\" content=\"2138\" \/>\n\t<meta property=\"og:image:type\" content=\"image\/jpeg\" \/>\n<meta name=\"twitter:card\" content=\"summary_large_image\" \/>\n<meta name=\"twitter:label1\" content=\"Becs\u00fclt olvas\u00e1si id\u0151\" \/>\n\t<meta name=\"twitter:data1\" content=\"1 perc\" \/>\n<script type=\"application\/ld+json\" class=\"yoast-schema-graph\">{\"@context\":\"https:\\\/\\\/schema.org\",\"@graph\":[{\"@type\":\"WebPage\",\"@id\":\"https:\\\/\\\/www.halber.ro\\\/hu\\\/termek\\\/taska-laptop-kinmac-juharleveles-15-6\\\/\",\"url\":\"https:\\\/\\\/www.halber.ro\\\/hu\\\/termek\\\/taska-laptop-kinmac-juharleveles-15-6\\\/\",\"name\":\"Laptop t\u00e1ska, Kinmac, Juharlev\u00e9l, 15,6 h\u00fcvelyk - halber\",\"isPartOf\":{\"@id\":\"https:\\\/\\\/www.halber.ro\\\/hu\\\/#website\"},\"primaryImageOfPage\":{\"@id\":\"https:\\\/\\\/www.halber.ro\\\/hu\\\/termek\\\/taska-laptop-kinmac-juharleveles-15-6\\\/#primaryimage\"},\"image\":{\"@id\":\"https:\\\/\\\/www.halber.ro\\\/hu\\\/termek\\\/taska-laptop-kinmac-juharleveles-15-6\\\/#primaryimage\"},\"thumbnailUrl\":\"https:\\\/\\\/www.halber.ro\\\/wp-content\\\/uploads\\\/2023\\\/09\\\/cropped-GN03MF-1-jpg.webp\",\"datePublished\":\"2022-09-16T12:09:01+00:00\",\"dateModified\":\"2024-04-23T12:21:20+00:00\",\"description\":\"Laptop t\u00e1ska, Kinmac, Juharlev\u00e9l, 15,6 h\u00fcvelyk\",\"breadcrumb\":{\"@id\":\"https:\\\/\\\/www.halber.ro\\\/hu\\\/termek\\\/taska-laptop-kinmac-juharleveles-15-6\\\/#breadcrumb\"},\"inLanguage\":\"hu\",\"potentialAction\":[{\"@type\":\"ReadAction\",\"target\":[\"https:\\\/\\\/www.halber.ro\\\/hu\\\/termek\\\/taska-laptop-kinmac-juharleveles-15-6\\\/\"]}]},{\"@type\":\"ImageObject\",\"inLanguage\":\"hu\",\"@id\":\"https:\\\/\\\/www.halber.ro\\\/hu\\\/termek\\\/taska-laptop-kinmac-juharleveles-15-6\\\/#primaryimage\",\"url\":\"https:\\\/\\\/www.halber.ro\\\/wp-content\\\/uploads\\\/2023\\\/09\\\/cropped-GN03MF-1-jpg.webp\",\"contentUrl\":\"https:\\\/\\\/www.halber.ro\\\/wp-content\\\/uploads\\\/2023\\\/09\\\/cropped-GN03MF-1-jpg.webp\",\"width\":2138,\"height\":2138,\"caption\":\"Rucsac Laptop\"},{\"@type\":\"BreadcrumbList\",\"@id\":\"https:\\\/\\\/www.halber.ro\\\/hu\\\/termek\\\/taska-laptop-kinmac-juharleveles-15-6\\\/#breadcrumb\",\"itemListElement\":[{\"@type\":\"ListItem\",\"position\":1,\"name\":\"Home\",\"item\":\"https:\\\/\\\/www.halber.ro\\\/hu\\\/\"},{\"@type\":\"ListItem\",\"position\":2,\"name\":\"Shop\",\"item\":\"https:\\\/\\\/www.halber.ro\\\/\"},{\"@type\":\"ListItem\",\"position\":3,\"name\":\"Laptop t\u00e1ska, Kinmac, Juharlev\u00e9l, 15,6 h\u00fcvelyk\"}]},{\"@type\":\"WebSite\",\"@id\":\"https:\\\/\\\/www.halber.ro\\\/hu\\\/#website\",\"url\":\"https:\\\/\\\/www.halber.ro\\\/hu\\\/\",\"name\":\"halber\",\"description\":\"Bine a\u021bi venit!\",\"publisher\":{\"@id\":\"https:\\\/\\\/www.halber.ro\\\/hu\\\/#organization\"},\"potentialAction\":[{\"@type\":\"SearchAction\",\"target\":{\"@type\":\"EntryPoint\",\"urlTemplate\":\"https:\\\/\\\/www.halber.ro\\\/hu\\\/?s={search_term_string}\"},\"query-input\":{\"@type\":\"PropertyValueSpecification\",\"valueRequired\":true,\"valueName\":\"search_term_string\"}}],\"inLanguage\":\"hu\"},{\"@type\":\"Organization\",\"@id\":\"https:\\\/\\\/www.halber.ro\\\/hu\\\/#organization\",\"name\":\"Trade Trust\",\"url\":\"https:\\\/\\\/www.halber.ro\\\/hu\\\/\",\"logo\":{\"@type\":\"ImageObject\",\"inLanguage\":\"hu\",\"@id\":\"https:\\\/\\\/www.halber.ro\\\/hu\\\/#\\\/schema\\\/logo\\\/image\\\/\",\"url\":\"https:\\\/\\\/www.halber.ro\\\/wp-content\\\/uploads\\\/2023\\\/04\\\/Picture1-e1686946354899.png\",\"contentUrl\":\"https:\\\/\\\/www.halber.ro\\\/wp-content\\\/uploads\\\/2023\\\/04\\\/Picture1-e1686946354899.png\",\"width\":1537,\"height\":879,\"caption\":\"Trade Trust\"},\"image\":{\"@id\":\"https:\\\/\\\/www.halber.ro\\\/hu\\\/#\\\/schema\\\/logo\\\/image\\\/\"},\"sameAs\":[\"https:\\\/\\\/www.facebook.com\\\/halber.marketplace\",\"https:\\\/\\\/www.youtube.com\\\/@halber.romania7831\"]}]}<\/script>\n<!-- \/ Yoast SEO plugin. -->","yoast_head_json":{"title":"Laptop t\u00e1ska, Kinmac, Juharlev\u00e9l, 15,6 h\u00fcvelyk - halber","description":"Laptop t\u00e1ska, Kinmac, Juharlev\u00e9l, 15,6 h\u00fcvelyk","robots":{"index":"index","follow":"follow","max-snippet":"max-snippet:-1","max-image-preview":"max-image-preview:large","max-video-preview":"max-video-preview:-1"},"canonical":"https:\/\/www.halber.ro\/hu\/termek\/taska-laptop-kinmac-juharleveles-15-6\/","og_locale":"hu_HU","og_type":"article","og_title":"Laptop t\u00e1ska, Kinmac, Juharlev\u00e9l, 15,6 h\u00fcvelyk - halber","og_description":"Laptop t\u00e1ska, Kinmac, Juharlev\u00e9l, 15,6 h\u00fcvelyk","og_url":"https:\/\/www.halber.ro\/hu\/termek\/taska-laptop-kinmac-juharleveles-15-6\/","og_site_name":"halber","article_publisher":"https:\/\/www.facebook.com\/halber.marketplace","article_modified_time":"2024-04-23T12:21:20+00:00","og_image":[{"width":2138,"height":2138,"url":"https:\/\/www.halber.ro\/wp-content\/uploads\/2023\/09\/cropped-GN03MF-1-jpg.webp","type":"image\/jpeg"}],"twitter_card":"summary_large_image","twitter_misc":{"Becs\u00fclt olvas\u00e1si id\u0151":"1 perc"},"schema":{"@context":"https:\/\/schema.org","@graph":[{"@type":"WebPage","@id":"https:\/\/www.halber.ro\/hu\/termek\/taska-laptop-kinmac-juharleveles-15-6\/","url":"https:\/\/www.halber.ro\/hu\/termek\/taska-laptop-kinmac-juharleveles-15-6\/","name":"Laptop t\u00e1ska, Kinmac, Juharlev\u00e9l, 15,6 h\u00fcvelyk - halber","isPartOf":{"@id":"https:\/\/www.halber.ro\/hu\/#website"},"primaryImageOfPage":{"@id":"https:\/\/www.halber.ro\/hu\/termek\/taska-laptop-kinmac-juharleveles-15-6\/#primaryimage"},"image":{"@id":"https:\/\/www.halber.ro\/hu\/termek\/taska-laptop-kinmac-juharleveles-15-6\/#primaryimage"},"thumbnailUrl":"https:\/\/www.halber.ro\/wp-content\/uploads\/2023\/09\/cropped-GN03MF-1-jpg.webp","datePublished":"2022-09-16T12:09:01+00:00","dateModified":"2024-04-23T12:21:20+00:00","description":"Laptop t\u00e1ska, Kinmac, Juharlev\u00e9l, 15,6 h\u00fcvelyk","breadcrumb":{"@id":"https:\/\/www.halber.ro\/hu\/termek\/taska-laptop-kinmac-juharleveles-15-6\/#breadcrumb"},"inLanguage":"hu","potentialAction":[{"@type":"ReadAction","target":["https:\/\/www.halber.ro\/hu\/termek\/taska-laptop-kinmac-juharleveles-15-6\/"]}]},{"@type":"ImageObject","inLanguage":"hu","@id":"https:\/\/www.halber.ro\/hu\/termek\/taska-laptop-kinmac-juharleveles-15-6\/#primaryimage","url":"https:\/\/www.halber.ro\/wp-content\/uploads\/2023\/09\/cropped-GN03MF-1-jpg.webp","contentUrl":"https:\/\/www.halber.ro\/wp-content\/uploads\/2023\/09\/cropped-GN03MF-1-jpg.webp","width":2138,"height":2138,"caption":"Rucsac Laptop"},{"@type":"BreadcrumbList","@id":"https:\/\/www.halber.ro\/hu\/termek\/taska-laptop-kinmac-juharleveles-15-6\/#breadcrumb","itemListElement":[{"@type":"ListItem","position":1,"name":"Home","item":"https:\/\/www.halber.ro\/hu\/"},{"@type":"ListItem","position":2,"name":"Shop","item":"https:\/\/www.halber.ro\/"},{"@type":"ListItem","position":3,"name":"Laptop t\u00e1ska, Kinmac, Juharlev\u00e9l, 15,6 h\u00fcvelyk"}]},{"@type":"WebSite","@id":"https:\/\/www.halber.ro\/hu\/#website","url":"https:\/\/www.halber.ro\/hu\/","name":"halber","description":"Bine a\u021bi venit!","publisher":{"@id":"https:\/\/www.halber.ro\/hu\/#organization"},"potentialAction":[{"@type":"SearchAction","target":{"@type":"EntryPoint","urlTemplate":"https:\/\/www.halber.ro\/hu\/?s={search_term_string}"},"query-input":{"@type":"PropertyValueSpecification","valueRequired":true,"valueName":"search_term_string"}}],"inLanguage":"hu"},{"@type":"Organization","@id":"https:\/\/www.halber.ro\/hu\/#organization","name":"Trade Trust","url":"https:\/\/www.halber.ro\/hu\/","logo":{"@type":"ImageObject","inLanguage":"hu","@id":"https:\/\/www.halber.ro\/hu\/#\/schema\/logo\/image\/","url":"https:\/\/www.halber.ro\/wp-content\/uploads\/2023\/04\/Picture1-e1686946354899.png","contentUrl":"https:\/\/www.halber.ro\/wp-content\/uploads\/2023\/04\/Picture1-e1686946354899.png","width":1537,"height":879,"caption":"Trade Trust"},"image":{"@id":"https:\/\/www.halber.ro\/hu\/#\/schema\/logo\/image\/"},"sameAs":["https:\/\/www.facebook.com\/halber.marketplace","https:\/\/www.youtube.com\/@halber.romania7831"]}]}},"_links":{"self":[{"href":"https:\/\/www.halber.ro\/hu\/wp-json\/wp\/v2\/product\/17948","targetHints":{"allow":["GET"]}}],"collection":[{"href":"https:\/\/www.halber.ro\/hu\/wp-json\/wp\/v2\/product"}],"about":[{"href":"https:\/\/www.halber.ro\/hu\/wp-json\/wp\/v2\/types\/product"}],"wp:featuredmedia":[{"embeddable":true,"href":"https:\/\/www.halber.ro\/hu\/wp-json\/wp\/v2\/media\/17361"}],"wp:attachment":[{"href":"https:\/\/www.halber.ro\/hu\/wp-json\/wp\/v2\/media?parent=17948"}],"wp:term":[{"taxonomy":"product_brand","embeddable":true,"href":"https:\/\/www.halber.ro\/hu\/wp-json\/wp\/v2\/product_brand?post=17948"},{"taxonomy":"product_cat","embeddable":true,"href":"https:\/\/www.halber.ro\/hu\/wp-json\/wp\/v2\/product_cat?post=17948"},{"taxonomy":"product_tag","embeddable":true,"href":"https:\/\/www.halber.ro\/hu\/wp-json\/wp\/v2\/product_tag?post=17948"}],"curies":[{"name":"wp","href":"https:\/\/api.w.org\/{rel}","templated":true}]}}