{"id":17954,"date":"2022-12-22T14:12:26","date_gmt":"2022-12-22T12:12:26","guid":{"rendered":"https:\/\/www.halber.ro\/produs\/elektromos-ongyujto-halber-plasma-fekete\/"},"modified":"2025-09-13T11:46:42","modified_gmt":"2025-09-13T08:46:42","slug":"ongyujto-elektromos-halber-plasma-fekete","status":"publish","type":"product","link":"https:\/\/www.halber.ro\/hu\/termek\/ongyujto-elektromos-halber-plasma-fekete\/","title":{"rendered":"Elektromos \u00f6ngy\u00fajt\u00f3, halber, Plazma, Fekete"},"content":{"rendered":"<p>\u00dajrat\u00f6lthet\u0151 elektromos \u00f6ngy\u00fajt\u00f3 sz\u00e9l\u00e1ll\u00f3 \u00e9s fr\u00f6ccsen\u00e9s\u00e1ll\u00f3.<\/p>\n<ol>\n<li>Nyissa ki a fejfedelet, kapcsolja be a kapcsol\u00f3jelz\u0151t,<\/li>\n<\/ol>\n<p>Nyomja meg \u00f3vatosan a gy\u00fajt\u00e1skapcsol\u00f3t, \u00e9s a rug\u00f3s gy\u00fajt\u00e1s m\u0171k\u00f6d\u00e9sbe l\u00e9p.<\/p>\n<ol start=\"2\">\n<li>Ha az egyszeri szervizid\u0151 10 m\u00e1sodpercn\u00e9l hosszabb, a rendszer automatikusan le\u00e1ll\u00edtja az energia\u00e1tvitelt.<\/li>\n<li>A LED-l\u00e1mpa egym\u00e1s ut\u00e1n villog, ha a fesz\u00fclts\u00e9g alacsony, ami azt jelenti, hogy az akkumul\u00e1toroknak t\u00f6lt\u00e9sre van sz\u00fcks\u00e9g\u00fck.<\/li>\n<li>T\u00f6lt\u00e9s k\u00f6zben a LED vil\u00e1g\u00edt, \u00e9s elhalv\u00e1nyul, amikor az akkumul\u00e1torok teljesen felt\u00f6lt\u0151dnek.<\/li>\n<li>A term\u00e9k az USB-csatlakoz\u00f3n kereszt\u00fcl t\u00f6lthet\u0151 a t\u00f6lt\u0151vezet\u00e9ken vagy -interf\u00e9szen kereszt\u00fcl.<\/li>\n<\/ol>\n<p><strong>FIGYELMEZTET\u00c9S<\/strong><\/p>\n<p>Ne tegye a term\u00e9ket v\u00edzbe vagy folyad\u00e9kba. Ez r\u00f6vidz\u00e1rlatot okozhat.<\/p>\n<p>Ne tegye a term\u00e9ket a t\u0171zbe. Ez robban\u00e1st okozhat<\/p>\n<p>Szigor\u00faan tilos az \u00fajrat\u00f6lthet\u0151 t\u00e1pegys\u00e9gen k\u00edv\u00fcl m\u00e1s forr\u00e1sb\u00f3l t\u00f6lteni!<\/p>\n<p>Ez robban\u00e1st okozhat!<\/p>\n","protected":false},"excerpt":{"rendered":"<p>\u00dajrat\u00f6lthet\u0151 elektromos \u00f6ngy\u00fajt\u00f3 sz\u00e9l\u00e1ll\u00f3 \u00e9s fr\u00f6ccsen\u00e9s\u00e1ll\u00f3<\/p>\n","protected":false},"featured_media":16475,"template":"","meta":[],"product_brand":[],"product_cat":[1517],"product_tag":[],"class_list":{"0":"post-17954","1":"product","2":"type-product","3":"status-publish","4":"has-post-thumbnail","6":"product_cat-dohanycikkek","7":"product_shipping_class-standard-hu","8":"pa_caracterisitici-cheie-ellenallas-a-froccsenesekkel-szemben","9":"pa_caracterisitici-cheie-szelallo","10":"pa_caracterisitici-cheie-usb-toltes","11":"pa_culoare-fekete","12":"pa_garantie-comerciala-6-honap","13":"pa_garantie-de-conformitate-6-honap","14":"pa_material-fem","15":"pa_tip-produs-konnyebb","17":"first","18":"instock","19":"taxable","20":"shipping-taxable","21":"purchasable","22":"product-type-simple"},"yoast_head":"<!-- This site is optimized with the Yoast SEO plugin v27.3 - https:\/\/yoast.com\/product\/yoast-seo-wordpress\/ -->\n<title>Elektromos \u00f6ngy\u00fajt\u00f3, halber, Plazma, Fekete - halber<\/title>\n<meta name=\"description\" content=\"\u00dajrat\u00f6lthet\u0151 elektromos \u00f6ngy\u00fajt\u00f3 sz\u00e9l\u00e1ll\u00f3 \u00e9s fr\u00f6ccsen\u00e9s\u00e1ll\u00f3\" \/>\n<meta name=\"robots\" content=\"index, follow, max-snippet:-1, max-image-preview:large, max-video-preview:-1\" \/>\n<link rel=\"canonical\" href=\"https:\/\/www.halber.ro\/hu\/termek\/ongyujto-elektromos-halber-plasma-fekete\/\" \/>\n<meta property=\"og:locale\" content=\"hu_HU\" \/>\n<meta property=\"og:type\" content=\"article\" \/>\n<meta property=\"og:title\" content=\"Elektromos \u00f6ngy\u00fajt\u00f3, halber, Plazma, Fekete - halber\" \/>\n<meta property=\"og:description\" content=\"\u00dajrat\u00f6lthet\u0151 elektromos \u00f6ngy\u00fajt\u00f3 sz\u00e9l\u00e1ll\u00f3 \u00e9s fr\u00f6ccsen\u00e9s\u00e1ll\u00f3\" \/>\n<meta property=\"og:url\" content=\"https:\/\/www.halber.ro\/hu\/termek\/ongyujto-elektromos-halber-plasma-fekete\/\" \/>\n<meta property=\"og:site_name\" content=\"halber\" \/>\n<meta property=\"article:publisher\" content=\"https:\/\/www.facebook.com\/halber.marketplace\" \/>\n<meta property=\"article:modified_time\" content=\"2025-09-13T08:46:42+00:00\" \/>\n<meta property=\"og:image\" content=\"https:\/\/www.halber.ro\/wp-content\/uploads\/2022\/12\/BR05-3.png\" \/>\n\t<meta property=\"og:image:width\" content=\"800\" \/>\n\t<meta property=\"og:image:height\" content=\"800\" \/>\n\t<meta property=\"og:image:type\" content=\"image\/png\" \/>\n<meta name=\"twitter:card\" content=\"summary_large_image\" \/>\n<meta name=\"twitter:label1\" content=\"Becs\u00fclt olvas\u00e1si id\u0151\" \/>\n\t<meta name=\"twitter:data1\" content=\"1 perc\" \/>\n<script type=\"application\/ld+json\" class=\"yoast-schema-graph\">{\"@context\":\"https:\\\/\\\/schema.org\",\"@graph\":[{\"@type\":\"WebPage\",\"@id\":\"https:\\\/\\\/www.halber.ro\\\/hu\\\/termek\\\/ongyujto-elektromos-halber-plasma-fekete\\\/\",\"url\":\"https:\\\/\\\/www.halber.ro\\\/hu\\\/termek\\\/ongyujto-elektromos-halber-plasma-fekete\\\/\",\"name\":\"Elektromos \u00f6ngy\u00fajt\u00f3, halber, Plazma, Fekete - halber\",\"isPartOf\":{\"@id\":\"https:\\\/\\\/www.halber.ro\\\/hu\\\/#website\"},\"primaryImageOfPage\":{\"@id\":\"https:\\\/\\\/www.halber.ro\\\/hu\\\/termek\\\/ongyujto-elektromos-halber-plasma-fekete\\\/#primaryimage\"},\"image\":{\"@id\":\"https:\\\/\\\/www.halber.ro\\\/hu\\\/termek\\\/ongyujto-elektromos-halber-plasma-fekete\\\/#primaryimage\"},\"thumbnailUrl\":\"https:\\\/\\\/www.halber.ro\\\/wp-content\\\/uploads\\\/2022\\\/12\\\/BR05-3.png\",\"datePublished\":\"2022-12-22T12:12:26+00:00\",\"dateModified\":\"2025-09-13T08:46:42+00:00\",\"description\":\"\u00dajrat\u00f6lthet\u0151 elektromos \u00f6ngy\u00fajt\u00f3 sz\u00e9l\u00e1ll\u00f3 \u00e9s fr\u00f6ccsen\u00e9s\u00e1ll\u00f3\",\"breadcrumb\":{\"@id\":\"https:\\\/\\\/www.halber.ro\\\/hu\\\/termek\\\/ongyujto-elektromos-halber-plasma-fekete\\\/#breadcrumb\"},\"inLanguage\":\"hu\",\"potentialAction\":[{\"@type\":\"ReadAction\",\"target\":[\"https:\\\/\\\/www.halber.ro\\\/hu\\\/termek\\\/ongyujto-elektromos-halber-plasma-fekete\\\/\"]}]},{\"@type\":\"ImageObject\",\"inLanguage\":\"hu\",\"@id\":\"https:\\\/\\\/www.halber.ro\\\/hu\\\/termek\\\/ongyujto-elektromos-halber-plasma-fekete\\\/#primaryimage\",\"url\":\"https:\\\/\\\/www.halber.ro\\\/wp-content\\\/uploads\\\/2022\\\/12\\\/BR05-3.png\",\"contentUrl\":\"https:\\\/\\\/www.halber.ro\\\/wp-content\\\/uploads\\\/2022\\\/12\\\/BR05-3.png\",\"width\":800,\"height\":800,\"caption\":\"Bricheta\"},{\"@type\":\"BreadcrumbList\",\"@id\":\"https:\\\/\\\/www.halber.ro\\\/hu\\\/termek\\\/ongyujto-elektromos-halber-plasma-fekete\\\/#breadcrumb\",\"itemListElement\":[{\"@type\":\"ListItem\",\"position\":1,\"name\":\"Home\",\"item\":\"https:\\\/\\\/www.halber.ro\\\/hu\\\/\"},{\"@type\":\"ListItem\",\"position\":2,\"name\":\"Shop\",\"item\":\"https:\\\/\\\/www.halber.ro\\\/\"},{\"@type\":\"ListItem\",\"position\":3,\"name\":\"Elektromos \u00f6ngy\u00fajt\u00f3, halber, Plazma, Fekete\"}]},{\"@type\":\"WebSite\",\"@id\":\"https:\\\/\\\/www.halber.ro\\\/hu\\\/#website\",\"url\":\"https:\\\/\\\/www.halber.ro\\\/hu\\\/\",\"name\":\"halber\",\"description\":\"Bine a\u021bi venit!\",\"publisher\":{\"@id\":\"https:\\\/\\\/www.halber.ro\\\/hu\\\/#organization\"},\"potentialAction\":[{\"@type\":\"SearchAction\",\"target\":{\"@type\":\"EntryPoint\",\"urlTemplate\":\"https:\\\/\\\/www.halber.ro\\\/hu\\\/?s={search_term_string}\"},\"query-input\":{\"@type\":\"PropertyValueSpecification\",\"valueRequired\":true,\"valueName\":\"search_term_string\"}}],\"inLanguage\":\"hu\"},{\"@type\":\"Organization\",\"@id\":\"https:\\\/\\\/www.halber.ro\\\/hu\\\/#organization\",\"name\":\"Trade Trust\",\"url\":\"https:\\\/\\\/www.halber.ro\\\/hu\\\/\",\"logo\":{\"@type\":\"ImageObject\",\"inLanguage\":\"hu\",\"@id\":\"https:\\\/\\\/www.halber.ro\\\/hu\\\/#\\\/schema\\\/logo\\\/image\\\/\",\"url\":\"https:\\\/\\\/www.halber.ro\\\/wp-content\\\/uploads\\\/2023\\\/04\\\/Picture1-e1686946354899.png\",\"contentUrl\":\"https:\\\/\\\/www.halber.ro\\\/wp-content\\\/uploads\\\/2023\\\/04\\\/Picture1-e1686946354899.png\",\"width\":1537,\"height\":879,\"caption\":\"Trade Trust\"},\"image\":{\"@id\":\"https:\\\/\\\/www.halber.ro\\\/hu\\\/#\\\/schema\\\/logo\\\/image\\\/\"},\"sameAs\":[\"https:\\\/\\\/www.facebook.com\\\/halber.marketplace\",\"https:\\\/\\\/www.youtube.com\\\/@halber.romania7831\"]}]}<\/script>\n<!-- \/ Yoast SEO plugin. -->","yoast_head_json":{"title":"Elektromos \u00f6ngy\u00fajt\u00f3, halber, Plazma, Fekete - halber","description":"\u00dajrat\u00f6lthet\u0151 elektromos \u00f6ngy\u00fajt\u00f3 sz\u00e9l\u00e1ll\u00f3 \u00e9s fr\u00f6ccsen\u00e9s\u00e1ll\u00f3","robots":{"index":"index","follow":"follow","max-snippet":"max-snippet:-1","max-image-preview":"max-image-preview:large","max-video-preview":"max-video-preview:-1"},"canonical":"https:\/\/www.halber.ro\/hu\/termek\/ongyujto-elektromos-halber-plasma-fekete\/","og_locale":"hu_HU","og_type":"article","og_title":"Elektromos \u00f6ngy\u00fajt\u00f3, halber, Plazma, Fekete - halber","og_description":"\u00dajrat\u00f6lthet\u0151 elektromos \u00f6ngy\u00fajt\u00f3 sz\u00e9l\u00e1ll\u00f3 \u00e9s fr\u00f6ccsen\u00e9s\u00e1ll\u00f3","og_url":"https:\/\/www.halber.ro\/hu\/termek\/ongyujto-elektromos-halber-plasma-fekete\/","og_site_name":"halber","article_publisher":"https:\/\/www.facebook.com\/halber.marketplace","article_modified_time":"2025-09-13T08:46:42+00:00","og_image":[{"width":800,"height":800,"url":"https:\/\/www.halber.ro\/wp-content\/uploads\/2022\/12\/BR05-3.png","type":"image\/png"}],"twitter_card":"summary_large_image","twitter_misc":{"Becs\u00fclt olvas\u00e1si id\u0151":"1 perc"},"schema":{"@context":"https:\/\/schema.org","@graph":[{"@type":"WebPage","@id":"https:\/\/www.halber.ro\/hu\/termek\/ongyujto-elektromos-halber-plasma-fekete\/","url":"https:\/\/www.halber.ro\/hu\/termek\/ongyujto-elektromos-halber-plasma-fekete\/","name":"Elektromos \u00f6ngy\u00fajt\u00f3, halber, Plazma, Fekete - halber","isPartOf":{"@id":"https:\/\/www.halber.ro\/hu\/#website"},"primaryImageOfPage":{"@id":"https:\/\/www.halber.ro\/hu\/termek\/ongyujto-elektromos-halber-plasma-fekete\/#primaryimage"},"image":{"@id":"https:\/\/www.halber.ro\/hu\/termek\/ongyujto-elektromos-halber-plasma-fekete\/#primaryimage"},"thumbnailUrl":"https:\/\/www.halber.ro\/wp-content\/uploads\/2022\/12\/BR05-3.png","datePublished":"2022-12-22T12:12:26+00:00","dateModified":"2025-09-13T08:46:42+00:00","description":"\u00dajrat\u00f6lthet\u0151 elektromos \u00f6ngy\u00fajt\u00f3 sz\u00e9l\u00e1ll\u00f3 \u00e9s fr\u00f6ccsen\u00e9s\u00e1ll\u00f3","breadcrumb":{"@id":"https:\/\/www.halber.ro\/hu\/termek\/ongyujto-elektromos-halber-plasma-fekete\/#breadcrumb"},"inLanguage":"hu","potentialAction":[{"@type":"ReadAction","target":["https:\/\/www.halber.ro\/hu\/termek\/ongyujto-elektromos-halber-plasma-fekete\/"]}]},{"@type":"ImageObject","inLanguage":"hu","@id":"https:\/\/www.halber.ro\/hu\/termek\/ongyujto-elektromos-halber-plasma-fekete\/#primaryimage","url":"https:\/\/www.halber.ro\/wp-content\/uploads\/2022\/12\/BR05-3.png","contentUrl":"https:\/\/www.halber.ro\/wp-content\/uploads\/2022\/12\/BR05-3.png","width":800,"height":800,"caption":"Bricheta"},{"@type":"BreadcrumbList","@id":"https:\/\/www.halber.ro\/hu\/termek\/ongyujto-elektromos-halber-plasma-fekete\/#breadcrumb","itemListElement":[{"@type":"ListItem","position":1,"name":"Home","item":"https:\/\/www.halber.ro\/hu\/"},{"@type":"ListItem","position":2,"name":"Shop","item":"https:\/\/www.halber.ro\/"},{"@type":"ListItem","position":3,"name":"Elektromos \u00f6ngy\u00fajt\u00f3, halber, Plazma, Fekete"}]},{"@type":"WebSite","@id":"https:\/\/www.halber.ro\/hu\/#website","url":"https:\/\/www.halber.ro\/hu\/","name":"halber","description":"Bine a\u021bi venit!","publisher":{"@id":"https:\/\/www.halber.ro\/hu\/#organization"},"potentialAction":[{"@type":"SearchAction","target":{"@type":"EntryPoint","urlTemplate":"https:\/\/www.halber.ro\/hu\/?s={search_term_string}"},"query-input":{"@type":"PropertyValueSpecification","valueRequired":true,"valueName":"search_term_string"}}],"inLanguage":"hu"},{"@type":"Organization","@id":"https:\/\/www.halber.ro\/hu\/#organization","name":"Trade Trust","url":"https:\/\/www.halber.ro\/hu\/","logo":{"@type":"ImageObject","inLanguage":"hu","@id":"https:\/\/www.halber.ro\/hu\/#\/schema\/logo\/image\/","url":"https:\/\/www.halber.ro\/wp-content\/uploads\/2023\/04\/Picture1-e1686946354899.png","contentUrl":"https:\/\/www.halber.ro\/wp-content\/uploads\/2023\/04\/Picture1-e1686946354899.png","width":1537,"height":879,"caption":"Trade Trust"},"image":{"@id":"https:\/\/www.halber.ro\/hu\/#\/schema\/logo\/image\/"},"sameAs":["https:\/\/www.facebook.com\/halber.marketplace","https:\/\/www.youtube.com\/@halber.romania7831"]}]}},"_links":{"self":[{"href":"https:\/\/www.halber.ro\/hu\/wp-json\/wp\/v2\/product\/17954","targetHints":{"allow":["GET"]}}],"collection":[{"href":"https:\/\/www.halber.ro\/hu\/wp-json\/wp\/v2\/product"}],"about":[{"href":"https:\/\/www.halber.ro\/hu\/wp-json\/wp\/v2\/types\/product"}],"wp:featuredmedia":[{"embeddable":true,"href":"https:\/\/www.halber.ro\/hu\/wp-json\/wp\/v2\/media\/16475"}],"wp:attachment":[{"href":"https:\/\/www.halber.ro\/hu\/wp-json\/wp\/v2\/media?parent=17954"}],"wp:term":[{"taxonomy":"product_brand","embeddable":true,"href":"https:\/\/www.halber.ro\/hu\/wp-json\/wp\/v2\/product_brand?post=17954"},{"taxonomy":"product_cat","embeddable":true,"href":"https:\/\/www.halber.ro\/hu\/wp-json\/wp\/v2\/product_cat?post=17954"},{"taxonomy":"product_tag","embeddable":true,"href":"https:\/\/www.halber.ro\/hu\/wp-json\/wp\/v2\/product_tag?post=17954"}],"curies":[{"name":"wp","href":"https:\/\/api.w.org\/{rel}","templated":true}]}}