{"id":17988,"date":"2022-05-27T15:50:21","date_gmt":"2022-05-27T12:50:21","guid":{"rendered":"https:\/\/www.halber.ro\/produs\/elektromos-ongyujto-silver-halber-ongyujto\/"},"modified":"2024-02-15T15:22:07","modified_gmt":"2024-02-15T13:22:07","slug":"ongyujto-elektromos-tegla-halber-ezust","status":"publish","type":"product","link":"https:\/\/www.halber.ro\/hu\/termek\/ongyujto-elektromos-tegla-halber-ezust\/","title":{"rendered":"Elektromos \u00f6ngy\u00fajt\u00f3, kulcstart\u00f3, halber, ez\u00fcst"},"content":{"rendered":"<p>\u00dajrat\u00f6lthet\u0151 sz\u00e9l\u00e1ll\u00f3 \u00e9s fr\u00f6ccsen\u00e9s\u00e1ll\u00f3 Breloc elektromos \u00f6ngy\u00fajt\u00f3<\/p>\n","protected":false},"excerpt":{"rendered":"<p>\u00dajrat\u00f6lthet\u0151 sz\u00e9l\u00e1ll\u00f3 \u00e9s fr\u00f6ccsen\u00e9s\u00e1ll\u00f3 Breloc elektromos \u00f6ngy\u00fajt\u00f3<\/p>\n","protected":false},"featured_media":17319,"template":"","meta":[],"product_brand":[],"product_cat":[1517],"product_tag":[],"class_list":{"0":"post-17988","1":"product","2":"type-product","3":"status-publish","4":"has-post-thumbnail","6":"product_cat-dohanycikkek","7":"product_shipping_class-standard-hu","8":"pa_caracterisitici-cheie-ellenallas-a-froccsenesekkel-szemben","9":"pa_caracterisitici-cheie-szelallo","10":"pa_caracterisitici-cheie-usb-toltes","11":"pa_culoare-ezust","12":"pa_garantie-comerciala-6-honap","13":"pa_garantie-de-conformitate-6-honap","14":"pa_material-fem","15":"pa_tip-produs-konnyebb","17":"first","18":"instock","19":"taxable","20":"shipping-taxable","21":"purchasable","22":"product-type-simple"},"yoast_head":"<!-- This site is optimized with the Yoast SEO plugin v27.3 - https:\/\/yoast.com\/product\/yoast-seo-wordpress\/ -->\n<title>Elektromos \u00f6ngy\u00fajt\u00f3, kulcstart\u00f3, halber, ez\u00fcst - halber<\/title>\n<meta name=\"description\" content=\"\u00dajrat\u00f6lthet\u0151 sz\u00e9l\u00e1ll\u00f3 \u00e9s fr\u00f6ccsen\u00e9s\u00e1ll\u00f3 Breloc elektromos \u00f6ngy\u00fajt\u00f3\" \/>\n<meta name=\"robots\" content=\"index, follow, max-snippet:-1, max-image-preview:large, max-video-preview:-1\" \/>\n<link rel=\"canonical\" href=\"https:\/\/www.halber.ro\/hu\/termek\/ongyujto-elektromos-tegla-halber-ezust\/\" \/>\n<meta property=\"og:locale\" content=\"hu_HU\" \/>\n<meta property=\"og:type\" content=\"article\" \/>\n<meta property=\"og:title\" content=\"Elektromos \u00f6ngy\u00fajt\u00f3, kulcstart\u00f3, halber, ez\u00fcst - halber\" \/>\n<meta property=\"og:description\" content=\"\u00dajrat\u00f6lthet\u0151 sz\u00e9l\u00e1ll\u00f3 \u00e9s fr\u00f6ccsen\u00e9s\u00e1ll\u00f3 Breloc elektromos \u00f6ngy\u00fajt\u00f3\" \/>\n<meta property=\"og:url\" content=\"https:\/\/www.halber.ro\/hu\/termek\/ongyujto-elektromos-tegla-halber-ezust\/\" \/>\n<meta property=\"og:site_name\" content=\"halber\" \/>\n<meta property=\"article:publisher\" content=\"https:\/\/www.facebook.com\/halber.marketplace\" \/>\n<meta property=\"article:modified_time\" content=\"2024-02-15T13:22:07+00:00\" \/>\n<meta property=\"og:image\" content=\"https:\/\/www.halber.ro\/wp-content\/uploads\/2022\/02\/cropped-BR03ARP-5-jpg.webp\" \/>\n\t<meta property=\"og:image:width\" content=\"802\" \/>\n\t<meta property=\"og:image:height\" content=\"802\" \/>\n\t<meta property=\"og:image:type\" content=\"image\/jpeg\" \/>\n<meta name=\"twitter:card\" content=\"summary_large_image\" \/>\n<script type=\"application\/ld+json\" class=\"yoast-schema-graph\">{\"@context\":\"https:\\\/\\\/schema.org\",\"@graph\":[{\"@type\":\"WebPage\",\"@id\":\"https:\\\/\\\/www.halber.ro\\\/hu\\\/termek\\\/ongyujto-elektromos-tegla-halber-ezust\\\/\",\"url\":\"https:\\\/\\\/www.halber.ro\\\/hu\\\/termek\\\/ongyujto-elektromos-tegla-halber-ezust\\\/\",\"name\":\"Elektromos \u00f6ngy\u00fajt\u00f3, kulcstart\u00f3, halber, ez\u00fcst - halber\",\"isPartOf\":{\"@id\":\"https:\\\/\\\/www.halber.ro\\\/hu\\\/#website\"},\"primaryImageOfPage\":{\"@id\":\"https:\\\/\\\/www.halber.ro\\\/hu\\\/termek\\\/ongyujto-elektromos-tegla-halber-ezust\\\/#primaryimage\"},\"image\":{\"@id\":\"https:\\\/\\\/www.halber.ro\\\/hu\\\/termek\\\/ongyujto-elektromos-tegla-halber-ezust\\\/#primaryimage\"},\"thumbnailUrl\":\"https:\\\/\\\/www.halber.ro\\\/wp-content\\\/uploads\\\/2022\\\/02\\\/cropped-BR03ARP-5-jpg.webp\",\"datePublished\":\"2022-05-27T12:50:21+00:00\",\"dateModified\":\"2024-02-15T13:22:07+00:00\",\"description\":\"\u00dajrat\u00f6lthet\u0151 sz\u00e9l\u00e1ll\u00f3 \u00e9s fr\u00f6ccsen\u00e9s\u00e1ll\u00f3 Breloc elektromos \u00f6ngy\u00fajt\u00f3\",\"breadcrumb\":{\"@id\":\"https:\\\/\\\/www.halber.ro\\\/hu\\\/termek\\\/ongyujto-elektromos-tegla-halber-ezust\\\/#breadcrumb\"},\"inLanguage\":\"hu\",\"potentialAction\":[{\"@type\":\"ReadAction\",\"target\":[\"https:\\\/\\\/www.halber.ro\\\/hu\\\/termek\\\/ongyujto-elektromos-tegla-halber-ezust\\\/\"]}]},{\"@type\":\"ImageObject\",\"inLanguage\":\"hu\",\"@id\":\"https:\\\/\\\/www.halber.ro\\\/hu\\\/termek\\\/ongyujto-elektromos-tegla-halber-ezust\\\/#primaryimage\",\"url\":\"https:\\\/\\\/www.halber.ro\\\/wp-content\\\/uploads\\\/2022\\\/02\\\/cropped-BR03ARP-5-jpg.webp\",\"contentUrl\":\"https:\\\/\\\/www.halber.ro\\\/wp-content\\\/uploads\\\/2022\\\/02\\\/cropped-BR03ARP-5-jpg.webp\",\"width\":802,\"height\":802,\"caption\":\"Bricheta\"},{\"@type\":\"BreadcrumbList\",\"@id\":\"https:\\\/\\\/www.halber.ro\\\/hu\\\/termek\\\/ongyujto-elektromos-tegla-halber-ezust\\\/#breadcrumb\",\"itemListElement\":[{\"@type\":\"ListItem\",\"position\":1,\"name\":\"Home\",\"item\":\"https:\\\/\\\/www.halber.ro\\\/hu\\\/\"},{\"@type\":\"ListItem\",\"position\":2,\"name\":\"Shop\",\"item\":\"https:\\\/\\\/www.halber.ro\\\/\"},{\"@type\":\"ListItem\",\"position\":3,\"name\":\"Elektromos \u00f6ngy\u00fajt\u00f3, kulcstart\u00f3, halber, ez\u00fcst\"}]},{\"@type\":\"WebSite\",\"@id\":\"https:\\\/\\\/www.halber.ro\\\/hu\\\/#website\",\"url\":\"https:\\\/\\\/www.halber.ro\\\/hu\\\/\",\"name\":\"halber\",\"description\":\"Bine a\u021bi venit!\",\"publisher\":{\"@id\":\"https:\\\/\\\/www.halber.ro\\\/hu\\\/#organization\"},\"potentialAction\":[{\"@type\":\"SearchAction\",\"target\":{\"@type\":\"EntryPoint\",\"urlTemplate\":\"https:\\\/\\\/www.halber.ro\\\/hu\\\/?s={search_term_string}\"},\"query-input\":{\"@type\":\"PropertyValueSpecification\",\"valueRequired\":true,\"valueName\":\"search_term_string\"}}],\"inLanguage\":\"hu\"},{\"@type\":\"Organization\",\"@id\":\"https:\\\/\\\/www.halber.ro\\\/hu\\\/#organization\",\"name\":\"Trade Trust\",\"url\":\"https:\\\/\\\/www.halber.ro\\\/hu\\\/\",\"logo\":{\"@type\":\"ImageObject\",\"inLanguage\":\"hu\",\"@id\":\"https:\\\/\\\/www.halber.ro\\\/hu\\\/#\\\/schema\\\/logo\\\/image\\\/\",\"url\":\"https:\\\/\\\/www.halber.ro\\\/wp-content\\\/uploads\\\/2023\\\/04\\\/Picture1-e1686946354899.png\",\"contentUrl\":\"https:\\\/\\\/www.halber.ro\\\/wp-content\\\/uploads\\\/2023\\\/04\\\/Picture1-e1686946354899.png\",\"width\":1537,\"height\":879,\"caption\":\"Trade Trust\"},\"image\":{\"@id\":\"https:\\\/\\\/www.halber.ro\\\/hu\\\/#\\\/schema\\\/logo\\\/image\\\/\"},\"sameAs\":[\"https:\\\/\\\/www.facebook.com\\\/halber.marketplace\",\"https:\\\/\\\/www.youtube.com\\\/@halber.romania7831\"]}]}<\/script>\n<!-- \/ Yoast SEO plugin. -->","yoast_head_json":{"title":"Elektromos \u00f6ngy\u00fajt\u00f3, kulcstart\u00f3, halber, ez\u00fcst - halber","description":"\u00dajrat\u00f6lthet\u0151 sz\u00e9l\u00e1ll\u00f3 \u00e9s fr\u00f6ccsen\u00e9s\u00e1ll\u00f3 Breloc elektromos \u00f6ngy\u00fajt\u00f3","robots":{"index":"index","follow":"follow","max-snippet":"max-snippet:-1","max-image-preview":"max-image-preview:large","max-video-preview":"max-video-preview:-1"},"canonical":"https:\/\/www.halber.ro\/hu\/termek\/ongyujto-elektromos-tegla-halber-ezust\/","og_locale":"hu_HU","og_type":"article","og_title":"Elektromos \u00f6ngy\u00fajt\u00f3, kulcstart\u00f3, halber, ez\u00fcst - halber","og_description":"\u00dajrat\u00f6lthet\u0151 sz\u00e9l\u00e1ll\u00f3 \u00e9s fr\u00f6ccsen\u00e9s\u00e1ll\u00f3 Breloc elektromos \u00f6ngy\u00fajt\u00f3","og_url":"https:\/\/www.halber.ro\/hu\/termek\/ongyujto-elektromos-tegla-halber-ezust\/","og_site_name":"halber","article_publisher":"https:\/\/www.facebook.com\/halber.marketplace","article_modified_time":"2024-02-15T13:22:07+00:00","og_image":[{"width":802,"height":802,"url":"https:\/\/www.halber.ro\/wp-content\/uploads\/2022\/02\/cropped-BR03ARP-5-jpg.webp","type":"image\/jpeg"}],"twitter_card":"summary_large_image","schema":{"@context":"https:\/\/schema.org","@graph":[{"@type":"WebPage","@id":"https:\/\/www.halber.ro\/hu\/termek\/ongyujto-elektromos-tegla-halber-ezust\/","url":"https:\/\/www.halber.ro\/hu\/termek\/ongyujto-elektromos-tegla-halber-ezust\/","name":"Elektromos \u00f6ngy\u00fajt\u00f3, kulcstart\u00f3, halber, ez\u00fcst - halber","isPartOf":{"@id":"https:\/\/www.halber.ro\/hu\/#website"},"primaryImageOfPage":{"@id":"https:\/\/www.halber.ro\/hu\/termek\/ongyujto-elektromos-tegla-halber-ezust\/#primaryimage"},"image":{"@id":"https:\/\/www.halber.ro\/hu\/termek\/ongyujto-elektromos-tegla-halber-ezust\/#primaryimage"},"thumbnailUrl":"https:\/\/www.halber.ro\/wp-content\/uploads\/2022\/02\/cropped-BR03ARP-5-jpg.webp","datePublished":"2022-05-27T12:50:21+00:00","dateModified":"2024-02-15T13:22:07+00:00","description":"\u00dajrat\u00f6lthet\u0151 sz\u00e9l\u00e1ll\u00f3 \u00e9s fr\u00f6ccsen\u00e9s\u00e1ll\u00f3 Breloc elektromos \u00f6ngy\u00fajt\u00f3","breadcrumb":{"@id":"https:\/\/www.halber.ro\/hu\/termek\/ongyujto-elektromos-tegla-halber-ezust\/#breadcrumb"},"inLanguage":"hu","potentialAction":[{"@type":"ReadAction","target":["https:\/\/www.halber.ro\/hu\/termek\/ongyujto-elektromos-tegla-halber-ezust\/"]}]},{"@type":"ImageObject","inLanguage":"hu","@id":"https:\/\/www.halber.ro\/hu\/termek\/ongyujto-elektromos-tegla-halber-ezust\/#primaryimage","url":"https:\/\/www.halber.ro\/wp-content\/uploads\/2022\/02\/cropped-BR03ARP-5-jpg.webp","contentUrl":"https:\/\/www.halber.ro\/wp-content\/uploads\/2022\/02\/cropped-BR03ARP-5-jpg.webp","width":802,"height":802,"caption":"Bricheta"},{"@type":"BreadcrumbList","@id":"https:\/\/www.halber.ro\/hu\/termek\/ongyujto-elektromos-tegla-halber-ezust\/#breadcrumb","itemListElement":[{"@type":"ListItem","position":1,"name":"Home","item":"https:\/\/www.halber.ro\/hu\/"},{"@type":"ListItem","position":2,"name":"Shop","item":"https:\/\/www.halber.ro\/"},{"@type":"ListItem","position":3,"name":"Elektromos \u00f6ngy\u00fajt\u00f3, kulcstart\u00f3, halber, ez\u00fcst"}]},{"@type":"WebSite","@id":"https:\/\/www.halber.ro\/hu\/#website","url":"https:\/\/www.halber.ro\/hu\/","name":"halber","description":"Bine a\u021bi venit!","publisher":{"@id":"https:\/\/www.halber.ro\/hu\/#organization"},"potentialAction":[{"@type":"SearchAction","target":{"@type":"EntryPoint","urlTemplate":"https:\/\/www.halber.ro\/hu\/?s={search_term_string}"},"query-input":{"@type":"PropertyValueSpecification","valueRequired":true,"valueName":"search_term_string"}}],"inLanguage":"hu"},{"@type":"Organization","@id":"https:\/\/www.halber.ro\/hu\/#organization","name":"Trade Trust","url":"https:\/\/www.halber.ro\/hu\/","logo":{"@type":"ImageObject","inLanguage":"hu","@id":"https:\/\/www.halber.ro\/hu\/#\/schema\/logo\/image\/","url":"https:\/\/www.halber.ro\/wp-content\/uploads\/2023\/04\/Picture1-e1686946354899.png","contentUrl":"https:\/\/www.halber.ro\/wp-content\/uploads\/2023\/04\/Picture1-e1686946354899.png","width":1537,"height":879,"caption":"Trade Trust"},"image":{"@id":"https:\/\/www.halber.ro\/hu\/#\/schema\/logo\/image\/"},"sameAs":["https:\/\/www.facebook.com\/halber.marketplace","https:\/\/www.youtube.com\/@halber.romania7831"]}]}},"_links":{"self":[{"href":"https:\/\/www.halber.ro\/hu\/wp-json\/wp\/v2\/product\/17988","targetHints":{"allow":["GET"]}}],"collection":[{"href":"https:\/\/www.halber.ro\/hu\/wp-json\/wp\/v2\/product"}],"about":[{"href":"https:\/\/www.halber.ro\/hu\/wp-json\/wp\/v2\/types\/product"}],"wp:featuredmedia":[{"embeddable":true,"href":"https:\/\/www.halber.ro\/hu\/wp-json\/wp\/v2\/media\/17319"}],"wp:attachment":[{"href":"https:\/\/www.halber.ro\/hu\/wp-json\/wp\/v2\/media?parent=17988"}],"wp:term":[{"taxonomy":"product_brand","embeddable":true,"href":"https:\/\/www.halber.ro\/hu\/wp-json\/wp\/v2\/product_brand?post=17988"},{"taxonomy":"product_cat","embeddable":true,"href":"https:\/\/www.halber.ro\/hu\/wp-json\/wp\/v2\/product_cat?post=17988"},{"taxonomy":"product_tag","embeddable":true,"href":"https:\/\/www.halber.ro\/hu\/wp-json\/wp\/v2\/product_tag?post=17988"}],"curies":[{"name":"wp","href":"https:\/\/api.w.org\/{rel}","templated":true}]}}