{"id":17990,"date":"2022-05-27T15:29:17","date_gmt":"2022-05-27T12:29:17","guid":{"rendered":"https:\/\/www.halber.ro\/produs\/rugalmas-mobil-lusta-tarto-halber-rozsaszinu\/"},"modified":"2024-02-15T15:22:08","modified_gmt":"2024-02-15T13:22:08","slug":"mobil-flexibilis-lusta-tarto-halber-piros","status":"publish","type":"product","link":"https:\/\/www.halber.ro\/hu\/termek\/mobil-flexibilis-lusta-tarto-halber-piros\/","title":{"rendered":"Rugalmas mobiltart\u00f3, lusta tart\u00f3, halber, r\u00f3zsasz\u00edn"},"content":{"rendered":"<p>Multifunkcion\u00e1lis telefon- \u00e9s t\u00e1blag\u00e9ptart\u00f3. A nyakad k\u00f6r\u00e9, az asztalodra vagy magad mell\u00e9 r\u00f6gz\u00edthet\u0151, b\u00e1rmilyen helyzetben, k\u00fcl\u00f6nb\u00f6z\u0151 betekint\u00e9si sz\u00f6gben, a telefont a szemedt\u0151l megfelel\u0151 t\u00e1vols\u00e1gban tartva.<br \/>\nEz egy t\u00f6bbfunkci\u00f3s \u00e1llv\u00e1ny. <span title=\"\">Haszn\u00e1lhatja szelfi eszk\u00f6zk\u00e9nt, vagy<\/span> a<span title=\"\"> nyak\u00e1ban hordhatja a f\u00e9nyk\u00e9pek, vide\u00f3k stb. megtekint\u00e9s\u00e9hez <\/span>.<br \/>\nK\u00f6nnyed\u00e9n b\u00e1rmilyen form\u00e1ra hajl\u00edthatod.<br \/>\nKompatibilis minden t\u00edpus\u00fa mobiltelefonnal, MP4 lej\u00e1tsz\u00f3val, GPS-szel, PDA-val.<\/p>\n<p>Kompatibilis a k\u00f6vetkez\u0151 term\u00e9kekkel: 4.7&#8243;~7.6&#8243; k\u00f6z\u00f6tt<\/p>\n<p>*be\u00e1ll\u00edthat\u00f3 penge<\/p>\n<p>*l\u00e9g\u00e1tereszt\u0151 cs\u00fasz\u00e1smentes hab,<\/p>\n<p>*puha anyag, ergonomikus kialak\u00edt\u00e1s,<\/p>\n<p>*er\u0151s, rugalmas t\u00e1mogat\u00e1s<\/p>\n<p>&nbsp;<\/p>\n","protected":false},"excerpt":{"rendered":"<p>Multifunkcion\u00e1lis telefon- \u00e9s t\u00e1blag\u00e9ptart\u00f3. A nyakad k\u00f6r\u00e9, az asztalodra vagy magad mell\u00e9 r\u00f6gz\u00edthet\u0151, b\u00e1rmilyen helyzetben, k\u00fcl\u00f6nb\u00f6z\u0151 betekint\u00e9si sz\u00f6gben, a telefont a szemedt\u0151l megfelel\u0151 t\u00e1vols\u00e1gban tartva.<\/p>\n<p>Kompatibilis a k\u00f6vetkez\u0151 term\u00e9kekkel: 4.7&#8243;~7.6&#8243; k\u00f6z\u00f6tt<\/p>\n","protected":false},"featured_media":17385,"template":"","meta":[],"product_brand":[],"product_cat":[1652],"product_tag":[],"class_list":{"0":"post-17990","1":"product","2":"type-product","3":"status-publish","4":"has-post-thumbnail","6":"product_cat-keszulekek","7":"product_shipping_class-standard-hu","8":"pa_caracterisitici-cheie-ergonomikus","9":"pa_caracterisitici-cheie-rugalmas","10":"pa_culoare-rozsaszin","11":"pa_garantie-comerciala-12-honap","12":"pa_garantie-de-conformitate-24-honap","13":"pa_material-abs-hu","14":"pa_material-aluminium-otvozet","15":"pa_tip-produs-univerzalis-tamogatas","17":"first","18":"outofstock","19":"taxable","20":"shipping-taxable","21":"purchasable","22":"product-type-simple"},"yoast_head":"<!-- This site is optimized with the Yoast SEO plugin v27.3 - https:\/\/yoast.com\/product\/yoast-seo-wordpress\/ -->\n<title>Rugalmas mobiltart\u00f3, lusta tart\u00f3, halber, r\u00f3zsasz\u00edn - halber<\/title>\n<meta name=\"description\" content=\"Multifunkcion\u00e1lis telefon- \u00e9s t\u00e1blag\u00e9ptart\u00f3. A nyak\u00e1ba, az asztal\u00e1ra vagy maga mell\u00e9 szerelhet\u0151.\" \/>\n<meta name=\"robots\" content=\"index, follow, max-snippet:-1, max-image-preview:large, max-video-preview:-1\" \/>\n<link rel=\"canonical\" href=\"https:\/\/www.halber.ro\/hu\/termek\/mobil-flexibilis-lusta-tarto-halber-piros\/\" \/>\n<meta property=\"og:locale\" content=\"hu_HU\" \/>\n<meta property=\"og:type\" content=\"article\" \/>\n<meta property=\"og:title\" content=\"Rugalmas mobiltart\u00f3, lusta tart\u00f3, halber, r\u00f3zsasz\u00edn - halber\" \/>\n<meta property=\"og:description\" content=\"Multifunkcion\u00e1lis telefon- \u00e9s t\u00e1blag\u00e9ptart\u00f3. A nyak\u00e1ba, az asztal\u00e1ra vagy maga mell\u00e9 szerelhet\u0151.\" \/>\n<meta property=\"og:url\" content=\"https:\/\/www.halber.ro\/hu\/termek\/mobil-flexibilis-lusta-tarto-halber-piros\/\" \/>\n<meta property=\"og:site_name\" content=\"halber\" \/>\n<meta property=\"article:publisher\" content=\"https:\/\/www.facebook.com\/halber.marketplace\" \/>\n<meta property=\"article:modified_time\" content=\"2024-02-15T13:22:08+00:00\" \/>\n<meta property=\"og:image\" content=\"https:\/\/www.halber.ro\/wp-content\/uploads\/2022\/05\/cropped-SP01-12.png\" \/>\n\t<meta property=\"og:image:width\" content=\"844\" \/>\n\t<meta property=\"og:image:height\" content=\"844\" \/>\n\t<meta property=\"og:image:type\" content=\"image\/png\" \/>\n<meta name=\"twitter:card\" content=\"summary_large_image\" \/>\n<meta name=\"twitter:label1\" content=\"Becs\u00fclt olvas\u00e1si id\u0151\" \/>\n\t<meta name=\"twitter:data1\" content=\"1 perc\" \/>\n<script type=\"application\/ld+json\" class=\"yoast-schema-graph\">{\"@context\":\"https:\\\/\\\/schema.org\",\"@graph\":[{\"@type\":\"WebPage\",\"@id\":\"https:\\\/\\\/www.halber.ro\\\/hu\\\/termek\\\/mobil-flexibilis-lusta-tarto-halber-piros\\\/\",\"url\":\"https:\\\/\\\/www.halber.ro\\\/hu\\\/termek\\\/mobil-flexibilis-lusta-tarto-halber-piros\\\/\",\"name\":\"Rugalmas mobiltart\u00f3, lusta tart\u00f3, halber, r\u00f3zsasz\u00edn - halber\",\"isPartOf\":{\"@id\":\"https:\\\/\\\/www.halber.ro\\\/hu\\\/#website\"},\"primaryImageOfPage\":{\"@id\":\"https:\\\/\\\/www.halber.ro\\\/hu\\\/termek\\\/mobil-flexibilis-lusta-tarto-halber-piros\\\/#primaryimage\"},\"image\":{\"@id\":\"https:\\\/\\\/www.halber.ro\\\/hu\\\/termek\\\/mobil-flexibilis-lusta-tarto-halber-piros\\\/#primaryimage\"},\"thumbnailUrl\":\"https:\\\/\\\/www.halber.ro\\\/wp-content\\\/uploads\\\/2022\\\/05\\\/cropped-SP01-12.png\",\"datePublished\":\"2022-05-27T12:29:17+00:00\",\"dateModified\":\"2024-02-15T13:22:08+00:00\",\"description\":\"Multifunkcion\u00e1lis telefon- \u00e9s t\u00e1blag\u00e9ptart\u00f3. A nyak\u00e1ba, az asztal\u00e1ra vagy maga mell\u00e9 szerelhet\u0151.\",\"breadcrumb\":{\"@id\":\"https:\\\/\\\/www.halber.ro\\\/hu\\\/termek\\\/mobil-flexibilis-lusta-tarto-halber-piros\\\/#breadcrumb\"},\"inLanguage\":\"hu\",\"potentialAction\":[{\"@type\":\"ReadAction\",\"target\":[\"https:\\\/\\\/www.halber.ro\\\/hu\\\/termek\\\/mobil-flexibilis-lusta-tarto-halber-piros\\\/\"]}]},{\"@type\":\"ImageObject\",\"inLanguage\":\"hu\",\"@id\":\"https:\\\/\\\/www.halber.ro\\\/hu\\\/termek\\\/mobil-flexibilis-lusta-tarto-halber-piros\\\/#primaryimage\",\"url\":\"https:\\\/\\\/www.halber.ro\\\/wp-content\\\/uploads\\\/2022\\\/05\\\/cropped-SP01-12.png\",\"contentUrl\":\"https:\\\/\\\/www.halber.ro\\\/wp-content\\\/uploads\\\/2022\\\/05\\\/cropped-SP01-12.png\",\"width\":844,\"height\":844,\"caption\":\"Suport Mobil\"},{\"@type\":\"BreadcrumbList\",\"@id\":\"https:\\\/\\\/www.halber.ro\\\/hu\\\/termek\\\/mobil-flexibilis-lusta-tarto-halber-piros\\\/#breadcrumb\",\"itemListElement\":[{\"@type\":\"ListItem\",\"position\":1,\"name\":\"Home\",\"item\":\"https:\\\/\\\/www.halber.ro\\\/hu\\\/\"},{\"@type\":\"ListItem\",\"position\":2,\"name\":\"Shop\",\"item\":\"https:\\\/\\\/www.halber.ro\\\/\"},{\"@type\":\"ListItem\",\"position\":3,\"name\":\"Rugalmas mobiltart\u00f3, lusta tart\u00f3, halber, r\u00f3zsasz\u00edn\"}]},{\"@type\":\"WebSite\",\"@id\":\"https:\\\/\\\/www.halber.ro\\\/hu\\\/#website\",\"url\":\"https:\\\/\\\/www.halber.ro\\\/hu\\\/\",\"name\":\"halber\",\"description\":\"Bine a\u021bi venit!\",\"publisher\":{\"@id\":\"https:\\\/\\\/www.halber.ro\\\/hu\\\/#organization\"},\"potentialAction\":[{\"@type\":\"SearchAction\",\"target\":{\"@type\":\"EntryPoint\",\"urlTemplate\":\"https:\\\/\\\/www.halber.ro\\\/hu\\\/?s={search_term_string}\"},\"query-input\":{\"@type\":\"PropertyValueSpecification\",\"valueRequired\":true,\"valueName\":\"search_term_string\"}}],\"inLanguage\":\"hu\"},{\"@type\":\"Organization\",\"@id\":\"https:\\\/\\\/www.halber.ro\\\/hu\\\/#organization\",\"name\":\"Trade Trust\",\"url\":\"https:\\\/\\\/www.halber.ro\\\/hu\\\/\",\"logo\":{\"@type\":\"ImageObject\",\"inLanguage\":\"hu\",\"@id\":\"https:\\\/\\\/www.halber.ro\\\/hu\\\/#\\\/schema\\\/logo\\\/image\\\/\",\"url\":\"https:\\\/\\\/www.halber.ro\\\/wp-content\\\/uploads\\\/2023\\\/04\\\/Picture1-e1686946354899.png\",\"contentUrl\":\"https:\\\/\\\/www.halber.ro\\\/wp-content\\\/uploads\\\/2023\\\/04\\\/Picture1-e1686946354899.png\",\"width\":1537,\"height\":879,\"caption\":\"Trade Trust\"},\"image\":{\"@id\":\"https:\\\/\\\/www.halber.ro\\\/hu\\\/#\\\/schema\\\/logo\\\/image\\\/\"},\"sameAs\":[\"https:\\\/\\\/www.facebook.com\\\/halber.marketplace\",\"https:\\\/\\\/www.youtube.com\\\/@halber.romania7831\"]}]}<\/script>\n<!-- \/ Yoast SEO plugin. -->","yoast_head_json":{"title":"Rugalmas mobiltart\u00f3, lusta tart\u00f3, halber, r\u00f3zsasz\u00edn - halber","description":"Multifunkcion\u00e1lis telefon- \u00e9s t\u00e1blag\u00e9ptart\u00f3. A nyak\u00e1ba, az asztal\u00e1ra vagy maga mell\u00e9 szerelhet\u0151.","robots":{"index":"index","follow":"follow","max-snippet":"max-snippet:-1","max-image-preview":"max-image-preview:large","max-video-preview":"max-video-preview:-1"},"canonical":"https:\/\/www.halber.ro\/hu\/termek\/mobil-flexibilis-lusta-tarto-halber-piros\/","og_locale":"hu_HU","og_type":"article","og_title":"Rugalmas mobiltart\u00f3, lusta tart\u00f3, halber, r\u00f3zsasz\u00edn - halber","og_description":"Multifunkcion\u00e1lis telefon- \u00e9s t\u00e1blag\u00e9ptart\u00f3. A nyak\u00e1ba, az asztal\u00e1ra vagy maga mell\u00e9 szerelhet\u0151.","og_url":"https:\/\/www.halber.ro\/hu\/termek\/mobil-flexibilis-lusta-tarto-halber-piros\/","og_site_name":"halber","article_publisher":"https:\/\/www.facebook.com\/halber.marketplace","article_modified_time":"2024-02-15T13:22:08+00:00","og_image":[{"width":844,"height":844,"url":"https:\/\/www.halber.ro\/wp-content\/uploads\/2022\/05\/cropped-SP01-12.png","type":"image\/png"}],"twitter_card":"summary_large_image","twitter_misc":{"Becs\u00fclt olvas\u00e1si id\u0151":"1 perc"},"schema":{"@context":"https:\/\/schema.org","@graph":[{"@type":"WebPage","@id":"https:\/\/www.halber.ro\/hu\/termek\/mobil-flexibilis-lusta-tarto-halber-piros\/","url":"https:\/\/www.halber.ro\/hu\/termek\/mobil-flexibilis-lusta-tarto-halber-piros\/","name":"Rugalmas mobiltart\u00f3, lusta tart\u00f3, halber, r\u00f3zsasz\u00edn - halber","isPartOf":{"@id":"https:\/\/www.halber.ro\/hu\/#website"},"primaryImageOfPage":{"@id":"https:\/\/www.halber.ro\/hu\/termek\/mobil-flexibilis-lusta-tarto-halber-piros\/#primaryimage"},"image":{"@id":"https:\/\/www.halber.ro\/hu\/termek\/mobil-flexibilis-lusta-tarto-halber-piros\/#primaryimage"},"thumbnailUrl":"https:\/\/www.halber.ro\/wp-content\/uploads\/2022\/05\/cropped-SP01-12.png","datePublished":"2022-05-27T12:29:17+00:00","dateModified":"2024-02-15T13:22:08+00:00","description":"Multifunkcion\u00e1lis telefon- \u00e9s t\u00e1blag\u00e9ptart\u00f3. A nyak\u00e1ba, az asztal\u00e1ra vagy maga mell\u00e9 szerelhet\u0151.","breadcrumb":{"@id":"https:\/\/www.halber.ro\/hu\/termek\/mobil-flexibilis-lusta-tarto-halber-piros\/#breadcrumb"},"inLanguage":"hu","potentialAction":[{"@type":"ReadAction","target":["https:\/\/www.halber.ro\/hu\/termek\/mobil-flexibilis-lusta-tarto-halber-piros\/"]}]},{"@type":"ImageObject","inLanguage":"hu","@id":"https:\/\/www.halber.ro\/hu\/termek\/mobil-flexibilis-lusta-tarto-halber-piros\/#primaryimage","url":"https:\/\/www.halber.ro\/wp-content\/uploads\/2022\/05\/cropped-SP01-12.png","contentUrl":"https:\/\/www.halber.ro\/wp-content\/uploads\/2022\/05\/cropped-SP01-12.png","width":844,"height":844,"caption":"Suport Mobil"},{"@type":"BreadcrumbList","@id":"https:\/\/www.halber.ro\/hu\/termek\/mobil-flexibilis-lusta-tarto-halber-piros\/#breadcrumb","itemListElement":[{"@type":"ListItem","position":1,"name":"Home","item":"https:\/\/www.halber.ro\/hu\/"},{"@type":"ListItem","position":2,"name":"Shop","item":"https:\/\/www.halber.ro\/"},{"@type":"ListItem","position":3,"name":"Rugalmas mobiltart\u00f3, lusta tart\u00f3, halber, r\u00f3zsasz\u00edn"}]},{"@type":"WebSite","@id":"https:\/\/www.halber.ro\/hu\/#website","url":"https:\/\/www.halber.ro\/hu\/","name":"halber","description":"Bine a\u021bi venit!","publisher":{"@id":"https:\/\/www.halber.ro\/hu\/#organization"},"potentialAction":[{"@type":"SearchAction","target":{"@type":"EntryPoint","urlTemplate":"https:\/\/www.halber.ro\/hu\/?s={search_term_string}"},"query-input":{"@type":"PropertyValueSpecification","valueRequired":true,"valueName":"search_term_string"}}],"inLanguage":"hu"},{"@type":"Organization","@id":"https:\/\/www.halber.ro\/hu\/#organization","name":"Trade Trust","url":"https:\/\/www.halber.ro\/hu\/","logo":{"@type":"ImageObject","inLanguage":"hu","@id":"https:\/\/www.halber.ro\/hu\/#\/schema\/logo\/image\/","url":"https:\/\/www.halber.ro\/wp-content\/uploads\/2023\/04\/Picture1-e1686946354899.png","contentUrl":"https:\/\/www.halber.ro\/wp-content\/uploads\/2023\/04\/Picture1-e1686946354899.png","width":1537,"height":879,"caption":"Trade Trust"},"image":{"@id":"https:\/\/www.halber.ro\/hu\/#\/schema\/logo\/image\/"},"sameAs":["https:\/\/www.facebook.com\/halber.marketplace","https:\/\/www.youtube.com\/@halber.romania7831"]}]}},"_links":{"self":[{"href":"https:\/\/www.halber.ro\/hu\/wp-json\/wp\/v2\/product\/17990","targetHints":{"allow":["GET"]}}],"collection":[{"href":"https:\/\/www.halber.ro\/hu\/wp-json\/wp\/v2\/product"}],"about":[{"href":"https:\/\/www.halber.ro\/hu\/wp-json\/wp\/v2\/types\/product"}],"wp:featuredmedia":[{"embeddable":true,"href":"https:\/\/www.halber.ro\/hu\/wp-json\/wp\/v2\/media\/17385"}],"wp:attachment":[{"href":"https:\/\/www.halber.ro\/hu\/wp-json\/wp\/v2\/media?parent=17990"}],"wp:term":[{"taxonomy":"product_brand","embeddable":true,"href":"https:\/\/www.halber.ro\/hu\/wp-json\/wp\/v2\/product_brand?post=17990"},{"taxonomy":"product_cat","embeddable":true,"href":"https:\/\/www.halber.ro\/hu\/wp-json\/wp\/v2\/product_cat?post=17990"},{"taxonomy":"product_tag","embeddable":true,"href":"https:\/\/www.halber.ro\/hu\/wp-json\/wp\/v2\/product_tag?post=17990"}],"curies":[{"name":"wp","href":"https:\/\/api.w.org\/{rel}","templated":true}]}}