{"id":19488,"date":"2023-11-09T14:29:38","date_gmt":"2023-11-09T12:29:38","guid":{"rendered":"https:\/\/www.halber.ro\/?post_type=product&#038;p=19488"},"modified":"2023-11-23T15:08:22","modified_gmt":"2023-11-23T13:08:22","slug":"sporttaska-kinmac-zebra","status":"publish","type":"product","link":"https:\/\/www.halber.ro\/hu\/termek\/sporttaska-kinmac-zebra\/","title":{"rendered":"Sportt\u00e1ska, Kinmac, Zebra"},"content":{"rendered":"<p>MI\u00c9RT KIV\u00c1L\u00d3 V\u00c1LASZT\u00c1S EZ A T\u00c1SKA?<\/p>\n<ul>\n<li style=\"list-style-type: none;\">\n<ul>\n<li><span lang=\"ro\"><strong>Rendk\u00edv\u00fcl t\u00e1gas<\/strong> &#8211; menj az edz\u0151terembe, a tornaterembe, egy h\u00e9tv\u00e9gi kir\u00e1ndul\u00e1sra a bar\u00e1tokhoz vagy a munkahelyedre &#8211; minden holmid elf\u00e9r, biztons\u00e1gban lesz, \u00e9s nem fog megs\u00e9r\u00fclni<strong>!<\/strong><\/span><\/li>\n<li><span lang=\"ro\">Gondosan kiv\u00e1lasztott anyagokb\u00f3l k\u00e9sz\u00fclt &#8211; <strong>a k\u00fcls\u0151 r\u00e9teg poli\u00e9szterb\u0151l k\u00e9sz\u00fclt, <\/strong>egy nagyon n\u00e9pszer\u0171 \u00e9s tart\u00f3s anyagb\u00f3l, amely ellen\u00e1ll a s\u00e9r\u00fcl\u00e9seknek \u00e9s a szennyez\u0151d\u00e9seknek.<\/span><\/li>\n<li><strong><span lang=\"ro\">B\u00e9lelt bels\u0151 r\u00e9teg<\/span><\/strong><span lang=\"ro\">  &#8211; az ilyen t\u00edpus\u00fa t\u00e1sk\u00e1kn\u00e1l j\u00f3 ellen\u0151rizni, hogy van-e b\u00e9l\u00e9se &#8211; ha nincs, a term\u00e9k k\u00f6nnyen megs\u00e9r\u00fclhet. Modell\u00fcnk tart\u00f3s poli\u00e9szter b\u00e9l\u00e9ssel rendelkezik, \u00edgy tov\u00e1bb tart veled!<\/span><\/li>\n<li><span lang=\"ro\">Kifinomult varr\u00e1s, tart\u00f3s, <strong>v\u00edz\u00e1ll\u00f3<\/strong> anyag.<\/span><\/li>\n<li>Az elej\u00e9n egy<strong> zseb<\/strong> tal\u00e1lhat\u00f3 a mobiltelefon tart\u00e1s\u00e1ra. H\u00e1tul pedig egy <strong>cipz\u00e1ras lop\u00e1sg\u00e1tl\u00f3 zseb <\/strong>tal\u00e1lhat\u00f3 k\u00e9szp\u00e9nz, szem\u00e9lyi igazolv\u00e1nyok vagy \u00fatlevelek t\u00e1rol\u00e1s\u00e1ra.<\/li>\n<\/ul>\n<\/li>\n<\/ul>\n<p>A K\u00c9NYELEM \u00daJ DIMENZI\u00d3JA<\/p>\n<p><iframe title=\"Kinmac Zebra sportt\u00e1ska\" src=\"https:\/\/www.youtube.com\/embed\/2DskM4mYp-o\" width=\"875\" height=\"492\" frameborder=\"0\" allowfullscreen=\"allowfullscreen\"><\/iframe><\/p>\n","protected":false},"excerpt":{"rendered":"<p><span lang=\"ro\">A <strong>Kinmac<\/strong> sportt\u00e1ska ide\u00e1lis az edz\u0151terembe, kir\u00e1ndul\u00e1sra, mindennapi tev\u00e9kenys\u00e9gekre \u00e9s munk\u00e1ba val\u00f3 visel\u00e9shez. Ha pedig k\u00e9zipoggy\u00e1szra van sz\u00fcks\u00e9ge a rep\u00fcl\u0151g\u00e9pre, ez az ide\u00e1lis modell!<\/span><\/p>\n","protected":false},"featured_media":18760,"template":"","meta":[],"product_brand":[],"product_cat":[1612],"product_tag":[],"class_list":{"0":"post-19488","1":"product","2":"type-product","3":"status-publish","4":"has-post-thumbnail","6":"product_cat-sporttaskak","7":"product_shipping_class-standard-hu","8":"pa_caracterisitici-cheie-oldalso-cipo-zseb","9":"pa_compartimente-exterioare-5-hu","10":"pa_compartimente-interioare-8-hu","11":"pa_culoare-feher","12":"pa_culoare-fekete","13":"pa_culoare-tobbszinu","14":"pa_garantie-comerciala-12-honap","15":"pa_garantie-de-conformitate-24-honap","16":"pa_material-polieszter","17":"pa_tip-produs-valltaska","19":"first","20":"instock","21":"taxable","22":"shipping-taxable","23":"purchasable","24":"product-type-simple"},"yoast_head":"<!-- This site is optimized with the Yoast SEO plugin v27.3 - https:\/\/yoast.com\/product\/yoast-seo-wordpress\/ -->\n<title>Sportt\u00e1ska, Kinmac, Zebra - halber<\/title>\n<meta name=\"description\" content=\"A Kinmac sportt\u00e1ska ide\u00e1lis az edz\u0151terembe, kir\u00e1ndul\u00e1sra, mindennapi tev\u00e9kenys\u00e9gekre \u00e9s munk\u00e1ba val\u00f3 visel\u00e9shez. Ha pedig k\u00e9zipoggy\u00e1szra van sz\u00fcks\u00e9ge a rep\u00fcl\u0151g\u00e9pre, ez az ide\u00e1lis modell!\" \/>\n<meta name=\"robots\" content=\"index, follow, max-snippet:-1, max-image-preview:large, max-video-preview:-1\" \/>\n<link rel=\"canonical\" href=\"https:\/\/www.halber.ro\/hu\/termek\/sporttaska-kinmac-zebra\/\" \/>\n<meta property=\"og:locale\" content=\"hu_HU\" \/>\n<meta property=\"og:type\" content=\"article\" \/>\n<meta property=\"og:title\" content=\"Sportt\u00e1ska, Kinmac, Zebra - halber\" \/>\n<meta property=\"og:description\" content=\"A Kinmac sportt\u00e1ska ide\u00e1lis az edz\u0151terembe, kir\u00e1ndul\u00e1sra, mindennapi tev\u00e9kenys\u00e9gekre \u00e9s munk\u00e1ba val\u00f3 visel\u00e9shez. Ha pedig k\u00e9zipoggy\u00e1szra van sz\u00fcks\u00e9ge a rep\u00fcl\u0151g\u00e9pre, ez az ide\u00e1lis modell!\" \/>\n<meta property=\"og:url\" content=\"https:\/\/www.halber.ro\/hu\/termek\/sporttaska-kinmac-zebra\/\" \/>\n<meta property=\"og:site_name\" content=\"halber\" \/>\n<meta property=\"article:publisher\" content=\"https:\/\/www.facebook.com\/halber.marketplace\" \/>\n<meta property=\"article:modified_time\" content=\"2023-11-23T13:08:22+00:00\" \/>\n<meta property=\"og:image\" content=\"https:\/\/www.halber.ro\/wp-content\/uploads\/2023\/10\/GNS1ZB-1-scaled-e1699527985974-jpg.webp\" \/>\n\t<meta property=\"og:image:width\" content=\"1706\" \/>\n\t<meta property=\"og:image:height\" content=\"1706\" \/>\n\t<meta property=\"og:image:type\" content=\"image\/jpeg\" \/>\n<meta name=\"twitter:card\" content=\"summary_large_image\" \/>\n<meta name=\"twitter:label1\" content=\"Becs\u00fclt olvas\u00e1si id\u0151\" \/>\n\t<meta name=\"twitter:data1\" content=\"1 perc\" \/>\n<script type=\"application\/ld+json\" class=\"yoast-schema-graph\">{\"@context\":\"https:\\\/\\\/schema.org\",\"@graph\":[{\"@type\":\"WebPage\",\"@id\":\"https:\\\/\\\/www.halber.ro\\\/hu\\\/termek\\\/sporttaska-kinmac-zebra\\\/\",\"url\":\"https:\\\/\\\/www.halber.ro\\\/hu\\\/termek\\\/sporttaska-kinmac-zebra\\\/\",\"name\":\"Sportt\u00e1ska, Kinmac, Zebra - halber\",\"isPartOf\":{\"@id\":\"https:\\\/\\\/www.halber.ro\\\/hu\\\/#website\"},\"primaryImageOfPage\":{\"@id\":\"https:\\\/\\\/www.halber.ro\\\/hu\\\/termek\\\/sporttaska-kinmac-zebra\\\/#primaryimage\"},\"image\":{\"@id\":\"https:\\\/\\\/www.halber.ro\\\/hu\\\/termek\\\/sporttaska-kinmac-zebra\\\/#primaryimage\"},\"thumbnailUrl\":\"https:\\\/\\\/www.halber.ro\\\/wp-content\\\/uploads\\\/2023\\\/10\\\/GNS1ZB-1-scaled-e1699527985974-jpg.webp\",\"datePublished\":\"2023-11-09T12:29:38+00:00\",\"dateModified\":\"2023-11-23T13:08:22+00:00\",\"description\":\"A Kinmac sportt\u00e1ska ide\u00e1lis az edz\u0151terembe, kir\u00e1ndul\u00e1sra, mindennapi tev\u00e9kenys\u00e9gekre \u00e9s munk\u00e1ba val\u00f3 visel\u00e9shez. Ha pedig k\u00e9zipoggy\u00e1szra van sz\u00fcks\u00e9ge a rep\u00fcl\u0151g\u00e9pre, ez az ide\u00e1lis modell!\",\"breadcrumb\":{\"@id\":\"https:\\\/\\\/www.halber.ro\\\/hu\\\/termek\\\/sporttaska-kinmac-zebra\\\/#breadcrumb\"},\"inLanguage\":\"hu\",\"potentialAction\":[{\"@type\":\"ReadAction\",\"target\":[\"https:\\\/\\\/www.halber.ro\\\/hu\\\/termek\\\/sporttaska-kinmac-zebra\\\/\"]}]},{\"@type\":\"ImageObject\",\"inLanguage\":\"hu\",\"@id\":\"https:\\\/\\\/www.halber.ro\\\/hu\\\/termek\\\/sporttaska-kinmac-zebra\\\/#primaryimage\",\"url\":\"https:\\\/\\\/www.halber.ro\\\/wp-content\\\/uploads\\\/2023\\\/10\\\/GNS1ZB-1-scaled-e1699527985974-jpg.webp\",\"contentUrl\":\"https:\\\/\\\/www.halber.ro\\\/wp-content\\\/uploads\\\/2023\\\/10\\\/GNS1ZB-1-scaled-e1699527985974-jpg.webp\",\"width\":1706,\"height\":1706,\"caption\":\"Geanta sport\"},{\"@type\":\"BreadcrumbList\",\"@id\":\"https:\\\/\\\/www.halber.ro\\\/hu\\\/termek\\\/sporttaska-kinmac-zebra\\\/#breadcrumb\",\"itemListElement\":[{\"@type\":\"ListItem\",\"position\":1,\"name\":\"Home\",\"item\":\"https:\\\/\\\/www.halber.ro\\\/hu\\\/\"},{\"@type\":\"ListItem\",\"position\":2,\"name\":\"Shop\",\"item\":\"https:\\\/\\\/www.halber.ro\\\/\"},{\"@type\":\"ListItem\",\"position\":3,\"name\":\"Sportt\u00e1ska, Kinmac, Zebra\"}]},{\"@type\":\"WebSite\",\"@id\":\"https:\\\/\\\/www.halber.ro\\\/hu\\\/#website\",\"url\":\"https:\\\/\\\/www.halber.ro\\\/hu\\\/\",\"name\":\"halber\",\"description\":\"Bine a\u021bi venit!\",\"publisher\":{\"@id\":\"https:\\\/\\\/www.halber.ro\\\/hu\\\/#organization\"},\"potentialAction\":[{\"@type\":\"SearchAction\",\"target\":{\"@type\":\"EntryPoint\",\"urlTemplate\":\"https:\\\/\\\/www.halber.ro\\\/hu\\\/?s={search_term_string}\"},\"query-input\":{\"@type\":\"PropertyValueSpecification\",\"valueRequired\":true,\"valueName\":\"search_term_string\"}}],\"inLanguage\":\"hu\"},{\"@type\":\"Organization\",\"@id\":\"https:\\\/\\\/www.halber.ro\\\/hu\\\/#organization\",\"name\":\"Trade Trust\",\"url\":\"https:\\\/\\\/www.halber.ro\\\/hu\\\/\",\"logo\":{\"@type\":\"ImageObject\",\"inLanguage\":\"hu\",\"@id\":\"https:\\\/\\\/www.halber.ro\\\/hu\\\/#\\\/schema\\\/logo\\\/image\\\/\",\"url\":\"https:\\\/\\\/www.halber.ro\\\/wp-content\\\/uploads\\\/2023\\\/04\\\/Picture1-e1686946354899.png\",\"contentUrl\":\"https:\\\/\\\/www.halber.ro\\\/wp-content\\\/uploads\\\/2023\\\/04\\\/Picture1-e1686946354899.png\",\"width\":1537,\"height\":879,\"caption\":\"Trade Trust\"},\"image\":{\"@id\":\"https:\\\/\\\/www.halber.ro\\\/hu\\\/#\\\/schema\\\/logo\\\/image\\\/\"},\"sameAs\":[\"https:\\\/\\\/www.facebook.com\\\/halber.marketplace\",\"https:\\\/\\\/www.youtube.com\\\/@halber.romania7831\"]}]}<\/script>\n<!-- \/ Yoast SEO plugin. -->","yoast_head_json":{"title":"Sportt\u00e1ska, Kinmac, Zebra - halber","description":"A Kinmac sportt\u00e1ska ide\u00e1lis az edz\u0151terembe, kir\u00e1ndul\u00e1sra, mindennapi tev\u00e9kenys\u00e9gekre \u00e9s munk\u00e1ba val\u00f3 visel\u00e9shez. Ha pedig k\u00e9zipoggy\u00e1szra van sz\u00fcks\u00e9ge a rep\u00fcl\u0151g\u00e9pre, ez az ide\u00e1lis modell!","robots":{"index":"index","follow":"follow","max-snippet":"max-snippet:-1","max-image-preview":"max-image-preview:large","max-video-preview":"max-video-preview:-1"},"canonical":"https:\/\/www.halber.ro\/hu\/termek\/sporttaska-kinmac-zebra\/","og_locale":"hu_HU","og_type":"article","og_title":"Sportt\u00e1ska, Kinmac, Zebra - halber","og_description":"A Kinmac sportt\u00e1ska ide\u00e1lis az edz\u0151terembe, kir\u00e1ndul\u00e1sra, mindennapi tev\u00e9kenys\u00e9gekre \u00e9s munk\u00e1ba val\u00f3 visel\u00e9shez. Ha pedig k\u00e9zipoggy\u00e1szra van sz\u00fcks\u00e9ge a rep\u00fcl\u0151g\u00e9pre, ez az ide\u00e1lis modell!","og_url":"https:\/\/www.halber.ro\/hu\/termek\/sporttaska-kinmac-zebra\/","og_site_name":"halber","article_publisher":"https:\/\/www.facebook.com\/halber.marketplace","article_modified_time":"2023-11-23T13:08:22+00:00","og_image":[{"width":1706,"height":1706,"url":"https:\/\/www.halber.ro\/wp-content\/uploads\/2023\/10\/GNS1ZB-1-scaled-e1699527985974-jpg.webp","type":"image\/jpeg"}],"twitter_card":"summary_large_image","twitter_misc":{"Becs\u00fclt olvas\u00e1si id\u0151":"1 perc"},"schema":{"@context":"https:\/\/schema.org","@graph":[{"@type":"WebPage","@id":"https:\/\/www.halber.ro\/hu\/termek\/sporttaska-kinmac-zebra\/","url":"https:\/\/www.halber.ro\/hu\/termek\/sporttaska-kinmac-zebra\/","name":"Sportt\u00e1ska, Kinmac, Zebra - halber","isPartOf":{"@id":"https:\/\/www.halber.ro\/hu\/#website"},"primaryImageOfPage":{"@id":"https:\/\/www.halber.ro\/hu\/termek\/sporttaska-kinmac-zebra\/#primaryimage"},"image":{"@id":"https:\/\/www.halber.ro\/hu\/termek\/sporttaska-kinmac-zebra\/#primaryimage"},"thumbnailUrl":"https:\/\/www.halber.ro\/wp-content\/uploads\/2023\/10\/GNS1ZB-1-scaled-e1699527985974-jpg.webp","datePublished":"2023-11-09T12:29:38+00:00","dateModified":"2023-11-23T13:08:22+00:00","description":"A Kinmac sportt\u00e1ska ide\u00e1lis az edz\u0151terembe, kir\u00e1ndul\u00e1sra, mindennapi tev\u00e9kenys\u00e9gekre \u00e9s munk\u00e1ba val\u00f3 visel\u00e9shez. Ha pedig k\u00e9zipoggy\u00e1szra van sz\u00fcks\u00e9ge a rep\u00fcl\u0151g\u00e9pre, ez az ide\u00e1lis modell!","breadcrumb":{"@id":"https:\/\/www.halber.ro\/hu\/termek\/sporttaska-kinmac-zebra\/#breadcrumb"},"inLanguage":"hu","potentialAction":[{"@type":"ReadAction","target":["https:\/\/www.halber.ro\/hu\/termek\/sporttaska-kinmac-zebra\/"]}]},{"@type":"ImageObject","inLanguage":"hu","@id":"https:\/\/www.halber.ro\/hu\/termek\/sporttaska-kinmac-zebra\/#primaryimage","url":"https:\/\/www.halber.ro\/wp-content\/uploads\/2023\/10\/GNS1ZB-1-scaled-e1699527985974-jpg.webp","contentUrl":"https:\/\/www.halber.ro\/wp-content\/uploads\/2023\/10\/GNS1ZB-1-scaled-e1699527985974-jpg.webp","width":1706,"height":1706,"caption":"Geanta sport"},{"@type":"BreadcrumbList","@id":"https:\/\/www.halber.ro\/hu\/termek\/sporttaska-kinmac-zebra\/#breadcrumb","itemListElement":[{"@type":"ListItem","position":1,"name":"Home","item":"https:\/\/www.halber.ro\/hu\/"},{"@type":"ListItem","position":2,"name":"Shop","item":"https:\/\/www.halber.ro\/"},{"@type":"ListItem","position":3,"name":"Sportt\u00e1ska, Kinmac, Zebra"}]},{"@type":"WebSite","@id":"https:\/\/www.halber.ro\/hu\/#website","url":"https:\/\/www.halber.ro\/hu\/","name":"halber","description":"Bine a\u021bi venit!","publisher":{"@id":"https:\/\/www.halber.ro\/hu\/#organization"},"potentialAction":[{"@type":"SearchAction","target":{"@type":"EntryPoint","urlTemplate":"https:\/\/www.halber.ro\/hu\/?s={search_term_string}"},"query-input":{"@type":"PropertyValueSpecification","valueRequired":true,"valueName":"search_term_string"}}],"inLanguage":"hu"},{"@type":"Organization","@id":"https:\/\/www.halber.ro\/hu\/#organization","name":"Trade Trust","url":"https:\/\/www.halber.ro\/hu\/","logo":{"@type":"ImageObject","inLanguage":"hu","@id":"https:\/\/www.halber.ro\/hu\/#\/schema\/logo\/image\/","url":"https:\/\/www.halber.ro\/wp-content\/uploads\/2023\/04\/Picture1-e1686946354899.png","contentUrl":"https:\/\/www.halber.ro\/wp-content\/uploads\/2023\/04\/Picture1-e1686946354899.png","width":1537,"height":879,"caption":"Trade Trust"},"image":{"@id":"https:\/\/www.halber.ro\/hu\/#\/schema\/logo\/image\/"},"sameAs":["https:\/\/www.facebook.com\/halber.marketplace","https:\/\/www.youtube.com\/@halber.romania7831"]}]}},"_links":{"self":[{"href":"https:\/\/www.halber.ro\/hu\/wp-json\/wp\/v2\/product\/19488","targetHints":{"allow":["GET"]}}],"collection":[{"href":"https:\/\/www.halber.ro\/hu\/wp-json\/wp\/v2\/product"}],"about":[{"href":"https:\/\/www.halber.ro\/hu\/wp-json\/wp\/v2\/types\/product"}],"wp:featuredmedia":[{"embeddable":true,"href":"https:\/\/www.halber.ro\/hu\/wp-json\/wp\/v2\/media\/18760"}],"wp:attachment":[{"href":"https:\/\/www.halber.ro\/hu\/wp-json\/wp\/v2\/media?parent=19488"}],"wp:term":[{"taxonomy":"product_brand","embeddable":true,"href":"https:\/\/www.halber.ro\/hu\/wp-json\/wp\/v2\/product_brand?post=19488"},{"taxonomy":"product_cat","embeddable":true,"href":"https:\/\/www.halber.ro\/hu\/wp-json\/wp\/v2\/product_cat?post=19488"},{"taxonomy":"product_tag","embeddable":true,"href":"https:\/\/www.halber.ro\/hu\/wp-json\/wp\/v2\/product_tag?post=19488"}],"curies":[{"name":"wp","href":"https:\/\/api.w.org\/{rel}","templated":true}]}}