{"id":19516,"date":"2023-11-14T14:17:11","date_gmt":"2023-11-14T12:17:11","guid":{"rendered":"https:\/\/www.halber.ro\/?post_type=product&#038;p=19516"},"modified":"2023-11-23T15:21:50","modified_gmt":"2023-11-23T13:21:50","slug":"utazotaska-kinmac-bohem-stilusu","status":"publish","type":"product","link":"https:\/\/www.halber.ro\/hu\/termek\/utazotaska-kinmac-bohem-stilusu\/","title":{"rendered":"Utaz\u00f3t\u00e1ska, Kinmac, Boh\u00e9m st\u00edlusu"},"content":{"rendered":"<p>Milyen legyen a t\u00f6k\u00e9letes utaz\u00f3t\u00e1ska?<\/p>\n<p>Bizony\u00e1ra annak kell lennie: <strong>t\u00e1gas, massz\u00edv, aranyos, megfizethet\u0151<\/strong>.<\/p>\n<p>Az\u00e9rt v\u00e1laszthatom ezt az utaz\u00f3t\u00e1sk\u00e1t, mert:<\/p>\n<p>1. <strong>T\u00e1gas<\/strong> &#8211; <strong>2 rekesszel<\/strong> \u00e9s <strong>5 zsebbel<\/strong> rendelkezik a cip\u0151k, ruh\u00e1k, tablet \u00e9s egy\u00e9b alapvet\u0151 kieg\u00e9sz\u00edt\u0151k t\u00e1rol\u00e1s\u00e1ra.<\/p>\n<p>2. <strong>Tart\u00f3s<\/strong> &#8211; a <strong>poli\u00e9szter anyag<\/strong>, amelyb\u0151l k\u00e9sz\u00fclt, tart\u00f3ss\u00e1got \u00e9s v\u00edz\u00e1ll\u00f3s\u00e1got biztos\u00edt, \u00edgy hossz\u00fa ideig \u00e9lvezheti.<\/p>\n<p>3. <strong>Aranyos<\/strong> \u00e9s <strong>megfizethet\u0151<\/strong> &#8211; az \u00e1r-min\u0151s\u00e9g ar\u00e1ny egy ilyen minimalista diz\u00e1jnt \u00e9s ergon\u00f3mi\u00e1t \u00f6tv\u00f6z\u0151 term\u00e9k eset\u00e9ben verhetetlen.<\/p>\n<p>Hozzon l\u00e9tre eml\u00e9kezetes \u00e9lm\u00e9nyeket!<\/p>\n<p><iframe title=\"Kinmac Boh\u00e9m st\u00edlus\u00fa utaz\u00f3t\u00e1ska\" src=\"https:\/\/www.youtube.com\/embed\/tmX_rvdxi3A\" width=\"875\" height=\"492\" frameborder=\"0\" allowfullscreen=\"allowfullscreen\"><\/iframe><\/p>\n","protected":false},"excerpt":{"rendered":"<p><strong>Ide\u00e1lis utaz\u00f3t\u00e1ska<\/strong> h\u00e9tv\u00e9gi, <strong>\u00fczleti<\/strong> vagy szem\u00e9lyes <strong>utaz\u00e1sokhoz<\/strong>, <strong>t\u00e1gas<\/strong> a<strong> legfontosabb dolgok<\/strong>, p\u00e9ld\u00e1ul ruh\u00e1k, cip\u0151k, piperecikkek \u00e9s egy\u00e9b utaz\u00e1si kieg\u00e9sz\u00edt\u0151k becsomagol\u00e1s\u00e1hoz.<\/p>\n","protected":false},"featured_media":18793,"template":"","meta":[],"product_brand":[],"product_cat":[1766],"product_tag":[],"class_list":{"0":"post-19516","1":"product","2":"type-product","3":"status-publish","4":"has-post-thumbnail","6":"product_cat-utazotaskak","7":"product_shipping_class-standard-hu","8":"pa_caracterisitici-cheie-dedikalt-rekesz-cipotarolasra","9":"pa_caracterisitici-cheie-lopasgatlo-zseb","10":"pa_compartimente-exterioare-3-hu","11":"pa_compartimente-interioare-7-hu","12":"pa_culoare-barna","13":"pa_culoare-bej-hu","14":"pa_culoare-red","15":"pa_culoare-tobbszinu","16":"pa_culoare-zold","17":"pa_garantie-comerciala-12-honap","18":"pa_garantie-de-conformitate-24-honap","19":"pa_material-polieszter","20":"pa_tip-produs-valltaska","22":"first","23":"instock","24":"featured","25":"taxable","26":"shipping-taxable","27":"purchasable","28":"product-type-simple"},"yoast_head":"<!-- This site is optimized with the Yoast SEO plugin v27.3 - https:\/\/yoast.com\/product\/yoast-seo-wordpress\/ -->\n<title>Utaz\u00f3t\u00e1ska, Kinmac, Boh\u00e9m st\u00edlusu - halber<\/title>\n<meta name=\"description\" content=\"Ide\u00e1lis utaz\u00f3t\u00e1ska h\u00e9tv\u00e9gi, \u00fczleti vagy szem\u00e9lyes utaz\u00e1sokhoz, t\u00e1gas a legfontosabb dolgok, p\u00e9ld\u00e1ul ruh\u00e1k, cip\u0151k, piperecikkek \u00e9s egy\u00e9b utaz\u00e1si kieg\u00e9sz\u00edt\u0151k becsomagol\u00e1s\u00e1hoz.\" \/>\n<meta name=\"robots\" content=\"index, follow, max-snippet:-1, max-image-preview:large, max-video-preview:-1\" \/>\n<link rel=\"canonical\" href=\"https:\/\/www.halber.ro\/hu\/termek\/utazotaska-kinmac-bohem-stilusu\/\" \/>\n<meta property=\"og:locale\" content=\"hu_HU\" \/>\n<meta property=\"og:type\" content=\"article\" \/>\n<meta property=\"og:title\" content=\"Utaz\u00f3t\u00e1ska, Kinmac, Boh\u00e9m st\u00edlusu - halber\" \/>\n<meta property=\"og:description\" content=\"Ide\u00e1lis utaz\u00f3t\u00e1ska h\u00e9tv\u00e9gi, \u00fczleti vagy szem\u00e9lyes utaz\u00e1sokhoz, t\u00e1gas a legfontosabb dolgok, p\u00e9ld\u00e1ul ruh\u00e1k, cip\u0151k, piperecikkek \u00e9s egy\u00e9b utaz\u00e1si kieg\u00e9sz\u00edt\u0151k becsomagol\u00e1s\u00e1hoz.\" \/>\n<meta property=\"og:url\" content=\"https:\/\/www.halber.ro\/hu\/termek\/utazotaska-kinmac-bohem-stilusu\/\" \/>\n<meta property=\"og:site_name\" content=\"halber\" \/>\n<meta property=\"article:publisher\" content=\"https:\/\/www.facebook.com\/halber.marketplace\" \/>\n<meta property=\"article:modified_time\" content=\"2023-11-23T13:21:50+00:00\" \/>\n<meta property=\"og:image\" content=\"https:\/\/www.halber.ro\/wp-content\/uploads\/2023\/10\/GNV1BS-4-scaled-e1699527519530-jpg.webp\" \/>\n\t<meta property=\"og:image:width\" content=\"1706\" \/>\n\t<meta property=\"og:image:height\" content=\"1706\" \/>\n\t<meta property=\"og:image:type\" content=\"image\/jpeg\" \/>\n<meta name=\"twitter:card\" content=\"summary_large_image\" \/>\n<meta name=\"twitter:label1\" content=\"Becs\u00fclt olvas\u00e1si id\u0151\" \/>\n\t<meta name=\"twitter:data1\" content=\"1 perc\" \/>\n<script type=\"application\/ld+json\" class=\"yoast-schema-graph\">{\"@context\":\"https:\\\/\\\/schema.org\",\"@graph\":[{\"@type\":\"WebPage\",\"@id\":\"https:\\\/\\\/www.halber.ro\\\/hu\\\/termek\\\/utazotaska-kinmac-bohem-stilusu\\\/\",\"url\":\"https:\\\/\\\/www.halber.ro\\\/hu\\\/termek\\\/utazotaska-kinmac-bohem-stilusu\\\/\",\"name\":\"Utaz\u00f3t\u00e1ska, Kinmac, Boh\u00e9m st\u00edlusu - halber\",\"isPartOf\":{\"@id\":\"https:\\\/\\\/www.halber.ro\\\/hu\\\/#website\"},\"primaryImageOfPage\":{\"@id\":\"https:\\\/\\\/www.halber.ro\\\/hu\\\/termek\\\/utazotaska-kinmac-bohem-stilusu\\\/#primaryimage\"},\"image\":{\"@id\":\"https:\\\/\\\/www.halber.ro\\\/hu\\\/termek\\\/utazotaska-kinmac-bohem-stilusu\\\/#primaryimage\"},\"thumbnailUrl\":\"https:\\\/\\\/www.halber.ro\\\/wp-content\\\/uploads\\\/2023\\\/10\\\/GNV1BS-4-scaled-e1699527519530-jpg.webp\",\"datePublished\":\"2023-11-14T12:17:11+00:00\",\"dateModified\":\"2023-11-23T13:21:50+00:00\",\"description\":\"Ide\u00e1lis utaz\u00f3t\u00e1ska h\u00e9tv\u00e9gi, \u00fczleti vagy szem\u00e9lyes utaz\u00e1sokhoz, t\u00e1gas a legfontosabb dolgok, p\u00e9ld\u00e1ul ruh\u00e1k, cip\u0151k, piperecikkek \u00e9s egy\u00e9b utaz\u00e1si kieg\u00e9sz\u00edt\u0151k becsomagol\u00e1s\u00e1hoz.\",\"breadcrumb\":{\"@id\":\"https:\\\/\\\/www.halber.ro\\\/hu\\\/termek\\\/utazotaska-kinmac-bohem-stilusu\\\/#breadcrumb\"},\"inLanguage\":\"hu\",\"potentialAction\":[{\"@type\":\"ReadAction\",\"target\":[\"https:\\\/\\\/www.halber.ro\\\/hu\\\/termek\\\/utazotaska-kinmac-bohem-stilusu\\\/\"]}]},{\"@type\":\"ImageObject\",\"inLanguage\":\"hu\",\"@id\":\"https:\\\/\\\/www.halber.ro\\\/hu\\\/termek\\\/utazotaska-kinmac-bohem-stilusu\\\/#primaryimage\",\"url\":\"https:\\\/\\\/www.halber.ro\\\/wp-content\\\/uploads\\\/2023\\\/10\\\/GNV1BS-4-scaled-e1699527519530-jpg.webp\",\"contentUrl\":\"https:\\\/\\\/www.halber.ro\\\/wp-content\\\/uploads\\\/2023\\\/10\\\/GNV1BS-4-scaled-e1699527519530-jpg.webp\",\"width\":1706,\"height\":1706,\"caption\":\"Geanta voiaj\"},{\"@type\":\"BreadcrumbList\",\"@id\":\"https:\\\/\\\/www.halber.ro\\\/hu\\\/termek\\\/utazotaska-kinmac-bohem-stilusu\\\/#breadcrumb\",\"itemListElement\":[{\"@type\":\"ListItem\",\"position\":1,\"name\":\"Home\",\"item\":\"https:\\\/\\\/www.halber.ro\\\/hu\\\/\"},{\"@type\":\"ListItem\",\"position\":2,\"name\":\"Shop\",\"item\":\"https:\\\/\\\/www.halber.ro\\\/\"},{\"@type\":\"ListItem\",\"position\":3,\"name\":\"Utaz\u00f3t\u00e1ska, Kinmac, Boh\u00e9m st\u00edlusu\"}]},{\"@type\":\"WebSite\",\"@id\":\"https:\\\/\\\/www.halber.ro\\\/hu\\\/#website\",\"url\":\"https:\\\/\\\/www.halber.ro\\\/hu\\\/\",\"name\":\"halber\",\"description\":\"Bine a\u021bi venit!\",\"publisher\":{\"@id\":\"https:\\\/\\\/www.halber.ro\\\/hu\\\/#organization\"},\"potentialAction\":[{\"@type\":\"SearchAction\",\"target\":{\"@type\":\"EntryPoint\",\"urlTemplate\":\"https:\\\/\\\/www.halber.ro\\\/hu\\\/?s={search_term_string}\"},\"query-input\":{\"@type\":\"PropertyValueSpecification\",\"valueRequired\":true,\"valueName\":\"search_term_string\"}}],\"inLanguage\":\"hu\"},{\"@type\":\"Organization\",\"@id\":\"https:\\\/\\\/www.halber.ro\\\/hu\\\/#organization\",\"name\":\"Trade Trust\",\"url\":\"https:\\\/\\\/www.halber.ro\\\/hu\\\/\",\"logo\":{\"@type\":\"ImageObject\",\"inLanguage\":\"hu\",\"@id\":\"https:\\\/\\\/www.halber.ro\\\/hu\\\/#\\\/schema\\\/logo\\\/image\\\/\",\"url\":\"https:\\\/\\\/www.halber.ro\\\/wp-content\\\/uploads\\\/2023\\\/04\\\/Picture1-e1686946354899.png\",\"contentUrl\":\"https:\\\/\\\/www.halber.ro\\\/wp-content\\\/uploads\\\/2023\\\/04\\\/Picture1-e1686946354899.png\",\"width\":1537,\"height\":879,\"caption\":\"Trade Trust\"},\"image\":{\"@id\":\"https:\\\/\\\/www.halber.ro\\\/hu\\\/#\\\/schema\\\/logo\\\/image\\\/\"},\"sameAs\":[\"https:\\\/\\\/www.facebook.com\\\/halber.marketplace\",\"https:\\\/\\\/www.youtube.com\\\/@halber.romania7831\"]}]}<\/script>\n<!-- \/ Yoast SEO plugin. -->","yoast_head_json":{"title":"Utaz\u00f3t\u00e1ska, Kinmac, Boh\u00e9m st\u00edlusu - halber","description":"Ide\u00e1lis utaz\u00f3t\u00e1ska h\u00e9tv\u00e9gi, \u00fczleti vagy szem\u00e9lyes utaz\u00e1sokhoz, t\u00e1gas a legfontosabb dolgok, p\u00e9ld\u00e1ul ruh\u00e1k, cip\u0151k, piperecikkek \u00e9s egy\u00e9b utaz\u00e1si kieg\u00e9sz\u00edt\u0151k becsomagol\u00e1s\u00e1hoz.","robots":{"index":"index","follow":"follow","max-snippet":"max-snippet:-1","max-image-preview":"max-image-preview:large","max-video-preview":"max-video-preview:-1"},"canonical":"https:\/\/www.halber.ro\/hu\/termek\/utazotaska-kinmac-bohem-stilusu\/","og_locale":"hu_HU","og_type":"article","og_title":"Utaz\u00f3t\u00e1ska, Kinmac, Boh\u00e9m st\u00edlusu - halber","og_description":"Ide\u00e1lis utaz\u00f3t\u00e1ska h\u00e9tv\u00e9gi, \u00fczleti vagy szem\u00e9lyes utaz\u00e1sokhoz, t\u00e1gas a legfontosabb dolgok, p\u00e9ld\u00e1ul ruh\u00e1k, cip\u0151k, piperecikkek \u00e9s egy\u00e9b utaz\u00e1si kieg\u00e9sz\u00edt\u0151k becsomagol\u00e1s\u00e1hoz.","og_url":"https:\/\/www.halber.ro\/hu\/termek\/utazotaska-kinmac-bohem-stilusu\/","og_site_name":"halber","article_publisher":"https:\/\/www.facebook.com\/halber.marketplace","article_modified_time":"2023-11-23T13:21:50+00:00","og_image":[{"width":1706,"height":1706,"url":"https:\/\/www.halber.ro\/wp-content\/uploads\/2023\/10\/GNV1BS-4-scaled-e1699527519530-jpg.webp","type":"image\/jpeg"}],"twitter_card":"summary_large_image","twitter_misc":{"Becs\u00fclt olvas\u00e1si id\u0151":"1 perc"},"schema":{"@context":"https:\/\/schema.org","@graph":[{"@type":"WebPage","@id":"https:\/\/www.halber.ro\/hu\/termek\/utazotaska-kinmac-bohem-stilusu\/","url":"https:\/\/www.halber.ro\/hu\/termek\/utazotaska-kinmac-bohem-stilusu\/","name":"Utaz\u00f3t\u00e1ska, Kinmac, Boh\u00e9m st\u00edlusu - halber","isPartOf":{"@id":"https:\/\/www.halber.ro\/hu\/#website"},"primaryImageOfPage":{"@id":"https:\/\/www.halber.ro\/hu\/termek\/utazotaska-kinmac-bohem-stilusu\/#primaryimage"},"image":{"@id":"https:\/\/www.halber.ro\/hu\/termek\/utazotaska-kinmac-bohem-stilusu\/#primaryimage"},"thumbnailUrl":"https:\/\/www.halber.ro\/wp-content\/uploads\/2023\/10\/GNV1BS-4-scaled-e1699527519530-jpg.webp","datePublished":"2023-11-14T12:17:11+00:00","dateModified":"2023-11-23T13:21:50+00:00","description":"Ide\u00e1lis utaz\u00f3t\u00e1ska h\u00e9tv\u00e9gi, \u00fczleti vagy szem\u00e9lyes utaz\u00e1sokhoz, t\u00e1gas a legfontosabb dolgok, p\u00e9ld\u00e1ul ruh\u00e1k, cip\u0151k, piperecikkek \u00e9s egy\u00e9b utaz\u00e1si kieg\u00e9sz\u00edt\u0151k becsomagol\u00e1s\u00e1hoz.","breadcrumb":{"@id":"https:\/\/www.halber.ro\/hu\/termek\/utazotaska-kinmac-bohem-stilusu\/#breadcrumb"},"inLanguage":"hu","potentialAction":[{"@type":"ReadAction","target":["https:\/\/www.halber.ro\/hu\/termek\/utazotaska-kinmac-bohem-stilusu\/"]}]},{"@type":"ImageObject","inLanguage":"hu","@id":"https:\/\/www.halber.ro\/hu\/termek\/utazotaska-kinmac-bohem-stilusu\/#primaryimage","url":"https:\/\/www.halber.ro\/wp-content\/uploads\/2023\/10\/GNV1BS-4-scaled-e1699527519530-jpg.webp","contentUrl":"https:\/\/www.halber.ro\/wp-content\/uploads\/2023\/10\/GNV1BS-4-scaled-e1699527519530-jpg.webp","width":1706,"height":1706,"caption":"Geanta voiaj"},{"@type":"BreadcrumbList","@id":"https:\/\/www.halber.ro\/hu\/termek\/utazotaska-kinmac-bohem-stilusu\/#breadcrumb","itemListElement":[{"@type":"ListItem","position":1,"name":"Home","item":"https:\/\/www.halber.ro\/hu\/"},{"@type":"ListItem","position":2,"name":"Shop","item":"https:\/\/www.halber.ro\/"},{"@type":"ListItem","position":3,"name":"Utaz\u00f3t\u00e1ska, Kinmac, Boh\u00e9m st\u00edlusu"}]},{"@type":"WebSite","@id":"https:\/\/www.halber.ro\/hu\/#website","url":"https:\/\/www.halber.ro\/hu\/","name":"halber","description":"Bine a\u021bi venit!","publisher":{"@id":"https:\/\/www.halber.ro\/hu\/#organization"},"potentialAction":[{"@type":"SearchAction","target":{"@type":"EntryPoint","urlTemplate":"https:\/\/www.halber.ro\/hu\/?s={search_term_string}"},"query-input":{"@type":"PropertyValueSpecification","valueRequired":true,"valueName":"search_term_string"}}],"inLanguage":"hu"},{"@type":"Organization","@id":"https:\/\/www.halber.ro\/hu\/#organization","name":"Trade Trust","url":"https:\/\/www.halber.ro\/hu\/","logo":{"@type":"ImageObject","inLanguage":"hu","@id":"https:\/\/www.halber.ro\/hu\/#\/schema\/logo\/image\/","url":"https:\/\/www.halber.ro\/wp-content\/uploads\/2023\/04\/Picture1-e1686946354899.png","contentUrl":"https:\/\/www.halber.ro\/wp-content\/uploads\/2023\/04\/Picture1-e1686946354899.png","width":1537,"height":879,"caption":"Trade Trust"},"image":{"@id":"https:\/\/www.halber.ro\/hu\/#\/schema\/logo\/image\/"},"sameAs":["https:\/\/www.facebook.com\/halber.marketplace","https:\/\/www.youtube.com\/@halber.romania7831"]}]}},"_links":{"self":[{"href":"https:\/\/www.halber.ro\/hu\/wp-json\/wp\/v2\/product\/19516","targetHints":{"allow":["GET"]}}],"collection":[{"href":"https:\/\/www.halber.ro\/hu\/wp-json\/wp\/v2\/product"}],"about":[{"href":"https:\/\/www.halber.ro\/hu\/wp-json\/wp\/v2\/types\/product"}],"wp:featuredmedia":[{"embeddable":true,"href":"https:\/\/www.halber.ro\/hu\/wp-json\/wp\/v2\/media\/18793"}],"wp:attachment":[{"href":"https:\/\/www.halber.ro\/hu\/wp-json\/wp\/v2\/media?parent=19516"}],"wp:term":[{"taxonomy":"product_brand","embeddable":true,"href":"https:\/\/www.halber.ro\/hu\/wp-json\/wp\/v2\/product_brand?post=19516"},{"taxonomy":"product_cat","embeddable":true,"href":"https:\/\/www.halber.ro\/hu\/wp-json\/wp\/v2\/product_cat?post=19516"},{"taxonomy":"product_tag","embeddable":true,"href":"https:\/\/www.halber.ro\/hu\/wp-json\/wp\/v2\/product_tag?post=19516"}],"curies":[{"name":"wp","href":"https:\/\/api.w.org\/{rel}","templated":true}]}}