{"id":19522,"date":"2023-11-14T14:35:19","date_gmt":"2023-11-14T12:35:19","guid":{"rendered":"https:\/\/www.halber.ro\/?post_type=product&#038;p=19522"},"modified":"2023-11-23T15:10:52","modified_gmt":"2023-11-23T13:10:52","slug":"taska-lady-kinmac-juharlevelu","status":"publish","type":"product","link":"https:\/\/www.halber.ro\/hu\/termek\/taska-lady-kinmac-juharlevelu\/","title":{"rendered":"N\u0151i t\u00e1ska, Kinmac, Juharlev\u00e9l"},"content":{"rendered":"<h3>EG\u00c9SZ\u00cdTSE KI \u00d6LT\u00d6Z\u00c9K\u00c9T EGY SOKOLDAL\u00da \u00c9S ID\u0150TLEN T\u00c1SK\u00c1VAL<\/h3>\n<p>A<strong> Kinmac n\u0151i<\/strong> t\u00e1ska t\u00f6k\u00e9letesen kiemeli a <strong>st\u00edlus\u00e1t<\/strong>. Ez egy <strong>sokoldal\u00fa<\/strong> kieg\u00e9sz\u00edt\u0151, amely megk\u00f6nny\u00edti az \u00e9let\u00e9t!<\/p>\n<p>Rendet tart a t\u00e1sk\u00e1ban a f\u0151 <strong>rekesz<\/strong>.<\/p>\n<p>A t\u00e1ska belsej\u00e9ben<strong> 5 zsebet <\/strong>helyezt\u00fcnk el a fontos apr\u00f3s\u00e1gok sz\u00e1m\u00e1ra &#8211; telefon, laptop vagy tablet, szalv\u00e9tacsomag, eserny\u0151, dokumentumok, jegyzetf\u00fczetek, mapp\u00e1k, k\u00f6nyvek stb&#8230;<strong> <\/strong><\/p>\n<p>\u00cdgy megfelel\u0151en megszervezheti a helyet az \u00f6sszes <strong>l\u00e9nyeges dolog<\/strong> sz\u00e1m\u00e1ra.<\/p>\n<p><strong> 6<\/strong> hozz\u00e1f\u00e9rhet\u0151<strong> zsebbel<\/strong> rendelkezik a k\u00fcls\u0151 oldalon \u00e9s egy kis <strong>cipz\u00e1ras zsebbel<\/strong> a h\u00e1tulj\u00e1n, ahol a k\u00e1rty\u00e1id mindig k\u00e9zn\u00e9l vannak!<\/p>\n<p>Ez egy javaslat minden elfoglalt n\u0151 sz\u00e1m\u00e1ra. Egyr\u00e9szt egy <strong>k\u00e9nyelmes \u00e9s funkcion\u00e1lis<\/strong> t\u00e1ska a legsz\u00fcks\u00e9gesebb dolgok sz\u00e1m\u00e1ra, m\u00e1sr\u00e9szt pedig a bev\u00e1s\u00e1rl\u00e1st is elf\u00e9r benne. \u00cdgy nem kell tartania a bev\u00e1s\u00e1rl\u00e1st, \u00e9s nem kell t\u00f6bb m\u0171anyag zacsk\u00f3t v\u00e1s\u00e1rolnia.<\/p>\n<p>Mivel tudjuk, hogy mindenf\u00e9le holmit fogsz cipelni, a belsej\u00e9t poli\u00e9szter b\u00e9l\u00e9ssel b\u00e9lelt\u00fck ki. <strong>Tart\u00f3s<\/strong> \u00e9s <strong>ellen\u00e1ll\u00f3<\/strong>. \u00cdgy a b\u00e9l\u00e9s <strong>t\u00f6k\u00e9letesen<\/strong> fog kin\u00e9zni, \u00edgy a t\u00e1ska sok\u00e1ig s\u00e9rtetlen marad.<\/p>\n<p>&nbsp;<\/p>\n<p><iframe title=\"Kinmac n\u0151i t\u00e1ska\" src=\"https:\/\/www.youtube.com\/embed\/sy2ckKNdnHE\" width=\"875\" height=\"492\" frameborder=\"0\" allowfullscreen=\"allowfullscreen\"><\/iframe><\/p>\n<p>&nbsp;<\/p>\n<p>&nbsp;<\/p>\n","protected":false},"excerpt":{"rendered":"<p>A Kinmac n\u0151i t\u00e1ska t\u00f6k\u00e9letesen kiemeli a st\u00edlus\u00e1t. Ez egy sokoldal\u00fa kieg\u00e9sz\u00edt\u0151, amely megk\u00f6nny\u00edti az \u00e9let\u00e9t!<\/p>\n","protected":false},"featured_media":18575,"template":"","meta":[],"product_brand":[],"product_cat":[1841],"product_tag":[],"class_list":{"0":"post-19522","1":"product","2":"type-product","3":"status-publish","4":"has-post-thumbnail","6":"product_cat-noi-taskak","7":"product_shipping_class-standard-hu","8":"pa_caracterisitici-cheie-lopasgatlo-zseb","9":"pa_compartimente-exterioare-8-hu","10":"pa_compartimente-interioare-13-hu","11":"pa_compatibilitate-13-3-hu","12":"pa_culoare-bej-hu","13":"pa_culoare-fekete","14":"pa_culoare-kek","15":"pa_culoare-red","16":"pa_culoare-tobbszinu","17":"pa_garantie-comerciala-12-honap","18":"pa_garantie-de-conformitate-24-honap","19":"pa_material-polieszter","20":"pa_tip-produs-valltaska","22":"first","23":"instock","24":"taxable","25":"shipping-taxable","26":"purchasable","27":"product-type-simple"},"yoast_head":"<!-- This site is optimized with the Yoast SEO plugin v27.3 - https:\/\/yoast.com\/product\/yoast-seo-wordpress\/ -->\n<title>N\u0151i t\u00e1ska, Kinmac, Juharlev\u00e9l - halber<\/title>\n<meta name=\"description\" content=\"A Kinmac n\u0151i t\u00e1ska t\u00f6k\u00e9letesen kiemeli a st\u00edlus\u00e1t. Ez egy sokoldal\u00fa kieg\u00e9sz\u00edt\u0151, amely megk\u00f6nny\u00edti az \u00e9let\u00e9t!\" \/>\n<meta name=\"robots\" content=\"index, follow, max-snippet:-1, max-image-preview:large, max-video-preview:-1\" \/>\n<link rel=\"canonical\" href=\"https:\/\/www.halber.ro\/hu\/termek\/taska-lady-kinmac-juharlevelu\/\" \/>\n<meta property=\"og:locale\" content=\"hu_HU\" \/>\n<meta property=\"og:type\" content=\"article\" \/>\n<meta property=\"og:title\" content=\"N\u0151i t\u00e1ska, Kinmac, Juharlev\u00e9l - halber\" \/>\n<meta property=\"og:description\" content=\"A Kinmac n\u0151i t\u00e1ska t\u00f6k\u00e9letesen kiemeli a st\u00edlus\u00e1t. Ez egy sokoldal\u00fa kieg\u00e9sz\u00edt\u0151, amely megk\u00f6nny\u00edti az \u00e9let\u00e9t!\" \/>\n<meta property=\"og:url\" content=\"https:\/\/www.halber.ro\/hu\/termek\/taska-lady-kinmac-juharlevelu\/\" \/>\n<meta property=\"og:site_name\" content=\"halber\" \/>\n<meta property=\"article:publisher\" content=\"https:\/\/www.facebook.com\/halber.marketplace\" \/>\n<meta property=\"article:modified_time\" content=\"2023-11-23T13:10:52+00:00\" \/>\n<meta property=\"og:image\" content=\"https:\/\/www.halber.ro\/wp-content\/uploads\/2023\/10\/GND1MF-4-1-scaled-e1699531507332-jpg.webp\" \/>\n\t<meta property=\"og:image:width\" content=\"1706\" \/>\n\t<meta property=\"og:image:height\" content=\"1706\" \/>\n\t<meta property=\"og:image:type\" content=\"image\/jpeg\" \/>\n<meta name=\"twitter:card\" content=\"summary_large_image\" \/>\n<meta name=\"twitter:label1\" content=\"Becs\u00fclt olvas\u00e1si id\u0151\" \/>\n\t<meta name=\"twitter:data1\" content=\"1 perc\" \/>\n<script type=\"application\/ld+json\" class=\"yoast-schema-graph\">{\"@context\":\"https:\\\/\\\/schema.org\",\"@graph\":[{\"@type\":\"WebPage\",\"@id\":\"https:\\\/\\\/www.halber.ro\\\/hu\\\/termek\\\/taska-lady-kinmac-juharlevelu\\\/\",\"url\":\"https:\\\/\\\/www.halber.ro\\\/hu\\\/termek\\\/taska-lady-kinmac-juharlevelu\\\/\",\"name\":\"N\u0151i t\u00e1ska, Kinmac, Juharlev\u00e9l - halber\",\"isPartOf\":{\"@id\":\"https:\\\/\\\/www.halber.ro\\\/hu\\\/#website\"},\"primaryImageOfPage\":{\"@id\":\"https:\\\/\\\/www.halber.ro\\\/hu\\\/termek\\\/taska-lady-kinmac-juharlevelu\\\/#primaryimage\"},\"image\":{\"@id\":\"https:\\\/\\\/www.halber.ro\\\/hu\\\/termek\\\/taska-lady-kinmac-juharlevelu\\\/#primaryimage\"},\"thumbnailUrl\":\"https:\\\/\\\/www.halber.ro\\\/wp-content\\\/uploads\\\/2023\\\/10\\\/GND1MF-4-1-scaled-e1699531507332-jpg.webp\",\"datePublished\":\"2023-11-14T12:35:19+00:00\",\"dateModified\":\"2023-11-23T13:10:52+00:00\",\"description\":\"A Kinmac n\u0151i t\u00e1ska t\u00f6k\u00e9letesen kiemeli a st\u00edlus\u00e1t. Ez egy sokoldal\u00fa kieg\u00e9sz\u00edt\u0151, amely megk\u00f6nny\u00edti az \u00e9let\u00e9t!\",\"breadcrumb\":{\"@id\":\"https:\\\/\\\/www.halber.ro\\\/hu\\\/termek\\\/taska-lady-kinmac-juharlevelu\\\/#breadcrumb\"},\"inLanguage\":\"hu\",\"potentialAction\":[{\"@type\":\"ReadAction\",\"target\":[\"https:\\\/\\\/www.halber.ro\\\/hu\\\/termek\\\/taska-lady-kinmac-juharlevelu\\\/\"]}]},{\"@type\":\"ImageObject\",\"inLanguage\":\"hu\",\"@id\":\"https:\\\/\\\/www.halber.ro\\\/hu\\\/termek\\\/taska-lady-kinmac-juharlevelu\\\/#primaryimage\",\"url\":\"https:\\\/\\\/www.halber.ro\\\/wp-content\\\/uploads\\\/2023\\\/10\\\/GND1MF-4-1-scaled-e1699531507332-jpg.webp\",\"contentUrl\":\"https:\\\/\\\/www.halber.ro\\\/wp-content\\\/uploads\\\/2023\\\/10\\\/GND1MF-4-1-scaled-e1699531507332-jpg.webp\",\"width\":1706,\"height\":1706,\"caption\":\"Geanta Dama\"},{\"@type\":\"BreadcrumbList\",\"@id\":\"https:\\\/\\\/www.halber.ro\\\/hu\\\/termek\\\/taska-lady-kinmac-juharlevelu\\\/#breadcrumb\",\"itemListElement\":[{\"@type\":\"ListItem\",\"position\":1,\"name\":\"Home\",\"item\":\"https:\\\/\\\/www.halber.ro\\\/hu\\\/\"},{\"@type\":\"ListItem\",\"position\":2,\"name\":\"Shop\",\"item\":\"https:\\\/\\\/www.halber.ro\\\/\"},{\"@type\":\"ListItem\",\"position\":3,\"name\":\"N\u0151i t\u00e1ska, Kinmac, Juharlev\u00e9l\"}]},{\"@type\":\"WebSite\",\"@id\":\"https:\\\/\\\/www.halber.ro\\\/hu\\\/#website\",\"url\":\"https:\\\/\\\/www.halber.ro\\\/hu\\\/\",\"name\":\"halber\",\"description\":\"Bine a\u021bi venit!\",\"publisher\":{\"@id\":\"https:\\\/\\\/www.halber.ro\\\/hu\\\/#organization\"},\"potentialAction\":[{\"@type\":\"SearchAction\",\"target\":{\"@type\":\"EntryPoint\",\"urlTemplate\":\"https:\\\/\\\/www.halber.ro\\\/hu\\\/?s={search_term_string}\"},\"query-input\":{\"@type\":\"PropertyValueSpecification\",\"valueRequired\":true,\"valueName\":\"search_term_string\"}}],\"inLanguage\":\"hu\"},{\"@type\":\"Organization\",\"@id\":\"https:\\\/\\\/www.halber.ro\\\/hu\\\/#organization\",\"name\":\"Trade Trust\",\"url\":\"https:\\\/\\\/www.halber.ro\\\/hu\\\/\",\"logo\":{\"@type\":\"ImageObject\",\"inLanguage\":\"hu\",\"@id\":\"https:\\\/\\\/www.halber.ro\\\/hu\\\/#\\\/schema\\\/logo\\\/image\\\/\",\"url\":\"https:\\\/\\\/www.halber.ro\\\/wp-content\\\/uploads\\\/2023\\\/04\\\/Picture1-e1686946354899.png\",\"contentUrl\":\"https:\\\/\\\/www.halber.ro\\\/wp-content\\\/uploads\\\/2023\\\/04\\\/Picture1-e1686946354899.png\",\"width\":1537,\"height\":879,\"caption\":\"Trade Trust\"},\"image\":{\"@id\":\"https:\\\/\\\/www.halber.ro\\\/hu\\\/#\\\/schema\\\/logo\\\/image\\\/\"},\"sameAs\":[\"https:\\\/\\\/www.facebook.com\\\/halber.marketplace\",\"https:\\\/\\\/www.youtube.com\\\/@halber.romania7831\"]}]}<\/script>\n<!-- \/ Yoast SEO plugin. -->","yoast_head_json":{"title":"N\u0151i t\u00e1ska, Kinmac, Juharlev\u00e9l - halber","description":"A Kinmac n\u0151i t\u00e1ska t\u00f6k\u00e9letesen kiemeli a st\u00edlus\u00e1t. Ez egy sokoldal\u00fa kieg\u00e9sz\u00edt\u0151, amely megk\u00f6nny\u00edti az \u00e9let\u00e9t!","robots":{"index":"index","follow":"follow","max-snippet":"max-snippet:-1","max-image-preview":"max-image-preview:large","max-video-preview":"max-video-preview:-1"},"canonical":"https:\/\/www.halber.ro\/hu\/termek\/taska-lady-kinmac-juharlevelu\/","og_locale":"hu_HU","og_type":"article","og_title":"N\u0151i t\u00e1ska, Kinmac, Juharlev\u00e9l - halber","og_description":"A Kinmac n\u0151i t\u00e1ska t\u00f6k\u00e9letesen kiemeli a st\u00edlus\u00e1t. Ez egy sokoldal\u00fa kieg\u00e9sz\u00edt\u0151, amely megk\u00f6nny\u00edti az \u00e9let\u00e9t!","og_url":"https:\/\/www.halber.ro\/hu\/termek\/taska-lady-kinmac-juharlevelu\/","og_site_name":"halber","article_publisher":"https:\/\/www.facebook.com\/halber.marketplace","article_modified_time":"2023-11-23T13:10:52+00:00","og_image":[{"width":1706,"height":1706,"url":"https:\/\/www.halber.ro\/wp-content\/uploads\/2023\/10\/GND1MF-4-1-scaled-e1699531507332-jpg.webp","type":"image\/jpeg"}],"twitter_card":"summary_large_image","twitter_misc":{"Becs\u00fclt olvas\u00e1si id\u0151":"1 perc"},"schema":{"@context":"https:\/\/schema.org","@graph":[{"@type":"WebPage","@id":"https:\/\/www.halber.ro\/hu\/termek\/taska-lady-kinmac-juharlevelu\/","url":"https:\/\/www.halber.ro\/hu\/termek\/taska-lady-kinmac-juharlevelu\/","name":"N\u0151i t\u00e1ska, Kinmac, Juharlev\u00e9l - halber","isPartOf":{"@id":"https:\/\/www.halber.ro\/hu\/#website"},"primaryImageOfPage":{"@id":"https:\/\/www.halber.ro\/hu\/termek\/taska-lady-kinmac-juharlevelu\/#primaryimage"},"image":{"@id":"https:\/\/www.halber.ro\/hu\/termek\/taska-lady-kinmac-juharlevelu\/#primaryimage"},"thumbnailUrl":"https:\/\/www.halber.ro\/wp-content\/uploads\/2023\/10\/GND1MF-4-1-scaled-e1699531507332-jpg.webp","datePublished":"2023-11-14T12:35:19+00:00","dateModified":"2023-11-23T13:10:52+00:00","description":"A Kinmac n\u0151i t\u00e1ska t\u00f6k\u00e9letesen kiemeli a st\u00edlus\u00e1t. Ez egy sokoldal\u00fa kieg\u00e9sz\u00edt\u0151, amely megk\u00f6nny\u00edti az \u00e9let\u00e9t!","breadcrumb":{"@id":"https:\/\/www.halber.ro\/hu\/termek\/taska-lady-kinmac-juharlevelu\/#breadcrumb"},"inLanguage":"hu","potentialAction":[{"@type":"ReadAction","target":["https:\/\/www.halber.ro\/hu\/termek\/taska-lady-kinmac-juharlevelu\/"]}]},{"@type":"ImageObject","inLanguage":"hu","@id":"https:\/\/www.halber.ro\/hu\/termek\/taska-lady-kinmac-juharlevelu\/#primaryimage","url":"https:\/\/www.halber.ro\/wp-content\/uploads\/2023\/10\/GND1MF-4-1-scaled-e1699531507332-jpg.webp","contentUrl":"https:\/\/www.halber.ro\/wp-content\/uploads\/2023\/10\/GND1MF-4-1-scaled-e1699531507332-jpg.webp","width":1706,"height":1706,"caption":"Geanta Dama"},{"@type":"BreadcrumbList","@id":"https:\/\/www.halber.ro\/hu\/termek\/taska-lady-kinmac-juharlevelu\/#breadcrumb","itemListElement":[{"@type":"ListItem","position":1,"name":"Home","item":"https:\/\/www.halber.ro\/hu\/"},{"@type":"ListItem","position":2,"name":"Shop","item":"https:\/\/www.halber.ro\/"},{"@type":"ListItem","position":3,"name":"N\u0151i t\u00e1ska, Kinmac, Juharlev\u00e9l"}]},{"@type":"WebSite","@id":"https:\/\/www.halber.ro\/hu\/#website","url":"https:\/\/www.halber.ro\/hu\/","name":"halber","description":"Bine a\u021bi venit!","publisher":{"@id":"https:\/\/www.halber.ro\/hu\/#organization"},"potentialAction":[{"@type":"SearchAction","target":{"@type":"EntryPoint","urlTemplate":"https:\/\/www.halber.ro\/hu\/?s={search_term_string}"},"query-input":{"@type":"PropertyValueSpecification","valueRequired":true,"valueName":"search_term_string"}}],"inLanguage":"hu"},{"@type":"Organization","@id":"https:\/\/www.halber.ro\/hu\/#organization","name":"Trade Trust","url":"https:\/\/www.halber.ro\/hu\/","logo":{"@type":"ImageObject","inLanguage":"hu","@id":"https:\/\/www.halber.ro\/hu\/#\/schema\/logo\/image\/","url":"https:\/\/www.halber.ro\/wp-content\/uploads\/2023\/04\/Picture1-e1686946354899.png","contentUrl":"https:\/\/www.halber.ro\/wp-content\/uploads\/2023\/04\/Picture1-e1686946354899.png","width":1537,"height":879,"caption":"Trade Trust"},"image":{"@id":"https:\/\/www.halber.ro\/hu\/#\/schema\/logo\/image\/"},"sameAs":["https:\/\/www.facebook.com\/halber.marketplace","https:\/\/www.youtube.com\/@halber.romania7831"]}]}},"_links":{"self":[{"href":"https:\/\/www.halber.ro\/hu\/wp-json\/wp\/v2\/product\/19522","targetHints":{"allow":["GET"]}}],"collection":[{"href":"https:\/\/www.halber.ro\/hu\/wp-json\/wp\/v2\/product"}],"about":[{"href":"https:\/\/www.halber.ro\/hu\/wp-json\/wp\/v2\/types\/product"}],"wp:featuredmedia":[{"embeddable":true,"href":"https:\/\/www.halber.ro\/hu\/wp-json\/wp\/v2\/media\/18575"}],"wp:attachment":[{"href":"https:\/\/www.halber.ro\/hu\/wp-json\/wp\/v2\/media?parent=19522"}],"wp:term":[{"taxonomy":"product_brand","embeddable":true,"href":"https:\/\/www.halber.ro\/hu\/wp-json\/wp\/v2\/product_brand?post=19522"},{"taxonomy":"product_cat","embeddable":true,"href":"https:\/\/www.halber.ro\/hu\/wp-json\/wp\/v2\/product_cat?post=19522"},{"taxonomy":"product_tag","embeddable":true,"href":"https:\/\/www.halber.ro\/hu\/wp-json\/wp\/v2\/product_tag?post=19522"}],"curies":[{"name":"wp","href":"https:\/\/api.w.org\/{rel}","templated":true}]}}