{"id":20579,"date":"2024-05-08T14:56:33","date_gmt":"2024-05-08T11:56:33","guid":{"rendered":"https:\/\/www.halber.ro\/?post_type=product&#038;p=20579"},"modified":"2024-10-03T13:21:00","modified_gmt":"2024-10-03T10:21:00","slug":"trolley-es-taska-halber-2-az-1-ben-keszlet-zafir-copy","status":"publish","type":"product","link":"https:\/\/www.halber.ro\/hu\/termek\/trolley-es-taska-halber-2-az-1-ben-keszlet-zafir-copy\/","title":{"rendered":"Trolley \u00e9s t\u00e1ska, halber, 2 az 1-ben k\u00e9szlet, K\u00e9k"},"content":{"rendered":"<p>Adjon st\u00edlust \u00e9s sokoldal\u00fas\u00e1got utaz\u00e1saihoz az \u00faj trolley szettekkel Trolley Trolley Trolley: 49x34x20cm T\u00e1ska: 29x29x16cm<\/p>\n","protected":false},"excerpt":{"rendered":"<p>Adjon st\u00edlust \u00e9s sokoldal\u00fas\u00e1got utaz\u00e1saihoz az \u00faj trolley szettekkel<\/p>\n","protected":false},"featured_media":20585,"template":"","meta":[],"product_brand":[],"product_cat":[1766],"product_tag":[],"class_list":{"0":"post-20579","1":"product","2":"type-product","3":"status-publish","4":"has-post-thumbnail","6":"product_cat-utazotaskak","7":"product_shipping_class-nehez-termekek","8":"pa_caracterisitici-cheie-cipzarak-lakkozott-tartoval","9":"pa_caracterisitici-cheie-kocsival-rogzitheto","10":"pa_compartimente-exterioare-8-hu","11":"pa_compartimente-interioare-5-hu","12":"pa_culoare-kek","13":"pa_garantie-comerciala-12-honap","14":"pa_garantie-de-conformitate-24-honap","15":"pa_material-oxford-hu","16":"pa_tip-produs-hatizsak-hu","17":"pa_tip-produs-trolley","18":"pa_tip-produs-valltaska","20":"first","21":"outofstock","22":"taxable","23":"shipping-taxable","24":"purchasable","25":"product-type-simple"},"yoast_head":"<!-- This site is optimized with the Yoast SEO plugin v27.3 - https:\/\/yoast.com\/product\/yoast-seo-wordpress\/ -->\n<title>Trolley \u00e9s t\u00e1ska, halber, 2 az 1-ben k\u00e9szlet, K\u00e9k - halber<\/title>\n<meta name=\"description\" content=\"Adjon st\u00edlust \u00e9s sokoldal\u00fas\u00e1got utaz\u00e1saihoz az \u00faj trolley szettekkel\" \/>\n<meta name=\"robots\" content=\"index, follow, max-snippet:-1, max-image-preview:large, max-video-preview:-1\" \/>\n<link rel=\"canonical\" href=\"https:\/\/www.halber.ro\/hu\/termek\/trolley-es-taska-halber-2-az-1-ben-keszlet-zafir-copy\/\" \/>\n<meta property=\"og:locale\" content=\"hu_HU\" \/>\n<meta property=\"og:type\" content=\"article\" \/>\n<meta property=\"og:title\" content=\"Trolley \u00e9s t\u00e1ska, halber, 2 az 1-ben k\u00e9szlet, K\u00e9k - halber\" \/>\n<meta property=\"og:description\" content=\"Adjon st\u00edlust \u00e9s sokoldal\u00fas\u00e1got utaz\u00e1saihoz az \u00faj trolley szettekkel\" \/>\n<meta property=\"og:url\" content=\"https:\/\/www.halber.ro\/hu\/termek\/trolley-es-taska-halber-2-az-1-ben-keszlet-zafir-copy\/\" \/>\n<meta property=\"og:site_name\" content=\"halber\" \/>\n<meta property=\"article:publisher\" content=\"https:\/\/www.facebook.com\/halber.marketplace\" \/>\n<meta property=\"article:modified_time\" content=\"2024-10-03T10:21:00+00:00\" \/>\n<meta property=\"og:image\" content=\"https:\/\/www.halber.ro\/wp-content\/uploads\/2024\/05\/TR02-13.jpg\" \/>\n\t<meta property=\"og:image:width\" content=\"800\" \/>\n\t<meta property=\"og:image:height\" content=\"800\" \/>\n\t<meta property=\"og:image:type\" content=\"image\/jpeg\" \/>\n<meta name=\"twitter:card\" content=\"summary_large_image\" \/>\n<script type=\"application\/ld+json\" class=\"yoast-schema-graph\">{\"@context\":\"https:\\\/\\\/schema.org\",\"@graph\":[{\"@type\":\"WebPage\",\"@id\":\"https:\\\/\\\/www.halber.ro\\\/hu\\\/termek\\\/trolley-es-taska-halber-2-az-1-ben-keszlet-zafir-copy\\\/\",\"url\":\"https:\\\/\\\/www.halber.ro\\\/hu\\\/termek\\\/trolley-es-taska-halber-2-az-1-ben-keszlet-zafir-copy\\\/\",\"name\":\"Trolley \u00e9s t\u00e1ska, halber, 2 az 1-ben k\u00e9szlet, K\u00e9k - halber\",\"isPartOf\":{\"@id\":\"https:\\\/\\\/www.halber.ro\\\/hu\\\/#website\"},\"primaryImageOfPage\":{\"@id\":\"https:\\\/\\\/www.halber.ro\\\/hu\\\/termek\\\/trolley-es-taska-halber-2-az-1-ben-keszlet-zafir-copy\\\/#primaryimage\"},\"image\":{\"@id\":\"https:\\\/\\\/www.halber.ro\\\/hu\\\/termek\\\/trolley-es-taska-halber-2-az-1-ben-keszlet-zafir-copy\\\/#primaryimage\"},\"thumbnailUrl\":\"https:\\\/\\\/www.halber.ro\\\/wp-content\\\/uploads\\\/2024\\\/05\\\/TR02-13.jpg\",\"datePublished\":\"2024-05-08T11:56:33+00:00\",\"dateModified\":\"2024-10-03T10:21:00+00:00\",\"description\":\"Adjon st\u00edlust \u00e9s sokoldal\u00fas\u00e1got utaz\u00e1saihoz az \u00faj trolley szettekkel\",\"breadcrumb\":{\"@id\":\"https:\\\/\\\/www.halber.ro\\\/hu\\\/termek\\\/trolley-es-taska-halber-2-az-1-ben-keszlet-zafir-copy\\\/#breadcrumb\"},\"inLanguage\":\"hu\",\"potentialAction\":[{\"@type\":\"ReadAction\",\"target\":[\"https:\\\/\\\/www.halber.ro\\\/hu\\\/termek\\\/trolley-es-taska-halber-2-az-1-ben-keszlet-zafir-copy\\\/\"]}]},{\"@type\":\"ImageObject\",\"inLanguage\":\"hu\",\"@id\":\"https:\\\/\\\/www.halber.ro\\\/hu\\\/termek\\\/trolley-es-taska-halber-2-az-1-ben-keszlet-zafir-copy\\\/#primaryimage\",\"url\":\"https:\\\/\\\/www.halber.ro\\\/wp-content\\\/uploads\\\/2024\\\/05\\\/TR02-13.jpg\",\"contentUrl\":\"https:\\\/\\\/www.halber.ro\\\/wp-content\\\/uploads\\\/2024\\\/05\\\/TR02-13.jpg\",\"width\":800,\"height\":800,\"caption\":\"Troler\"},{\"@type\":\"BreadcrumbList\",\"@id\":\"https:\\\/\\\/www.halber.ro\\\/hu\\\/termek\\\/trolley-es-taska-halber-2-az-1-ben-keszlet-zafir-copy\\\/#breadcrumb\",\"itemListElement\":[{\"@type\":\"ListItem\",\"position\":1,\"name\":\"Home\",\"item\":\"https:\\\/\\\/www.halber.ro\\\/hu\\\/\"},{\"@type\":\"ListItem\",\"position\":2,\"name\":\"Shop\",\"item\":\"https:\\\/\\\/www.halber.ro\\\/\"},{\"@type\":\"ListItem\",\"position\":3,\"name\":\"Trolley \u00e9s t\u00e1ska, halber, 2 az 1-ben k\u00e9szlet, K\u00e9k\"}]},{\"@type\":\"WebSite\",\"@id\":\"https:\\\/\\\/www.halber.ro\\\/hu\\\/#website\",\"url\":\"https:\\\/\\\/www.halber.ro\\\/hu\\\/\",\"name\":\"halber\",\"description\":\"Bine a\u021bi venit!\",\"publisher\":{\"@id\":\"https:\\\/\\\/www.halber.ro\\\/hu\\\/#organization\"},\"potentialAction\":[{\"@type\":\"SearchAction\",\"target\":{\"@type\":\"EntryPoint\",\"urlTemplate\":\"https:\\\/\\\/www.halber.ro\\\/hu\\\/?s={search_term_string}\"},\"query-input\":{\"@type\":\"PropertyValueSpecification\",\"valueRequired\":true,\"valueName\":\"search_term_string\"}}],\"inLanguage\":\"hu\"},{\"@type\":\"Organization\",\"@id\":\"https:\\\/\\\/www.halber.ro\\\/hu\\\/#organization\",\"name\":\"Trade Trust\",\"url\":\"https:\\\/\\\/www.halber.ro\\\/hu\\\/\",\"logo\":{\"@type\":\"ImageObject\",\"inLanguage\":\"hu\",\"@id\":\"https:\\\/\\\/www.halber.ro\\\/hu\\\/#\\\/schema\\\/logo\\\/image\\\/\",\"url\":\"https:\\\/\\\/www.halber.ro\\\/wp-content\\\/uploads\\\/2023\\\/04\\\/Picture1-e1686946354899.png\",\"contentUrl\":\"https:\\\/\\\/www.halber.ro\\\/wp-content\\\/uploads\\\/2023\\\/04\\\/Picture1-e1686946354899.png\",\"width\":1537,\"height\":879,\"caption\":\"Trade Trust\"},\"image\":{\"@id\":\"https:\\\/\\\/www.halber.ro\\\/hu\\\/#\\\/schema\\\/logo\\\/image\\\/\"},\"sameAs\":[\"https:\\\/\\\/www.facebook.com\\\/halber.marketplace\",\"https:\\\/\\\/www.youtube.com\\\/@halber.romania7831\"]}]}<\/script>\n<!-- \/ Yoast SEO plugin. -->","yoast_head_json":{"title":"Trolley \u00e9s t\u00e1ska, halber, 2 az 1-ben k\u00e9szlet, K\u00e9k - halber","description":"Adjon st\u00edlust \u00e9s sokoldal\u00fas\u00e1got utaz\u00e1saihoz az \u00faj trolley szettekkel","robots":{"index":"index","follow":"follow","max-snippet":"max-snippet:-1","max-image-preview":"max-image-preview:large","max-video-preview":"max-video-preview:-1"},"canonical":"https:\/\/www.halber.ro\/hu\/termek\/trolley-es-taska-halber-2-az-1-ben-keszlet-zafir-copy\/","og_locale":"hu_HU","og_type":"article","og_title":"Trolley \u00e9s t\u00e1ska, halber, 2 az 1-ben k\u00e9szlet, K\u00e9k - halber","og_description":"Adjon st\u00edlust \u00e9s sokoldal\u00fas\u00e1got utaz\u00e1saihoz az \u00faj trolley szettekkel","og_url":"https:\/\/www.halber.ro\/hu\/termek\/trolley-es-taska-halber-2-az-1-ben-keszlet-zafir-copy\/","og_site_name":"halber","article_publisher":"https:\/\/www.facebook.com\/halber.marketplace","article_modified_time":"2024-10-03T10:21:00+00:00","og_image":[{"width":800,"height":800,"url":"https:\/\/www.halber.ro\/wp-content\/uploads\/2024\/05\/TR02-13.jpg","type":"image\/jpeg"}],"twitter_card":"summary_large_image","schema":{"@context":"https:\/\/schema.org","@graph":[{"@type":"WebPage","@id":"https:\/\/www.halber.ro\/hu\/termek\/trolley-es-taska-halber-2-az-1-ben-keszlet-zafir-copy\/","url":"https:\/\/www.halber.ro\/hu\/termek\/trolley-es-taska-halber-2-az-1-ben-keszlet-zafir-copy\/","name":"Trolley \u00e9s t\u00e1ska, halber, 2 az 1-ben k\u00e9szlet, K\u00e9k - halber","isPartOf":{"@id":"https:\/\/www.halber.ro\/hu\/#website"},"primaryImageOfPage":{"@id":"https:\/\/www.halber.ro\/hu\/termek\/trolley-es-taska-halber-2-az-1-ben-keszlet-zafir-copy\/#primaryimage"},"image":{"@id":"https:\/\/www.halber.ro\/hu\/termek\/trolley-es-taska-halber-2-az-1-ben-keszlet-zafir-copy\/#primaryimage"},"thumbnailUrl":"https:\/\/www.halber.ro\/wp-content\/uploads\/2024\/05\/TR02-13.jpg","datePublished":"2024-05-08T11:56:33+00:00","dateModified":"2024-10-03T10:21:00+00:00","description":"Adjon st\u00edlust \u00e9s sokoldal\u00fas\u00e1got utaz\u00e1saihoz az \u00faj trolley szettekkel","breadcrumb":{"@id":"https:\/\/www.halber.ro\/hu\/termek\/trolley-es-taska-halber-2-az-1-ben-keszlet-zafir-copy\/#breadcrumb"},"inLanguage":"hu","potentialAction":[{"@type":"ReadAction","target":["https:\/\/www.halber.ro\/hu\/termek\/trolley-es-taska-halber-2-az-1-ben-keszlet-zafir-copy\/"]}]},{"@type":"ImageObject","inLanguage":"hu","@id":"https:\/\/www.halber.ro\/hu\/termek\/trolley-es-taska-halber-2-az-1-ben-keszlet-zafir-copy\/#primaryimage","url":"https:\/\/www.halber.ro\/wp-content\/uploads\/2024\/05\/TR02-13.jpg","contentUrl":"https:\/\/www.halber.ro\/wp-content\/uploads\/2024\/05\/TR02-13.jpg","width":800,"height":800,"caption":"Troler"},{"@type":"BreadcrumbList","@id":"https:\/\/www.halber.ro\/hu\/termek\/trolley-es-taska-halber-2-az-1-ben-keszlet-zafir-copy\/#breadcrumb","itemListElement":[{"@type":"ListItem","position":1,"name":"Home","item":"https:\/\/www.halber.ro\/hu\/"},{"@type":"ListItem","position":2,"name":"Shop","item":"https:\/\/www.halber.ro\/"},{"@type":"ListItem","position":3,"name":"Trolley \u00e9s t\u00e1ska, halber, 2 az 1-ben k\u00e9szlet, K\u00e9k"}]},{"@type":"WebSite","@id":"https:\/\/www.halber.ro\/hu\/#website","url":"https:\/\/www.halber.ro\/hu\/","name":"halber","description":"Bine a\u021bi venit!","publisher":{"@id":"https:\/\/www.halber.ro\/hu\/#organization"},"potentialAction":[{"@type":"SearchAction","target":{"@type":"EntryPoint","urlTemplate":"https:\/\/www.halber.ro\/hu\/?s={search_term_string}"},"query-input":{"@type":"PropertyValueSpecification","valueRequired":true,"valueName":"search_term_string"}}],"inLanguage":"hu"},{"@type":"Organization","@id":"https:\/\/www.halber.ro\/hu\/#organization","name":"Trade Trust","url":"https:\/\/www.halber.ro\/hu\/","logo":{"@type":"ImageObject","inLanguage":"hu","@id":"https:\/\/www.halber.ro\/hu\/#\/schema\/logo\/image\/","url":"https:\/\/www.halber.ro\/wp-content\/uploads\/2023\/04\/Picture1-e1686946354899.png","contentUrl":"https:\/\/www.halber.ro\/wp-content\/uploads\/2023\/04\/Picture1-e1686946354899.png","width":1537,"height":879,"caption":"Trade Trust"},"image":{"@id":"https:\/\/www.halber.ro\/hu\/#\/schema\/logo\/image\/"},"sameAs":["https:\/\/www.facebook.com\/halber.marketplace","https:\/\/www.youtube.com\/@halber.romania7831"]}]}},"_links":{"self":[{"href":"https:\/\/www.halber.ro\/hu\/wp-json\/wp\/v2\/product\/20579","targetHints":{"allow":["GET"]}}],"collection":[{"href":"https:\/\/www.halber.ro\/hu\/wp-json\/wp\/v2\/product"}],"about":[{"href":"https:\/\/www.halber.ro\/hu\/wp-json\/wp\/v2\/types\/product"}],"wp:featuredmedia":[{"embeddable":true,"href":"https:\/\/www.halber.ro\/hu\/wp-json\/wp\/v2\/media\/20585"}],"wp:attachment":[{"href":"https:\/\/www.halber.ro\/hu\/wp-json\/wp\/v2\/media?parent=20579"}],"wp:term":[{"taxonomy":"product_brand","embeddable":true,"href":"https:\/\/www.halber.ro\/hu\/wp-json\/wp\/v2\/product_brand?post=20579"},{"taxonomy":"product_cat","embeddable":true,"href":"https:\/\/www.halber.ro\/hu\/wp-json\/wp\/v2\/product_cat?post=20579"},{"taxonomy":"product_tag","embeddable":true,"href":"https:\/\/www.halber.ro\/hu\/wp-json\/wp\/v2\/product_tag?post=20579"}],"curies":[{"name":"wp","href":"https:\/\/api.w.org\/{rel}","templated":true}]}}