{"id":24636,"date":"2025-01-14T13:58:38","date_gmt":"2025-01-14T11:58:38","guid":{"rendered":"https:\/\/www.halber.ro\/?post_type=product&#038;p=24636"},"modified":"2025-02-11T16:08:19","modified_gmt":"2025-02-11T14:08:19","slug":"laptop-hatizsak-kinmac-grey-rose-156-huvelyk","status":"publish","type":"product","link":"https:\/\/www.halber.ro\/hu\/termek\/laptop-hatizsak-kinmac-grey-rose-156-huvelyk\/","title":{"rendered":"Laptop h\u00e1tizs\u00e1k, Kinmac, Grey Rose, 15,6 h\u00fcvelyk"},"content":{"rendered":"<p>H\u00e1tizs\u00e1k a Kinmac kollekci\u00f3b\u00f3l. Korl\u00e1tozott p\u00e9ld\u00e1nysz\u00e1mban.<\/p>\n<p>A Kinmac laptop h\u00e1tizs\u00e1kot 15,6 h\u00fcvelykig terjed\u0151 laptopok, valamint kieg\u00e9sz\u00edt\u0151k t\u00e1rol\u00e1s\u00e1ra \u00e9s sz\u00e1ll\u00edt\u00e1s\u00e1ra tervezt\u00e9k. A tart\u00f3s, k\u00e9nyelmes \u00e9s t\u00e1gas bels\u0151vel rendelkez\u0151 h\u00e1tizs\u00e1k nagyszer\u0171 v\u00e9delmet ny\u00fajt a mindennapi kih\u00edv\u00e1sokhoz.<\/p>\n<p>T\u00f6lt\u0151, tablet, telefon, eg\u00e9r vagy egy\u00e9b kieg\u00e9sz\u00edt\u0151k k\u00f6nnyen t\u00e1rolhat\u00f3k a k\u00fcls\u0151 \u00e9s bels\u0151 terekben. A t\u00f6k\u00e9letes m\u00e9ret \u00e9s a bels\u0151 t\u00e9r nagyon k\u00e9nyelmess\u00e9 teszi az eg\u00e9sz napos sz\u00e1ll\u00edt\u00e1st \u00e9s haszn\u00e1latot.<\/p>\n","protected":false},"excerpt":{"rendered":"<p>A Kinmac laptop h\u00e1tizs\u00e1kot 15,6 h\u00fcvelykig terjed\u0151 laptopok, valamint kieg\u00e9sz\u00edt\u0151k t\u00e1rol\u00e1s\u00e1ra \u00e9s sz\u00e1ll\u00edt\u00e1s\u00e1ra tervezt\u00e9k. A tart\u00f3s, k\u00e9nyelmes \u00e9s t\u00e1gas bels\u0151vel rendelkez\u0151 h\u00e1tizs\u00e1k nagyszer\u0171 v\u00e9delmet ny\u00fajt a mindennapi kih\u00edv\u00e1sokhoz.<\/p>\n","protected":false},"featured_media":24641,"template":"","meta":[],"product_brand":[],"product_cat":[1572],"product_tag":[],"class_list":{"0":"post-24636","1":"product","2":"type-product","3":"status-publish","4":"has-post-thumbnail","6":"product_cat-15-6-huvelykes-laptop-hatizsakok","7":"product_shipping_class-standard-hu","8":"pa_caracterisitici-cheie-kocsival-rogzitheto","9":"pa_caracterisitici-cheie-lopasgatlo-zseb","10":"pa_caracterisitici-cheie-usb-port","11":"pa_compartimente-exterioare-5-hu","12":"pa_compartimente-interioare-8-hu","13":"pa_compatibilitate-13-3-hu","14":"pa_compatibilitate-14-hu","15":"pa_compatibilitate-15-6-hu","16":"pa_culoare-feher","17":"pa_culoare-fekete","18":"pa_culoare-szurke","19":"pa_garantie-comerciala-12-honap","20":"pa_garantie-de-conformitate-24-honap","21":"pa_material-polieszter","22":"pa_tip-produs-hatizsak-hu","24":"first","25":"outofstock","26":"taxable","27":"shipping-taxable","28":"purchasable","29":"product-type-simple"},"yoast_head":"<!-- This site is optimized with the Yoast SEO plugin v27.3 - https:\/\/yoast.com\/product\/yoast-seo-wordpress\/ -->\n<title>Laptop h\u00e1tizs\u00e1k, Kinmac, Grey Rose, 15,6 h\u00fcvelyk - halber<\/title>\n<meta name=\"description\" content=\"H\u00e1tizs\u00e1k a Kinmac kollekci\u00f3b\u00f3l. Korl\u00e1tozott p\u00e9ld\u00e1nysz\u00e1mban.\" \/>\n<meta name=\"robots\" content=\"index, follow, max-snippet:-1, max-image-preview:large, max-video-preview:-1\" \/>\n<link rel=\"canonical\" href=\"https:\/\/www.halber.ro\/hu\/termek\/laptop-hatizsak-kinmac-grey-rose-156-huvelyk\/\" \/>\n<meta property=\"og:locale\" content=\"hu_HU\" \/>\n<meta property=\"og:type\" content=\"article\" \/>\n<meta property=\"og:title\" content=\"Laptop h\u00e1tizs\u00e1k, Kinmac, Grey Rose, 15,6 h\u00fcvelyk - halber\" \/>\n<meta property=\"og:description\" content=\"H\u00e1tizs\u00e1k a Kinmac kollekci\u00f3b\u00f3l. Korl\u00e1tozott p\u00e9ld\u00e1nysz\u00e1mban.\" \/>\n<meta property=\"og:url\" content=\"https:\/\/www.halber.ro\/hu\/termek\/laptop-hatizsak-kinmac-grey-rose-156-huvelyk\/\" \/>\n<meta property=\"og:site_name\" content=\"halber\" \/>\n<meta property=\"article:publisher\" content=\"https:\/\/www.facebook.com\/halber.marketplace\" \/>\n<meta property=\"article:modified_time\" content=\"2025-02-11T14:08:19+00:00\" \/>\n<meta property=\"og:image\" content=\"https:\/\/www.halber.ro\/wp-content\/uploads\/2025\/01\/RS06GR-3.jpg\" \/>\n\t<meta property=\"og:image:width\" content=\"2333\" \/>\n\t<meta property=\"og:image:height\" content=\"2333\" \/>\n\t<meta property=\"og:image:type\" content=\"image\/jpeg\" \/>\n<meta name=\"twitter:card\" content=\"summary_large_image\" \/>\n<meta name=\"twitter:label1\" content=\"Becs\u00fclt olvas\u00e1si id\u0151\" \/>\n\t<meta name=\"twitter:data1\" content=\"1 perc\" \/>\n<script type=\"application\/ld+json\" class=\"yoast-schema-graph\">{\"@context\":\"https:\\\/\\\/schema.org\",\"@graph\":[{\"@type\":\"WebPage\",\"@id\":\"https:\\\/\\\/www.halber.ro\\\/hu\\\/termek\\\/laptop-hatizsak-kinmac-grey-rose-156-huvelyk\\\/\",\"url\":\"https:\\\/\\\/www.halber.ro\\\/hu\\\/termek\\\/laptop-hatizsak-kinmac-grey-rose-156-huvelyk\\\/\",\"name\":\"Laptop h\u00e1tizs\u00e1k, Kinmac, Grey Rose, 15,6 h\u00fcvelyk - halber\",\"isPartOf\":{\"@id\":\"https:\\\/\\\/www.halber.ro\\\/hu\\\/#website\"},\"primaryImageOfPage\":{\"@id\":\"https:\\\/\\\/www.halber.ro\\\/hu\\\/termek\\\/laptop-hatizsak-kinmac-grey-rose-156-huvelyk\\\/#primaryimage\"},\"image\":{\"@id\":\"https:\\\/\\\/www.halber.ro\\\/hu\\\/termek\\\/laptop-hatizsak-kinmac-grey-rose-156-huvelyk\\\/#primaryimage\"},\"thumbnailUrl\":\"https:\\\/\\\/www.halber.ro\\\/wp-content\\\/uploads\\\/2025\\\/01\\\/RS06GR-3.jpg\",\"datePublished\":\"2025-01-14T11:58:38+00:00\",\"dateModified\":\"2025-02-11T14:08:19+00:00\",\"description\":\"H\u00e1tizs\u00e1k a Kinmac kollekci\u00f3b\u00f3l. Korl\u00e1tozott p\u00e9ld\u00e1nysz\u00e1mban.\",\"breadcrumb\":{\"@id\":\"https:\\\/\\\/www.halber.ro\\\/hu\\\/termek\\\/laptop-hatizsak-kinmac-grey-rose-156-huvelyk\\\/#breadcrumb\"},\"inLanguage\":\"hu\",\"potentialAction\":[{\"@type\":\"ReadAction\",\"target\":[\"https:\\\/\\\/www.halber.ro\\\/hu\\\/termek\\\/laptop-hatizsak-kinmac-grey-rose-156-huvelyk\\\/\"]}]},{\"@type\":\"ImageObject\",\"inLanguage\":\"hu\",\"@id\":\"https:\\\/\\\/www.halber.ro\\\/hu\\\/termek\\\/laptop-hatizsak-kinmac-grey-rose-156-huvelyk\\\/#primaryimage\",\"url\":\"https:\\\/\\\/www.halber.ro\\\/wp-content\\\/uploads\\\/2025\\\/01\\\/RS06GR-3.jpg\",\"contentUrl\":\"https:\\\/\\\/www.halber.ro\\\/wp-content\\\/uploads\\\/2025\\\/01\\\/RS06GR-3.jpg\",\"width\":2333,\"height\":2333},{\"@type\":\"BreadcrumbList\",\"@id\":\"https:\\\/\\\/www.halber.ro\\\/hu\\\/termek\\\/laptop-hatizsak-kinmac-grey-rose-156-huvelyk\\\/#breadcrumb\",\"itemListElement\":[{\"@type\":\"ListItem\",\"position\":1,\"name\":\"Home\",\"item\":\"https:\\\/\\\/www.halber.ro\\\/hu\\\/\"},{\"@type\":\"ListItem\",\"position\":2,\"name\":\"Shop\",\"item\":\"https:\\\/\\\/www.halber.ro\\\/\"},{\"@type\":\"ListItem\",\"position\":3,\"name\":\"Laptop h\u00e1tizs\u00e1k, Kinmac, Grey Rose, 15,6 h\u00fcvelyk\"}]},{\"@type\":\"WebSite\",\"@id\":\"https:\\\/\\\/www.halber.ro\\\/hu\\\/#website\",\"url\":\"https:\\\/\\\/www.halber.ro\\\/hu\\\/\",\"name\":\"halber\",\"description\":\"Bine a\u021bi venit!\",\"publisher\":{\"@id\":\"https:\\\/\\\/www.halber.ro\\\/hu\\\/#organization\"},\"potentialAction\":[{\"@type\":\"SearchAction\",\"target\":{\"@type\":\"EntryPoint\",\"urlTemplate\":\"https:\\\/\\\/www.halber.ro\\\/hu\\\/?s={search_term_string}\"},\"query-input\":{\"@type\":\"PropertyValueSpecification\",\"valueRequired\":true,\"valueName\":\"search_term_string\"}}],\"inLanguage\":\"hu\"},{\"@type\":\"Organization\",\"@id\":\"https:\\\/\\\/www.halber.ro\\\/hu\\\/#organization\",\"name\":\"Trade Trust\",\"url\":\"https:\\\/\\\/www.halber.ro\\\/hu\\\/\",\"logo\":{\"@type\":\"ImageObject\",\"inLanguage\":\"hu\",\"@id\":\"https:\\\/\\\/www.halber.ro\\\/hu\\\/#\\\/schema\\\/logo\\\/image\\\/\",\"url\":\"https:\\\/\\\/www.halber.ro\\\/wp-content\\\/uploads\\\/2023\\\/04\\\/Picture1-e1686946354899.png\",\"contentUrl\":\"https:\\\/\\\/www.halber.ro\\\/wp-content\\\/uploads\\\/2023\\\/04\\\/Picture1-e1686946354899.png\",\"width\":1537,\"height\":879,\"caption\":\"Trade Trust\"},\"image\":{\"@id\":\"https:\\\/\\\/www.halber.ro\\\/hu\\\/#\\\/schema\\\/logo\\\/image\\\/\"},\"sameAs\":[\"https:\\\/\\\/www.facebook.com\\\/halber.marketplace\",\"https:\\\/\\\/www.youtube.com\\\/@halber.romania7831\"]}]}<\/script>\n<!-- \/ Yoast SEO plugin. -->","yoast_head_json":{"title":"Laptop h\u00e1tizs\u00e1k, Kinmac, Grey Rose, 15,6 h\u00fcvelyk - halber","description":"H\u00e1tizs\u00e1k a Kinmac kollekci\u00f3b\u00f3l. Korl\u00e1tozott p\u00e9ld\u00e1nysz\u00e1mban.","robots":{"index":"index","follow":"follow","max-snippet":"max-snippet:-1","max-image-preview":"max-image-preview:large","max-video-preview":"max-video-preview:-1"},"canonical":"https:\/\/www.halber.ro\/hu\/termek\/laptop-hatizsak-kinmac-grey-rose-156-huvelyk\/","og_locale":"hu_HU","og_type":"article","og_title":"Laptop h\u00e1tizs\u00e1k, Kinmac, Grey Rose, 15,6 h\u00fcvelyk - halber","og_description":"H\u00e1tizs\u00e1k a Kinmac kollekci\u00f3b\u00f3l. Korl\u00e1tozott p\u00e9ld\u00e1nysz\u00e1mban.","og_url":"https:\/\/www.halber.ro\/hu\/termek\/laptop-hatizsak-kinmac-grey-rose-156-huvelyk\/","og_site_name":"halber","article_publisher":"https:\/\/www.facebook.com\/halber.marketplace","article_modified_time":"2025-02-11T14:08:19+00:00","og_image":[{"width":2333,"height":2333,"url":"https:\/\/www.halber.ro\/wp-content\/uploads\/2025\/01\/RS06GR-3.jpg","type":"image\/jpeg"}],"twitter_card":"summary_large_image","twitter_misc":{"Becs\u00fclt olvas\u00e1si id\u0151":"1 perc"},"schema":{"@context":"https:\/\/schema.org","@graph":[{"@type":"WebPage","@id":"https:\/\/www.halber.ro\/hu\/termek\/laptop-hatizsak-kinmac-grey-rose-156-huvelyk\/","url":"https:\/\/www.halber.ro\/hu\/termek\/laptop-hatizsak-kinmac-grey-rose-156-huvelyk\/","name":"Laptop h\u00e1tizs\u00e1k, Kinmac, Grey Rose, 15,6 h\u00fcvelyk - halber","isPartOf":{"@id":"https:\/\/www.halber.ro\/hu\/#website"},"primaryImageOfPage":{"@id":"https:\/\/www.halber.ro\/hu\/termek\/laptop-hatizsak-kinmac-grey-rose-156-huvelyk\/#primaryimage"},"image":{"@id":"https:\/\/www.halber.ro\/hu\/termek\/laptop-hatizsak-kinmac-grey-rose-156-huvelyk\/#primaryimage"},"thumbnailUrl":"https:\/\/www.halber.ro\/wp-content\/uploads\/2025\/01\/RS06GR-3.jpg","datePublished":"2025-01-14T11:58:38+00:00","dateModified":"2025-02-11T14:08:19+00:00","description":"H\u00e1tizs\u00e1k a Kinmac kollekci\u00f3b\u00f3l. Korl\u00e1tozott p\u00e9ld\u00e1nysz\u00e1mban.","breadcrumb":{"@id":"https:\/\/www.halber.ro\/hu\/termek\/laptop-hatizsak-kinmac-grey-rose-156-huvelyk\/#breadcrumb"},"inLanguage":"hu","potentialAction":[{"@type":"ReadAction","target":["https:\/\/www.halber.ro\/hu\/termek\/laptop-hatizsak-kinmac-grey-rose-156-huvelyk\/"]}]},{"@type":"ImageObject","inLanguage":"hu","@id":"https:\/\/www.halber.ro\/hu\/termek\/laptop-hatizsak-kinmac-grey-rose-156-huvelyk\/#primaryimage","url":"https:\/\/www.halber.ro\/wp-content\/uploads\/2025\/01\/RS06GR-3.jpg","contentUrl":"https:\/\/www.halber.ro\/wp-content\/uploads\/2025\/01\/RS06GR-3.jpg","width":2333,"height":2333},{"@type":"BreadcrumbList","@id":"https:\/\/www.halber.ro\/hu\/termek\/laptop-hatizsak-kinmac-grey-rose-156-huvelyk\/#breadcrumb","itemListElement":[{"@type":"ListItem","position":1,"name":"Home","item":"https:\/\/www.halber.ro\/hu\/"},{"@type":"ListItem","position":2,"name":"Shop","item":"https:\/\/www.halber.ro\/"},{"@type":"ListItem","position":3,"name":"Laptop h\u00e1tizs\u00e1k, Kinmac, Grey Rose, 15,6 h\u00fcvelyk"}]},{"@type":"WebSite","@id":"https:\/\/www.halber.ro\/hu\/#website","url":"https:\/\/www.halber.ro\/hu\/","name":"halber","description":"Bine a\u021bi venit!","publisher":{"@id":"https:\/\/www.halber.ro\/hu\/#organization"},"potentialAction":[{"@type":"SearchAction","target":{"@type":"EntryPoint","urlTemplate":"https:\/\/www.halber.ro\/hu\/?s={search_term_string}"},"query-input":{"@type":"PropertyValueSpecification","valueRequired":true,"valueName":"search_term_string"}}],"inLanguage":"hu"},{"@type":"Organization","@id":"https:\/\/www.halber.ro\/hu\/#organization","name":"Trade Trust","url":"https:\/\/www.halber.ro\/hu\/","logo":{"@type":"ImageObject","inLanguage":"hu","@id":"https:\/\/www.halber.ro\/hu\/#\/schema\/logo\/image\/","url":"https:\/\/www.halber.ro\/wp-content\/uploads\/2023\/04\/Picture1-e1686946354899.png","contentUrl":"https:\/\/www.halber.ro\/wp-content\/uploads\/2023\/04\/Picture1-e1686946354899.png","width":1537,"height":879,"caption":"Trade Trust"},"image":{"@id":"https:\/\/www.halber.ro\/hu\/#\/schema\/logo\/image\/"},"sameAs":["https:\/\/www.facebook.com\/halber.marketplace","https:\/\/www.youtube.com\/@halber.romania7831"]}]}},"_links":{"self":[{"href":"https:\/\/www.halber.ro\/hu\/wp-json\/wp\/v2\/product\/24636","targetHints":{"allow":["GET"]}}],"collection":[{"href":"https:\/\/www.halber.ro\/hu\/wp-json\/wp\/v2\/product"}],"about":[{"href":"https:\/\/www.halber.ro\/hu\/wp-json\/wp\/v2\/types\/product"}],"wp:featuredmedia":[{"embeddable":true,"href":"https:\/\/www.halber.ro\/hu\/wp-json\/wp\/v2\/media\/24641"}],"wp:attachment":[{"href":"https:\/\/www.halber.ro\/hu\/wp-json\/wp\/v2\/media?parent=24636"}],"wp:term":[{"taxonomy":"product_brand","embeddable":true,"href":"https:\/\/www.halber.ro\/hu\/wp-json\/wp\/v2\/product_brand?post=24636"},{"taxonomy":"product_cat","embeddable":true,"href":"https:\/\/www.halber.ro\/hu\/wp-json\/wp\/v2\/product_cat?post=24636"},{"taxonomy":"product_tag","embeddable":true,"href":"https:\/\/www.halber.ro\/hu\/wp-json\/wp\/v2\/product_tag?post=24636"}],"curies":[{"name":"wp","href":"https:\/\/api.w.org\/{rel}","templated":true}]}}